{"id":26466,"date":"2023-05-22T10:03:01","date_gmt":"2023-05-22T13:03:01","guid":{"rendered":"https:\/\/www.swedcham.com.br\/?post_type=product&#038;p=26466"},"modified":"2023-05-22T10:03:04","modified_gmt":"2023-05-22T13:03:04","slug":"as-habilidades-dos-gestores-modernos","status":"publish","type":"product","link":"https:\/\/www.swedcham.com.br\/en\/product\/our-events\/as-habilidades-dos-gestores-modernos\/","title":{"rendered":"<strong>\u00a0<\/strong>As habilidades dos gestores modernos"},"content":{"rendered":"\n<p>A NBCC &#8211; C\u00e2mara de Com\u00e9rcio Noruega Brasil, em parceria com a Swedcham Young Professionals convidam para apresenta\u00e7\u00e3o:<\/p>\n\n\n\n<p><strong>As habilidades dos gestores modernos<\/strong><\/p>\n\n\n\n<p>Neste encontro, o professor e executivo&nbsp;Roberto Bento, escritor do livro <strong>&#8220;As 10 habilidades estrategico-financeiras dos gestores modernos&#8221;<\/strong>&nbsp;nos convidara a refletir sobre quais s\u00e3o as&nbsp;principais habilidades de gest\u00e3o para profissionais que assumiram posi\u00e7\u00f5es de lideran\u00e7a recentemente ou aqueles que est\u00e3o em busca de desenvolvimento e aprimoramento das suas carreiras.<\/p>\n\n\n\n<p><strong>Convidado:<\/strong><\/p>\n\n\n\n<div class=\"wp-block-columns is-layout-flex wp-container-core-columns-is-layout-9d6595d7 wp-block-columns-is-layout-flex\">\n<div class=\"wp-block-column is-layout-flow wp-block-column-is-layout-flow\" style=\"flex-basis:20%\">\n<figure class=\"wp-block-image size-full is-style-default\"><a href=\"https:\/\/www.swedcham.com.br\/wp-content\/uploads\/2023\/05\/rob.png\"><img loading=\"lazy\" decoding=\"async\" width=\"334\" height=\"484\" src=\"https:\/\/www.swedcham.com.br\/wp-content\/uploads\/2023\/05\/rob.png\" alt=\"\" class=\"wp-image-26469\" srcset=\"https:\/\/www.swedcham.com.br\/wp-content\/uploads\/2023\/05\/rob.png 334w, https:\/\/www.swedcham.com.br\/wp-content\/uploads\/2023\/05\/rob-207x300.png 207w\" sizes=\"auto, (max-width: 334px) 100vw, 334px\" \/><\/a><\/figure>\n<\/div>\n\n\n\n<div class=\"wp-block-column is-layout-flow wp-block-column-is-layout-flow\" style=\"flex-basis:80%\">\n<p><strong>Roberto Nepomuceno Bento<\/strong> \u00e9 executivo financeiro, com experi\u00eancia em diversas posi\u00e7\u00f5es de gest\u00e3o nas ind\u00fastrias de petr\u00f3leo e g\u00e1s e educa\u00e7\u00e3o executiva. Mestre e bacharel em economia pela Northern Illinois University (EUA), bacharel em ci\u00eancias cont\u00e1beis pela Trevisan Escola de Neg\u00f3cios, tecn\u00f3logo em neg\u00f3cios pela Rock Valley College e MBA Executivo em Finan\u00e7as pelo IBMEC-RJ, o autor recebeu os pr\u00eamios \u201cLincoln Laureatte Award\u201d em 2004, \u201cSkeels Scholarship Award\u201d de melhor aluno de economia em 2004, \u201cAll-USA Academic Team Award\u201d em 2002, \u201cR. David Gustafson Prize in Mathematics\u201d em 2002 e \u201cPr\u00eamio M\u00e9rito Cont\u00e1bil CRCRJ\u201d em 2018. Al\u00e9m de executivo, Roberto Bento atua como professor de disciplinas de finan\u00e7as em programas de MBA, \u00e9 palestrante, mentor e, de agora em diante, escritor.&nbsp;<\/p>\n<\/div>\n<\/div>\n\n\n\n<p><strong>Quando:&nbsp;<\/strong><br>Quarta-feira &#8211; 24 de maio, 17:30h<\/p>\n\n\n\n<p><strong>Onde:<\/strong><br>Swedcham &#8211; Rua Oscar Freire, 379 &#8211; cj 121<\/p>\n\n\n\n<p><em><strong>O palestrante estar\u00e1 online. O evento ser\u00e1 transmitido no tel\u00e3o da C\u00e2mara Sueca, e ap\u00f3s o evento continuamos o networking com um Happy Hour cortesia.<\/strong><\/em><\/p>\n\n\n\n<p><strong>RSVP: by 23 de maio<\/strong><\/p>\n\n\n\n<p><strong>Em parceria com:<\/strong><\/p>\n\n\n\n<figure class=\"wp-block-image size-full\"><a href=\"https:\/\/www.swedcham.com.br\/wp-content\/uploads\/2017\/02\/nbcc-1.png\"><img loading=\"lazy\" decoding=\"async\" width=\"167\" height=\"124\" src=\"https:\/\/www.swedcham.com.br\/wp-content\/uploads\/2017\/02\/nbcc-1.png\" alt=\"\" class=\"wp-image-13538\"\/><\/a><\/figure>\n\n\n\n<p><\/p>\n\n\n\n<div class=\"wp-block-buttons is-layout-flex wp-block-buttons-is-layout-flex\">\n<div class=\"wp-block-button has-custom-width wp-block-button__width-75\"><a class=\"wp-block-button__link wp-element-button\" href=\"https:\/\/docs.google.com\/forms\/d\/e\/1FAIpQLScVwIM9scTbGa_KIrWL20-vDwXXkgEejQXShz0K_esQNwIsLg\/viewform?vc=0&amp;c=0&amp;w=1&amp;flr=0\">Clique aqui e confirme sua presen\u00e7a!<\/a><\/div>\n<\/div>\n\n\n\n<p><\/p>\n","protected":false},"excerpt":{"rendered":"<p>A NBCC &#8211; C\u00e2mara de Com\u00e9rcio Noruega Brasil, em parceria com a Swedcham Young Professionals convidam para apresenta\u00e7\u00e3o: As habilidades<\/p>\n","protected":false},"featured_media":26476,"template":"","meta":[],"product_brand":[],"product_cat":[228],"product_tag":[],"class_list":{"0":"post-26466","1":"product","2":"type-product","3":"status-publish","4":"has-post-thumbnail","6":"product_cat-our-events","8":"first","9":"instock","10":"shipping-taxable","11":"product-type-simple"},"_links":{"self":[{"href":"https:\/\/www.swedcham.com.br\/en\/wp-json\/wp\/v2\/product\/26466","targetHints":{"allow":["GET"]}}],"collection":[{"href":"https:\/\/www.swedcham.com.br\/en\/wp-json\/wp\/v2\/product"}],"about":[{"href":"https:\/\/www.swedcham.com.br\/en\/wp-json\/wp\/v2\/types\/product"}],"wp:featuredmedia":[{"embeddable":true,"href":"https:\/\/www.swedcham.com.br\/en\/wp-json\/wp\/v2\/media\/26476"}],"wp:attachment":[{"href":"https:\/\/www.swedcham.com.br\/en\/wp-json\/wp\/v2\/media?parent=26466"}],"wp:term":[{"taxonomy":"product_brand","embeddable":true,"href":"https:\/\/www.swedcham.com.br\/en\/wp-json\/wp\/v2\/product_brand?post=26466"},{"taxonomy":"product_cat","embeddable":true,"href":"https:\/\/www.swedcham.com.br\/en\/wp-json\/wp\/v2\/product_cat?post=26466"},{"taxonomy":"product_tag","embeddable":true,"href":"https:\/\/www.swedcham.com.br\/en\/wp-json\/wp\/v2\/product_tag?post=26466"}],"curies":[{"name":"wp","href":"https:\/\/api.w.org\/{rel}","templated":true}]}}