{"id":26287,"date":"2023-03-06T10:09:06","date_gmt":"2023-03-06T13:09:06","guid":{"rendered":"https:\/\/www.swedcham.com.br\/?post_type=product&#038;p=26287"},"modified":"2023-03-14T08:52:10","modified_gmt":"2023-03-14T11:52:10","slug":"precos-de-transferencia-e-convergencia-com-a-ocde-desafios-futuros","status":"publish","type":"product","link":"https:\/\/www.swedcham.com.br\/en\/product\/our-events\/precos-de-transferencia-e-convergencia-com-a-ocde-desafios-futuros\/","title":{"rendered":"<strong>Pre\u00e7os de Transfer\u00eancia e Converg\u00eancia com a OCDE: Desafios Futuros<\/strong>"},"content":{"rendered":"\n<p>O Comit\u00ea Jur\u00eddico &amp; Neg\u00f3cios da Swedcham convida&nbsp;para a palestra:<br><br><strong>Pre\u00e7os de Transfer\u00eancia e Converg\u00eancia com a OCDE: Desafios Futuros<\/strong><br><br>Atrav\u00e9s da publica\u00e7\u00e3o da Medida Provis\u00f3ria n\u00ba 1.152\/2022, o Brasil deu um importante passo rumo ao alinhamento das suas regras de pre\u00e7os de transfer\u00eancia ao padr\u00e3o da OCDE. Com isso, as normas brasileiras passam a estar alinhadas \u00e0s pr\u00e1ticas internacionais de controle de pre\u00e7os de transfer\u00eancia. Essa nova orienta\u00e7\u00e3o trar\u00e1, inevitavelmente, desafios, haja vista o seu novo escopo e a not\u00f3ria complexidade envolvida na sua aplica\u00e7\u00e3o, quando comparada ao regramento anterior, fortemente calcado na praticabilidade da sua aplica\u00e7\u00e3o.<\/p>\n\n\n\n<p><br><strong>N\u00e3o perca esse bate papo atual de extrema&nbsp;relev\u00e2ncia!<\/strong><\/p>\n\n\n\n<p><\/p>\n\n\n\n<p><\/p>\n\n\n\n<div class=\"wp-block-columns is-layout-flex wp-container-core-columns-is-layout-9d6595d7 wp-block-columns-is-layout-flex\">\n<div class=\"wp-block-column is-layout-flow wp-block-column-is-layout-flow\" style=\"flex-basis:25%\">\n<figure class=\"wp-block-image size-full\"><a href=\"https:\/\/www.swedcham.com.br\/wp-content\/uploads\/2023\/03\/Roberto2.jpg\"><img loading=\"lazy\" decoding=\"async\" width=\"400\" height=\"600\" src=\"https:\/\/www.swedcham.com.br\/wp-content\/uploads\/2023\/03\/Roberto2.jpg\" alt=\"\" class=\"wp-image-26288\" srcset=\"https:\/\/www.swedcham.com.br\/wp-content\/uploads\/2023\/03\/Roberto2.jpg 400w, https:\/\/www.swedcham.com.br\/wp-content\/uploads\/2023\/03\/Roberto2-200x300.jpg 200w\" sizes=\"auto, (max-width: 400px) 100vw, 400px\" \/><\/a><\/figure>\n<\/div>\n\n\n\n<div class=\"wp-block-column is-layout-flow wp-block-column-is-layout-flow\" style=\"flex-basis:75%\">\n<p><strong>Dr. Roberto Codorniz Leite Pereira &#8211;<\/strong>&nbsp;Professor do Mestrado Profissional em Direito Tribut\u00e1rio Internacional e Desenvolvimento do Instituto Brasileiro de Direito Tribut\u00e1rio (IBDT). Doutor em Direito Econ\u00f4mico, Financeiro e Tribut\u00e1rio pela Faculdade de Direito da Universidade de S\u00e3o Paulo (FDUSP). Master of Laws (LL.M.) em Direito Tribut\u00e1rio Internacional (International Tax Law) pela Wirtschaftsuniversit\u00e4t Wien (WU). S\u00f3cio do Maneira Advogados.<\/p>\n<\/div>\n<\/div>\n\n\n\n<p><strong>Quando:&nbsp;<\/strong><\/p>\n\n\n\n<p>Quarta-feira, 29 de mar\u00e7o, \u00e0s 08:30hs<\/p>\n\n\n\n<p><strong>Onde:<\/strong> <strong>Swedcham<\/strong><br>Rua Oscar Freire, 379 &#8211; Cj 121<\/p>\n\n\n\n<p><strong>Agenda:<\/strong><\/p>\n\n\n\n<p>08.30&nbsp;&#8211; Abertura &#8211; <strong>Dr. Renato Pacheco<\/strong>,&nbsp;Coordenador do Legal Committee e Presidente da CAE &#8211; EUROC\u00c2MARAS &#8211; C\u00e2mara de Arbitragem e Media\u00e7\u00e3o das Euroc\u00e2maras&nbsp;<br><br>08:35 &#8211; Palestra <strong>Dr. Roberto Codorniz Leite Pereira<\/strong><\/p>\n\n\n\n<p>10:00 &#8211; Encerramento&nbsp;<\/p>\n\n\n\n<p><br>RSVP&nbsp;at\u00e9 28\/03 &#8211; eventos@swedcham.com.br<\/p>\n\n\n\n<div class=\"wp-block-buttons is-content-justification-space-between is-layout-flex wp-container-core-buttons-is-layout-3d213aab wp-block-buttons-is-layout-flex\"><\/div>\n","protected":false},"excerpt":{"rendered":"<p>O Comit\u00ea Jur\u00eddico &amp; Neg\u00f3cios da Swedcham convida&nbsp;para a palestra: Pre\u00e7os de Transfer\u00eancia e Converg\u00eancia com a OCDE: Desafios Futuros<\/p>\n","protected":false},"featured_media":26293,"template":"","meta":[],"product_brand":[],"product_cat":[228],"product_tag":[],"class_list":{"0":"post-26287","1":"product","2":"type-product","3":"status-publish","4":"has-post-thumbnail","6":"product_cat-our-events","8":"first","9":"instock","10":"shipping-taxable","11":"product-type-simple"},"_links":{"self":[{"href":"https:\/\/www.swedcham.com.br\/en\/wp-json\/wp\/v2\/product\/26287","targetHints":{"allow":["GET"]}}],"collection":[{"href":"https:\/\/www.swedcham.com.br\/en\/wp-json\/wp\/v2\/product"}],"about":[{"href":"https:\/\/www.swedcham.com.br\/en\/wp-json\/wp\/v2\/types\/product"}],"wp:featuredmedia":[{"embeddable":true,"href":"https:\/\/www.swedcham.com.br\/en\/wp-json\/wp\/v2\/media\/26293"}],"wp:attachment":[{"href":"https:\/\/www.swedcham.com.br\/en\/wp-json\/wp\/v2\/media?parent=26287"}],"wp:term":[{"taxonomy":"product_brand","embeddable":true,"href":"https:\/\/www.swedcham.com.br\/en\/wp-json\/wp\/v2\/product_brand?post=26287"},{"taxonomy":"product_cat","embeddable":true,"href":"https:\/\/www.swedcham.com.br\/en\/wp-json\/wp\/v2\/product_cat?post=26287"},{"taxonomy":"product_tag","embeddable":true,"href":"https:\/\/www.swedcham.com.br\/en\/wp-json\/wp\/v2\/product_tag?post=26287"}],"curies":[{"name":"wp","href":"https:\/\/api.w.org\/{rel}","templated":true}]}}