{"id":26052,"date":"2022-12-01T18:15:24","date_gmt":"2022-12-01T21:15:24","guid":{"rendered":"https:\/\/www.swedcham.com.br\/?post_type=product&#038;p=26052"},"modified":"2022-12-01T18:26:41","modified_gmt":"2022-12-01T21:26:41","slug":"friday-fika-de-natal-presencial-no-restaurante-escandinavo","status":"publish","type":"product","link":"https:\/\/www.swedcham.com.br\/en\/product\/our-events\/friday-fika\/friday-fika-de-natal-presencial-no-restaurante-escandinavo\/","title":{"rendered":"Friday Fika de Natal Presencial no Restaurante Escandinavo!"},"content":{"rendered":"<div class=\"wp-block-image\">\n<figure class=\"alignleft size-full\"><a href=\"https:\/\/www.swedcham.com.br\/wp-content\/uploads\/2022\/12\/image.png\"><img loading=\"lazy\" decoding=\"async\" width=\"300\" height=\"450\" src=\"https:\/\/www.swedcham.com.br\/wp-content\/uploads\/2022\/12\/image.png\" alt=\"\" class=\"wp-image-26054\" srcset=\"https:\/\/www.swedcham.com.br\/wp-content\/uploads\/2022\/12\/image.png 300w, https:\/\/www.swedcham.com.br\/wp-content\/uploads\/2022\/12\/image-200x300.png 200w\" sizes=\"auto, (max-width: 300px) 100vw, 300px\" \/><\/a><\/figure>\n<\/div>\n\n\n<p><strong>Venha tomar um\u00a0caf\u00e9 nesta sexta-feira, dia 02 de dezembro,\u00a0\u00e0s 10h00 no novo espa\u00e7o\u00a0do Restaurante Escandinavo!\u00a0Prepare-se\u00a0para o Natal sueco<\/strong> nesse evento culin\u00e1rio\u00a0direto da cozinha do Escandinavo com\u00a0<em>Jonas Lindstr\u00f6m e\u00a0Denise Guerschman.<\/em><br><br><strong>Ao\u00a0redor do fog\u00e3o<\/strong>, Jonas e Denise v\u00e3o\u00a0compartilhar suas mem\u00f3rias das tradi\u00e7\u00f5es natalinas na Su\u00e9cia e Escandinavia, enquanto\u00a0ser\u00e1 preparado ao vivo uma deliciosa kransekake!<br><br>Voc\u00ea que \u00e9 de S\u00e3o Paulo, venha participar ao vivo neste Fika com caf\u00e9, cookies de gengibre e kransekake!\u00a0<strong>O restaurante tamb\u00e9m tem uma lojinha de produtos n\u00f3rdicos, aproveite e fa\u00e7a suas compras de Natal!<\/strong><\/p>\n\n\n\n<p>Para quem est\u00e1 longe, o evento ser\u00e1 transmitido pelo nosso canal no YouTube.<\/p>\n\n\n\n<p><\/p>\n\n\n\n<p>Esperamos voc\u00eas!\u00a0<\/p>\n\n\n\n<p><strong>Quando:<\/strong><br>Sexta-feira, 02 de dezembro \u00e0s 10h<br><br><strong>Onde:<\/strong><br><strong>Restaurante Escandinavo<\/strong><br>Rua Mourato Coelho, 1365 &#8211; Pinheiros<br>S\u00e3o Paulo &#8211; SP 05417-012<br><br><strong>Investimento:<\/strong><br>Cortesia para associados da C\u00e2mara Sueca.<br><br><strong>RSVP: <\/strong><a rel=\"noreferrer noopener\" href=\"mailto:eventos@swedcham.com.br?subject=FRIDAY%20FIKA\" target=\"_blank\">eventos@swedcham.com.br<\/a><br><br><strong>VAGAS LIMITADAS!<\/strong><\/p>\n\n\n\n<p><br><br><\/p>\n","protected":false},"excerpt":{"rendered":"<p>Venha tomar um\u00a0caf\u00e9 nesta sexta-feira, dia 02 de dezembro,\u00a0\u00e0s 10h00 no novo espa\u00e7o\u00a0do Restaurante Escandinavo!\u00a0Prepare-se\u00a0para o Natal sueco nesse evento<\/p>\n","protected":false},"featured_media":26057,"template":"","meta":[],"product_brand":[],"product_cat":[199],"product_tag":[],"class_list":{"0":"post-26052","1":"product","2":"type-product","3":"status-publish","4":"has-post-thumbnail","6":"product_cat-friday-fika","8":"first","9":"instock","10":"shipping-taxable","11":"product-type-simple"},"_links":{"self":[{"href":"https:\/\/www.swedcham.com.br\/en\/wp-json\/wp\/v2\/product\/26052","targetHints":{"allow":["GET"]}}],"collection":[{"href":"https:\/\/www.swedcham.com.br\/en\/wp-json\/wp\/v2\/product"}],"about":[{"href":"https:\/\/www.swedcham.com.br\/en\/wp-json\/wp\/v2\/types\/product"}],"wp:featuredmedia":[{"embeddable":true,"href":"https:\/\/www.swedcham.com.br\/en\/wp-json\/wp\/v2\/media\/26057"}],"wp:attachment":[{"href":"https:\/\/www.swedcham.com.br\/en\/wp-json\/wp\/v2\/media?parent=26052"}],"wp:term":[{"taxonomy":"product_brand","embeddable":true,"href":"https:\/\/www.swedcham.com.br\/en\/wp-json\/wp\/v2\/product_brand?post=26052"},{"taxonomy":"product_cat","embeddable":true,"href":"https:\/\/www.swedcham.com.br\/en\/wp-json\/wp\/v2\/product_cat?post=26052"},{"taxonomy":"product_tag","embeddable":true,"href":"https:\/\/www.swedcham.com.br\/en\/wp-json\/wp\/v2\/product_tag?post=26052"}],"curies":[{"name":"wp","href":"https:\/\/api.w.org\/{rel}","templated":true}]}}