{"id":25945,"date":"2022-12-05T14:56:00","date_gmt":"2022-12-05T17:56:00","guid":{"rendered":"https:\/\/www.swedcham.com.br\/?post_type=product&#038;p=25945"},"modified":"2022-12-06T13:45:26","modified_gmt":"2022-12-06T16:45:26","slug":"comemore-o-natal-com-a-swedcham","status":"publish","type":"product","link":"https:\/\/www.swedcham.com.br\/en\/product\/our-events\/comemore-o-natal-com-a-swedcham\/","title":{"rendered":"<strong>Quartas de final contra Cro\u00e1cia com bebidas e comidas suecas!<\/strong>"},"content":{"rendered":"<div class=\"wp-block-image\">\n<figure class=\"aligncenter size-full\"><a href=\"https:\/\/www.swedcham.com.br\/wp-content\/uploads\/2022\/11\/jul2.jpg\"><img loading=\"lazy\" decoding=\"async\" width=\"300\" height=\"168\" src=\"https:\/\/www.swedcham.com.br\/wp-content\/uploads\/2022\/11\/jul2.jpg\" alt=\"\" class=\"wp-image-25950\"\/><\/a><\/figure>\n<\/div>\n\n\n<p><\/p>\n\n\n\n<h2 class=\"has-text-align-center wp-block-heading\" id=\":2ri\"><strong><mark style=\"background-color:rgba(0, 0, 0, 0);color:#045b3b\" class=\"has-inline-color\">Quartas de final contra Cro\u00e1cia com bebidas e comidas suecas!<\/mark><\/strong><\/h2>\n\n\n\n<p class=\"has-text-align-center has-medium-font-size\"><strong><mark style=\"background-color:rgba(0, 0, 0, 0);color:#013756\" class=\"has-inline-color\">Chamem seus amigos e venham torcer juntos pelo Brasil!<\/mark><\/strong><\/p>\n\n\n\n<p>&nbsp; &nbsp; &nbsp; &nbsp; &nbsp; &nbsp; &nbsp; &nbsp; &nbsp; &nbsp; &nbsp; &nbsp; &nbsp; &nbsp;  &nbsp;&nbsp;                <strong>11:30<\/strong> Esquenta &#8211; abertura do bar e boas vindas!<br>&nbsp; &nbsp; &nbsp; &nbsp; &nbsp; &nbsp; &nbsp; &nbsp; &nbsp; &nbsp; &nbsp; &nbsp; &nbsp; &nbsp; &nbsp; &nbsp;<strong>12:00<\/strong> Jogo do Brasil x Cro\u00e1cia<br>&nbsp; &nbsp; &nbsp; &nbsp; &nbsp; &nbsp; &nbsp; &nbsp; &nbsp; &nbsp; &nbsp; &nbsp; &nbsp; &nbsp; &nbsp;&nbsp;&nbsp;<strong>13:00<\/strong>&nbsp;Segundo tempo e almo\u00e7o&nbsp;<br>&nbsp; &nbsp; &nbsp; &nbsp; &nbsp; &nbsp; &nbsp; &nbsp; &nbsp; &nbsp; &nbsp; &nbsp; &nbsp;  &nbsp;   &nbsp;  <strong>14:00 <\/strong>Sorteios \/ m\u00fasica e divers\u00e3o<\/p>\n\n\n\n<p><strong>Julbord<\/strong>:&nbsp;<strong>gravad lax-<\/strong>&nbsp;salm\u00e3o marinado cl\u00e1ssico com dill,&nbsp;<strong>r\u00f6kt lax<\/strong>&nbsp;&#8211; salm\u00e3o defumado,&nbsp;<strong>sill<\/strong>&nbsp;&#8211; arenque marinado,&nbsp;<strong>prinskorv<\/strong>&nbsp;&#8211; mini salsicha,&nbsp;<strong>k\u00f6ttbullar<\/strong>&nbsp;&#8211; alm\u00f4ndegas,&nbsp;<strong>julskinka<\/strong>&nbsp;&#8211; tender,&nbsp;<strong>Janssons frestelse<\/strong>&nbsp;&#8211; gratinado de batata com anchovas,&nbsp;<strong>r\u00f6dbetssallad&nbsp;<\/strong>&#8211; salada de beterraba,&nbsp;<strong>\u00e4gg med kaviar&nbsp;<\/strong>&#8211; ovos com caviar, queijos, p\u00e3es suecos entre outros.<br><br><strong>Sobremesas:&nbsp;<\/strong>Salada de frutas da esta\u00e7\u00e3o e sorvete de creme<br>&nbsp;<br><strong>Open Bar:&nbsp;<\/strong>Caipirinhas, Snaps &#8211; Aquavit, Cider e Cerveja sueca<br><\/p>\n\n\n\n<p><strong>Juntando&nbsp;7 ou 8 amigos ainda d\u00e1&nbsp;para reservar uma mesa!<\/strong><br><br><strong>Haver\u00e3o&nbsp;sorteios&nbsp;de&nbsp;pr\u00eamios&nbsp;doados por nossos associados!<\/strong><br><br><strong>N\u00e3o percam o Natal mais sueco do Brasil!&nbsp;<\/strong><\/p>\n\n\n\n<p><\/p>\n\n\n\n<p><strong>Quando:\u00a0<\/strong><br>Sexta-feira, \u00a009 de dezembro \u00e0s 11h30<\/p>\n\n\n\n<p><strong>Onde:<\/strong><br><strong>Scandinavium<\/strong><br>Rua Job Lane, 1030<br>Jardim Petr\u00f3polis, S\u00e3o Paulo, 04639-001<\/p>\n\n\n\n<p><strong>Investimento:&nbsp;<\/strong><br>Associados: R$190,00<br>Casal associados: R$350,00<br>N\u00e3o associados: R$250,00<br>Casal n\u00e3o associados: R$460,00<\/p>\n\n\n\n<p>RSVP&nbsp;at\u00e9 07\/12<\/p>\n\n\n\n<p><\/p>\n\n\n\n<figure class=\"wp-block-image size-full is-resized\"><a href=\"https:\/\/www.swedcham.com.br\/wp-content\/uploads\/2022\/11\/BANNER.jpg\"><img loading=\"lazy\" decoding=\"async\" src=\"https:\/\/www.swedcham.com.br\/wp-content\/uploads\/2022\/11\/BANNER.jpg\" alt=\"\" class=\"wp-image-25974\" width=\"418\" height=\"90\" srcset=\"https:\/\/www.swedcham.com.br\/wp-content\/uploads\/2022\/11\/BANNER.jpg 534w, https:\/\/www.swedcham.com.br\/wp-content\/uploads\/2022\/11\/BANNER-300x65.jpg 300w\" sizes=\"auto, (max-width: 418px) 100vw, 418px\" \/><\/a><\/figure>\n","protected":false},"excerpt":{"rendered":"<p>Quartas de final contra Cro\u00e1cia com bebidas e comidas suecas! Chamem seus amigos e venham torcer juntos pelo Brasil! &nbsp;<\/p>\n","protected":false},"featured_media":26080,"template":"","meta":[],"product_brand":[],"product_cat":[228],"product_tag":[],"class_list":{"0":"post-25945","1":"product","2":"type-product","3":"status-publish","4":"has-post-thumbnail","6":"product_cat-our-events","8":"first","9":"instock","10":"shipping-taxable","11":"purchasable","12":"product-type-variable"},"_links":{"self":[{"href":"https:\/\/www.swedcham.com.br\/en\/wp-json\/wp\/v2\/product\/25945","targetHints":{"allow":["GET"]}}],"collection":[{"href":"https:\/\/www.swedcham.com.br\/en\/wp-json\/wp\/v2\/product"}],"about":[{"href":"https:\/\/www.swedcham.com.br\/en\/wp-json\/wp\/v2\/types\/product"}],"wp:featuredmedia":[{"embeddable":true,"href":"https:\/\/www.swedcham.com.br\/en\/wp-json\/wp\/v2\/media\/26080"}],"wp:attachment":[{"href":"https:\/\/www.swedcham.com.br\/en\/wp-json\/wp\/v2\/media?parent=25945"}],"wp:term":[{"taxonomy":"product_brand","embeddable":true,"href":"https:\/\/www.swedcham.com.br\/en\/wp-json\/wp\/v2\/product_brand?post=25945"},{"taxonomy":"product_cat","embeddable":true,"href":"https:\/\/www.swedcham.com.br\/en\/wp-json\/wp\/v2\/product_cat?post=25945"},{"taxonomy":"product_tag","embeddable":true,"href":"https:\/\/www.swedcham.com.br\/en\/wp-json\/wp\/v2\/product_tag?post=25945"}],"curies":[{"name":"wp","href":"https:\/\/api.w.org\/{rel}","templated":true}]}}