{"id":25914,"date":"2022-10-05T17:30:36","date_gmt":"2022-10-05T20:30:36","guid":{"rendered":"https:\/\/www.swedcham.com.br\/?post_type=product&#038;p=25914"},"modified":"2022-11-21T13:55:54","modified_gmt":"2022-11-21T16:55:54","slug":"lula-wins-what-next","status":"publish","type":"product","link":"https:\/\/www.swedcham.com.br\/en\/product\/our-events\/lula-wins-what-next\/","title":{"rendered":"Lula wins: What next?"},"content":{"rendered":"\n<p><strong>The Swedish Brazilian Chamber of Commerce and the Swedish Alumni Network have the pleasure to invite members and friends to the presentation:<\/strong><\/p>\n\n\n\n<p class=\"has-text-align-left\"><strong>Lula wins: What next?<\/strong><br>After narrowly winning the election with 50.9% of the votes, Luiz In\u00e1cio Lula da Silva will return to the presidency of Brazil for a third time on January 1, 2023.<\/p>\n\n\n\n<p>The challenges he faces ahead are many. He has promised to work to unite a deeply polarized country, tackle poverty and hunger, return Brazil to international relevance, and address the huge challenge that is climate change, notably by targeting crime and deforestation in the Amazon.<\/p>\n\n\n\n<p>All this amid far less auspicious international circumstances than when he first won the presidency 20 years ago, with the added domestic challenges of an uncertain economic outlook, looming fiscal difficulties, and a hostile congress.<\/p>\n\n\n\n<p>How will Lula approach these challenges, and who will he surround himself with to tackle them? Gustavo Ribeiro, editor-in-chief of The Brazilian Report, will address these topics and others.<\/p>\n\n\n\n<p><\/p>\n\n\n\n<p><\/p>\n\n\n\n<div class=\"wp-block-columns is-layout-flex wp-container-core-columns-is-layout-9d6595d7 wp-block-columns-is-layout-flex\">\n<div class=\"wp-block-column is-layout-flow wp-block-column-is-layout-flow\" style=\"flex-basis:25%\">\n<figure class=\"wp-block-image size-full\"><a href=\"https:\/\/www.swedcham.com.br\/wp-content\/uploads\/2022\/10\/gustavo-e1667248411935.jpg\"><img loading=\"lazy\" decoding=\"async\" width=\"200\" height=\"200\" src=\"https:\/\/www.swedcham.com.br\/wp-content\/uploads\/2022\/10\/gustavo-e1667248411935.jpg\" alt=\"\" class=\"wp-image-25915\" srcset=\"https:\/\/www.swedcham.com.br\/wp-content\/uploads\/2022\/10\/gustavo-e1667248411935.jpg 200w, https:\/\/www.swedcham.com.br\/wp-content\/uploads\/2022\/10\/gustavo-e1667248411935-150x150.jpg 150w, https:\/\/www.swedcham.com.br\/wp-content\/uploads\/2022\/10\/gustavo-e1667248411935-100x100.jpg 100w\" sizes=\"auto, (max-width: 200px) 100vw, 200px\" \/><\/a><\/figure>\n<\/div>\n\n\n\n<div class=\"wp-block-column is-layout-flow wp-block-column-is-layout-flow\" style=\"flex-basis:75%\">\n<p><strong>Gustavo Ribeiro <\/strong>is one of the founders and current editor-in-chief of <strong>The Brazilian Report,<\/strong> an award-winning English-language media outlet about politics and business in Brazil. He has hosted the Explaining Brazil podcast since February 2018, where he analyzes issues of politics, finance, and society on a weekly basis. As the news engine behind the podcast, The Brazilian Report has gained international recognition and has become a go-to source of information for multiple embassies, think tanks, and international news outlets, such as Time Magazine, CNBC, BBC Worldwide, Vox, Axios and CGTN, among others.<br>Prior to founding The Brazilian Report, Gustavo covered Brazilian politics and international affairs for a number of Brazilian and French media outlets, including Veja, \u00c9poca, Folha de S\u00e3o Paulo, M\u00e9diapart, and Radio France Internationale, among others.<\/p>\n<\/div>\n<\/div>\n\n\n\n<p><strong>When:<\/strong><\/p>\n\n\n\n<p>Thursday, Nov 17 at 6pm<\/p>\n\n\n\n<p><strong>Where:<\/strong><\/p>\n\n\n\n<p>Rua Oscar Freire, 379 &#8211; 12o.andar<\/p>\n\n\n\n<p><strong>Agenda:<\/strong><\/p>\n\n\n\n<p>18.00&nbsp;&#8211; Welcome&nbsp;&#8211;&nbsp;Jonas Lindstr\u00f6m &#8211; Managing Director\/Swedcham<br><br>18:05 Presentation &#8211; Gustavo Ribeiro &#8211; The Brazilian Report\u00b4s editor-in-chief<br><br>19:00 Q &amp; As<\/p>\n\n\n\n<p>19:15&nbsp;&#8211; Networking &#8211; drinks and snacks<br>RSVP by Nov 15 &#8211; <a href=\"mailto:eventos@swedcham.com.br?subject=Evento%2017%20Nov\" target=\"_blank\" rel=\"noreferrer noopener\">eventos@swedcham.com.br<\/a><\/p>\n\n\n\n<p><strong>Limited space!<\/strong><\/p>\n\n\n\n<p><strong>In partnership with:<\/strong><\/p>\n\n\n\n<figure class=\"wp-block-image size-large is-resized\"><a href=\"https:\/\/www.swedcham.com.br\/wp-content\/uploads\/2022\/10\/teste-logo.png\"><img loading=\"lazy\" decoding=\"async\" src=\"https:\/\/www.swedcham.com.br\/wp-content\/uploads\/2022\/10\/teste-logo-1024x229.png\" alt=\"\" class=\"wp-image-25919\" width=\"428\" height=\"95\" srcset=\"https:\/\/www.swedcham.com.br\/wp-content\/uploads\/2022\/10\/teste-logo-1024x229.png 1024w, https:\/\/www.swedcham.com.br\/wp-content\/uploads\/2022\/10\/teste-logo-300x67.png 300w, https:\/\/www.swedcham.com.br\/wp-content\/uploads\/2022\/10\/teste-logo-768x172.png 768w, https:\/\/www.swedcham.com.br\/wp-content\/uploads\/2022\/10\/teste-logo-600x134.png 600w, https:\/\/www.swedcham.com.br\/wp-content\/uploads\/2022\/10\/teste-logo.png 1080w\" sizes=\"auto, (max-width: 428px) 100vw, 428px\" \/><\/a><\/figure>\n","protected":false},"excerpt":{"rendered":"<p>The Swedish Brazilian Chamber of Commerce and the Swedish Alumni Network have the pleasure to invite members and friends to<\/p>\n","protected":false},"featured_media":25963,"template":"","meta":[],"product_brand":[],"product_cat":[228],"product_tag":[],"class_list":{"0":"post-25914","1":"product","2":"type-product","3":"status-publish","4":"has-post-thumbnail","6":"product_cat-our-events","8":"first","9":"instock","10":"shipping-taxable","11":"product-type-simple"},"_links":{"self":[{"href":"https:\/\/www.swedcham.com.br\/en\/wp-json\/wp\/v2\/product\/25914","targetHints":{"allow":["GET"]}}],"collection":[{"href":"https:\/\/www.swedcham.com.br\/en\/wp-json\/wp\/v2\/product"}],"about":[{"href":"https:\/\/www.swedcham.com.br\/en\/wp-json\/wp\/v2\/types\/product"}],"wp:featuredmedia":[{"embeddable":true,"href":"https:\/\/www.swedcham.com.br\/en\/wp-json\/wp\/v2\/media\/25963"}],"wp:attachment":[{"href":"https:\/\/www.swedcham.com.br\/en\/wp-json\/wp\/v2\/media?parent=25914"}],"wp:term":[{"taxonomy":"product_brand","embeddable":true,"href":"https:\/\/www.swedcham.com.br\/en\/wp-json\/wp\/v2\/product_brand?post=25914"},{"taxonomy":"product_cat","embeddable":true,"href":"https:\/\/www.swedcham.com.br\/en\/wp-json\/wp\/v2\/product_cat?post=25914"},{"taxonomy":"product_tag","embeddable":true,"href":"https:\/\/www.swedcham.com.br\/en\/wp-json\/wp\/v2\/product_tag?post=25914"}],"curies":[{"name":"wp","href":"https:\/\/api.w.org\/{rel}","templated":true}]}}