{"id":25833,"date":"2022-10-06T15:45:20","date_gmt":"2022-10-06T18:45:20","guid":{"rendered":"https:\/\/www.swedcham.com.br\/?post_type=product&#038;p=25833"},"modified":"2022-10-28T17:30:48","modified_gmt":"2022-10-28T20:30:48","slug":"members-matchmaking","status":"publish","type":"product","link":"https:\/\/www.swedcham.com.br\/en\/product\/our-events\/members-matchmaking\/","title":{"rendered":"MEMBERS MATCHMAKING"},"content":{"rendered":"\n<figure class=\"wp-block-embed is-type-video is-provider-youtube wp-block-embed-youtube wp-embed-aspect-16-9 wp-has-aspect-ratio\"><div class=\"wp-block-embed__wrapper\">\n<iframe loading=\"lazy\" title=\"MEMBERS MATCHMAKING\" width=\"640\" height=\"360\" src=\"https:\/\/www.youtube.com\/embed\/FdHCu5J_mAg?feature=oembed\" frameborder=\"0\" allow=\"accelerometer; autoplay; clipboard-write; encrypted-media; gyroscope; picture-in-picture; web-share\" referrerpolicy=\"strict-origin-when-cross-origin\" allowfullscreen><\/iframe>\n<\/div><\/figure>\n\n\n\n<p><strong>N\u00e3o perca essa oportunidade \u00fanica para sua empresa se apresentar para outras&nbsp;associadas!<\/strong><\/p>\n\n\n\n<p><br><strong>Quando: <\/strong>Ter\u00e7a-feira &#8211; 25 de outubro. Das 14h \u00e0s 16h.<br><br><strong>Onde:<\/strong> Rua Oscar Freire, 379- Cj 121.<br><br><strong>Para saber mais e garantir a sua vaga, entre em contato:<\/strong> jonas@swedcham.com.br \/ eventos@swedcham.com.br<\/p>\n\n\n\n<p><\/p>\n\n\n\n<p><\/p>\n\n\n\n<p><\/p>\n\n\n\n<div class=\"wp-block-columns is-layout-flex wp-container-core-columns-is-layout-9d6595d7 wp-block-columns-is-layout-flex\">\n<div class=\"wp-block-column is-layout-flow wp-block-column-is-layout-flow\"><\/div>\n\n\n\n<div class=\"wp-block-column is-layout-flow wp-block-column-is-layout-flow\"><\/div>\n<\/div>\n\n\n\n<p><\/p>\n","protected":false},"excerpt":{"rendered":"<p>N\u00e3o perca essa oportunidade \u00fanica para sua empresa se apresentar para outras&nbsp;associadas! Quando: Ter\u00e7a-feira &#8211; 25 de outubro. Das 14h<\/p>\n","protected":false},"featured_media":25855,"template":"","meta":[],"product_brand":[],"product_cat":[228],"product_tag":[],"class_list":{"0":"post-25833","1":"product","2":"type-product","3":"status-publish","4":"has-post-thumbnail","6":"product_cat-our-events","8":"first","9":"instock","10":"shipping-taxable","11":"product-type-simple"},"_links":{"self":[{"href":"https:\/\/www.swedcham.com.br\/en\/wp-json\/wp\/v2\/product\/25833","targetHints":{"allow":["GET"]}}],"collection":[{"href":"https:\/\/www.swedcham.com.br\/en\/wp-json\/wp\/v2\/product"}],"about":[{"href":"https:\/\/www.swedcham.com.br\/en\/wp-json\/wp\/v2\/types\/product"}],"wp:featuredmedia":[{"embeddable":true,"href":"https:\/\/www.swedcham.com.br\/en\/wp-json\/wp\/v2\/media\/25855"}],"wp:attachment":[{"href":"https:\/\/www.swedcham.com.br\/en\/wp-json\/wp\/v2\/media?parent=25833"}],"wp:term":[{"taxonomy":"product_brand","embeddable":true,"href":"https:\/\/www.swedcham.com.br\/en\/wp-json\/wp\/v2\/product_brand?post=25833"},{"taxonomy":"product_cat","embeddable":true,"href":"https:\/\/www.swedcham.com.br\/en\/wp-json\/wp\/v2\/product_cat?post=25833"},{"taxonomy":"product_tag","embeddable":true,"href":"https:\/\/www.swedcham.com.br\/en\/wp-json\/wp\/v2\/product_tag?post=25833"}],"curies":[{"name":"wp","href":"https:\/\/api.w.org\/{rel}","templated":true}]}}