{"id":25805,"date":"2022-09-13T08:54:00","date_gmt":"2022-09-13T11:54:00","guid":{"rendered":"https:\/\/www.swedcham.com.br\/?post_type=product&#038;p=25805"},"modified":"2022-09-26T12:46:42","modified_gmt":"2022-09-26T15:46:42","slug":"tecnologia-aplicada-a-area-tributaria","status":"publish","type":"product","link":"https:\/\/www.swedcham.com.br\/en\/product\/our-events\/tecnologia-aplicada-a-area-tributaria\/","title":{"rendered":"Tecnologia aplicada \u00e0 \u00e1rea tribut\u00e1ria"},"content":{"rendered":"\n<p><\/p>\n\n\n\n<p>A C\u00e2mara de Com\u00e9rcio Sueco Brasileira, em parceria com a empresa associada&nbsp;TAX GROUP, convidam para o bate papo:<\/p>\n\n\n\n<p><strong>Tecnologia aplicada \u00e0 \u00e1rea tribut\u00e1ria<br>Como a intelig\u00eancia artificial est\u00e1 ajudando empresas a revolucionarem o seu compliance fiscal<\/strong><\/p>\n\n\n\n<p><\/p>\n\n\n\n<p><\/p>\n\n\n\n<div class=\"wp-block-columns is-layout-flex wp-container-core-columns-is-layout-9d6595d7 wp-block-columns-is-layout-flex\">\n<div class=\"wp-block-column is-layout-flow wp-block-column-is-layout-flow\" style=\"flex-basis:25%\">\n<figure class=\"wp-block-image size-full\"><a href=\"https:\/\/www.swedcham.com.br\/wp-content\/uploads\/2022\/09\/trste2.jpeg\"><img loading=\"lazy\" decoding=\"async\" width=\"635\" height=\"800\" src=\"https:\/\/www.swedcham.com.br\/wp-content\/uploads\/2022\/09\/trste2.jpeg\" alt=\"\" class=\"wp-image-25806\" srcset=\"https:\/\/www.swedcham.com.br\/wp-content\/uploads\/2022\/09\/trste2.jpeg 635w, https:\/\/www.swedcham.com.br\/wp-content\/uploads\/2022\/09\/trste2-238x300.jpeg 238w, https:\/\/www.swedcham.com.br\/wp-content\/uploads\/2022\/09\/trste2-600x756.jpeg 600w\" sizes=\"auto, (max-width: 635px) 100vw, 635px\" \/><\/a><\/figure>\n<\/div>\n\n\n\n<div class=\"wp-block-column is-layout-flow wp-block-column-is-layout-flow\" style=\"flex-basis:75%\">\n<p><strong>Luis Wulff<\/strong> \u00e9 Auditor Fiscal, Consultor Tribut\u00e1rio, Contabilista e Advogado Tributarista.<br>\u00c9 S\u00f3cio-Fundador da Tax Group, maior rede de firmas tribut\u00e1rias do Brasil com 45 escrit\u00f3rios em todo o Brasil e S\u00f3cio-Fundador do Grupo Fiscal do Brasil. Tamb\u00e9m \u00e9 Conselheiro da GGI \u2013 Geneva Group International no LAC \u2013 Latin American Committee, uma das organiza\u00e7\u00f5es l\u00edderes mundiais de empresas profissionais e independentes atuando nas \u00e1reas de contabilidade (auditoria) e consultoria (tributos) com 800 escrit\u00f3rios em 120 pa\u00edses.<\/p>\n<\/div>\n<\/div>\n\n\n\n<p><strong>Venha at\u00e9 a C\u00e2mara encontrar o&nbsp;palestrante&nbsp;e participar de um networking, aguardamos voc\u00eas com um caf\u00e9 quentinho!<\/strong><\/p>\n\n\n\n<p><strong>Quando:&nbsp;<\/strong><\/p>\n\n\n\n<p>Sexta-feira, &nbsp;30 de setembro \u00e0s 10h<\/p>\n\n\n\n<p><strong>Onde:<\/strong> O evento ser\u00e1 h\u00edbrido<\/p>\n\n\n\n<p><strong>Presencial:&nbsp;<\/strong>C\u00e2mara Sueca<br>Rua Oscar Freire, 379 &#8211; 12o.andar<\/p>\n\n\n\n<p><strong>Online: <\/strong>O link de acesso ser\u00e1 enviado um dia antes do evento<\/p>\n\n\n\n<p>RSVP&nbsp;at\u00e9 29 de setembro<\/p>\n\n\n\n<div class=\"wp-block-buttons is-layout-flex wp-block-buttons-is-layout-flex\">\n<div class=\"wp-block-button has-custom-width wp-block-button__width-75 is-style-fill\"><a class=\"wp-block-button__link has-background\" href=\"https:\/\/docs.google.com\/forms\/d\/e\/1FAIpQLSdGQA14oV7c6KR9gWBEKMwuYTdQHUw2ZR_syfXxctYfFhBmQw\/viewform?vc=0&amp;c=0&amp;w=1&amp;flr=0\" style=\"border-radius:51px;background-color:#04334f\">Clique aqui para fazer sua reserva<\/a><\/div>\n<\/div>\n","protected":false},"excerpt":{"rendered":"<p>A C\u00e2mara de Com\u00e9rcio Sueco Brasileira, em parceria com a empresa associada&nbsp;TAX GROUP, convidam para o bate papo: Tecnologia aplicada<\/p>\n","protected":false},"featured_media":25816,"template":"","meta":[],"product_brand":[],"product_cat":[228],"product_tag":[],"class_list":{"0":"post-25805","1":"product","2":"type-product","3":"status-publish","4":"has-post-thumbnail","6":"product_cat-our-events","8":"first","9":"instock","10":"shipping-taxable","11":"product-type-simple"},"_links":{"self":[{"href":"https:\/\/www.swedcham.com.br\/en\/wp-json\/wp\/v2\/product\/25805","targetHints":{"allow":["GET"]}}],"collection":[{"href":"https:\/\/www.swedcham.com.br\/en\/wp-json\/wp\/v2\/product"}],"about":[{"href":"https:\/\/www.swedcham.com.br\/en\/wp-json\/wp\/v2\/types\/product"}],"wp:featuredmedia":[{"embeddable":true,"href":"https:\/\/www.swedcham.com.br\/en\/wp-json\/wp\/v2\/media\/25816"}],"wp:attachment":[{"href":"https:\/\/www.swedcham.com.br\/en\/wp-json\/wp\/v2\/media?parent=25805"}],"wp:term":[{"taxonomy":"product_brand","embeddable":true,"href":"https:\/\/www.swedcham.com.br\/en\/wp-json\/wp\/v2\/product_brand?post=25805"},{"taxonomy":"product_cat","embeddable":true,"href":"https:\/\/www.swedcham.com.br\/en\/wp-json\/wp\/v2\/product_cat?post=25805"},{"taxonomy":"product_tag","embeddable":true,"href":"https:\/\/www.swedcham.com.br\/en\/wp-json\/wp\/v2\/product_tag?post=25805"}],"curies":[{"name":"wp","href":"https:\/\/api.w.org\/{rel}","templated":true}]}}