{"id":25579,"date":"2022-06-07T16:36:58","date_gmt":"2022-06-07T19:36:58","guid":{"rendered":"https:\/\/www.swedcham.com.br\/?post_type=product&#038;p=25579"},"modified":"2022-06-11T06:23:26","modified_gmt":"2022-06-11T09:23:26","slug":"friday-fika-com-lais-cardoso-peretto-diretora-executiva-da-childhood-brasil","status":"publish","type":"product","link":"https:\/\/www.swedcham.com.br\/en\/product\/our-events\/friday-fika\/friday-fika-com-lais-cardoso-peretto-diretora-executiva-da-childhood-brasil\/","title":{"rendered":"Friday Fika com La\u00eds Cardoso Peretto &#8211; Diretora executiva da\u00a0Childhood Brasil."},"content":{"rendered":"\n<figure class=\"wp-block-embed is-type-video is-provider-youtube wp-block-embed-youtube wp-embed-aspect-16-9 wp-has-aspect-ratio\"><div class=\"wp-block-embed__wrapper\">\n<iframe loading=\"lazy\" title=\"Friday Fika com La\u00eds Peretto - Childhood Brasil\" width=\"640\" height=\"360\" src=\"https:\/\/www.youtube.com\/embed\/xCNo0q7GVAw?feature=oembed\" frameborder=\"0\" allow=\"accelerometer; autoplay; clipboard-write; encrypted-media; gyroscope; picture-in-picture; web-share\" referrerpolicy=\"strict-origin-when-cross-origin\" allowfullscreen><\/iframe>\n<\/div><\/figure>\n\n\n\n<p>Nosso Friday Fika recebeu uma convidada pra l\u00e1 de especial<em> &#8211;<\/em>\u00a0<em>La\u00eds Cardoso Peretto<\/em>, Diretora executiva da\u00a0<em>Childhood Brasil.<\/em><br><br>La\u00eds Peretto \u00e9 formada em Administra\u00e7\u00e3o de Empresas e Pedagogia, com extens\u00e3o em Neg\u00f3cios Internacionais pela Universidade da Calif\u00f3rnia e MBA pelo Insper.<br>No in\u00edcio de sua vida profissional foi professora de educa\u00e7\u00e3o infantil e ensino fundamental durante nove anos. Em 1996 ingressou em um programa de trainee no mercado financeiro, onde atuou por 25 anos, majoritariamente no setor de Private Banking.<br>Liderou equipes em grandes bancos no Brasil, como HSBC, Bradesco e Santander. Nos \u00faltimos anos, ansiosa por contribuir para gerar impacto social no pa\u00eds, La\u00eds redirecionou sua carreira executiva para o terceiro setor. Desde outubro de 2020, \u00e9 Diretora Executiva da Childhood Brasil, uma organiza\u00e7\u00e3o brasileira que faz parte da World Childhood Foundation (Childhood), institui\u00e7\u00e3o internacional criada em 1999 pela Rainha Silvia da Su\u00e9cia. Seu foco de atua\u00e7\u00e3o \u00e9 a prote\u00e7\u00e3o de crian\u00e7as e adolescentes contra o abuso e a explora\u00e7\u00e3o sexual.<br><br>Um bate-papo repleto de hist\u00f3rias e projetos urgentes de impacto social.<\/p>\n\n\n\n<div class=\"wp-block-image\"><figure class=\"alignleft\"><img loading=\"lazy\" decoding=\"async\" width=\"1280\" height=\"640\" src=\"https:\/\/www.swedcham.com.br\/wp-content\/uploads\/2021\/05\/banner-final.jpg\" alt=\"\" class=\"wp-image-22977\" srcset=\"https:\/\/www.swedcham.com.br\/wp-content\/uploads\/2021\/05\/banner-final.jpg 1280w, https:\/\/www.swedcham.com.br\/wp-content\/uploads\/2021\/05\/banner-final-600x300.jpg 600w, https:\/\/www.swedcham.com.br\/wp-content\/uploads\/2021\/05\/banner-final-300x150.jpg 300w, https:\/\/www.swedcham.com.br\/wp-content\/uploads\/2021\/05\/banner-final-1024x512.jpg 1024w, https:\/\/www.swedcham.com.br\/wp-content\/uploads\/2021\/05\/banner-final-768x384.jpg 768w, https:\/\/www.swedcham.com.br\/wp-content\/uploads\/2021\/05\/banner-final-100x50.jpg 100w\" sizes=\"auto, (max-width: 1280px) 100vw, 1280px\" \/><\/figure><\/div>\n","protected":false},"excerpt":{"rendered":"<p>Nosso Friday Fika recebeu uma convidada pra l\u00e1 de especial &#8211;\u00a0La\u00eds Cardoso Peretto, Diretora executiva da\u00a0Childhood Brasil. La\u00eds Peretto \u00e9<\/p>\n","protected":false},"featured_media":25583,"template":"","meta":[],"product_brand":[],"product_cat":[199],"product_tag":[],"class_list":{"0":"post-25579","1":"product","2":"type-product","3":"status-publish","4":"has-post-thumbnail","6":"product_cat-friday-fika","8":"first","9":"instock","10":"shipping-taxable","11":"product-type-simple"},"_links":{"self":[{"href":"https:\/\/www.swedcham.com.br\/en\/wp-json\/wp\/v2\/product\/25579","targetHints":{"allow":["GET"]}}],"collection":[{"href":"https:\/\/www.swedcham.com.br\/en\/wp-json\/wp\/v2\/product"}],"about":[{"href":"https:\/\/www.swedcham.com.br\/en\/wp-json\/wp\/v2\/types\/product"}],"wp:featuredmedia":[{"embeddable":true,"href":"https:\/\/www.swedcham.com.br\/en\/wp-json\/wp\/v2\/media\/25583"}],"wp:attachment":[{"href":"https:\/\/www.swedcham.com.br\/en\/wp-json\/wp\/v2\/media?parent=25579"}],"wp:term":[{"taxonomy":"product_brand","embeddable":true,"href":"https:\/\/www.swedcham.com.br\/en\/wp-json\/wp\/v2\/product_brand?post=25579"},{"taxonomy":"product_cat","embeddable":true,"href":"https:\/\/www.swedcham.com.br\/en\/wp-json\/wp\/v2\/product_cat?post=25579"},{"taxonomy":"product_tag","embeddable":true,"href":"https:\/\/www.swedcham.com.br\/en\/wp-json\/wp\/v2\/product_tag?post=25579"}],"curies":[{"name":"wp","href":"https:\/\/api.w.org\/{rel}","templated":true}]}}