{"id":25544,"date":"2022-06-07T16:33:00","date_gmt":"2022-06-07T19:33:00","guid":{"rendered":"https:\/\/www.swedcham.com.br\/?post_type=product&#038;p=25544"},"modified":"2022-06-07T16:33:03","modified_gmt":"2022-06-07T19:33:03","slug":"brasil-investment-forum","status":"publish","type":"product","link":"https:\/\/www.swedcham.com.br\/en\/product\/our-events\/brasil-investment-forum\/","title":{"rendered":"Brasil Investment Forum"},"content":{"rendered":"\n<figure class=\"wp-block-image size-large\"><a href=\"https:\/\/www.swedcham.com.br\/wp-content\/uploads\/2022\/05\/apex-e1653919243568.png\"><img loading=\"lazy\" decoding=\"async\" width=\"1024\" height=\"290\" src=\"https:\/\/www.swedcham.com.br\/wp-content\/uploads\/2022\/05\/apex-1024x290.png\" alt=\"\" class=\"wp-image-25545\"\/><\/a><\/figure>\n\n\n\n<p>O maior f\u00f3rum de investimentos da Am\u00e9rica Latina retorna presencial em 2022, trazendo mais de 60 painelistas e lideran\u00e7as executivas de n\u00edvel internacional.<\/p>\n\n\n\n<p>Este ano receberemos convidados exclusivos, que ter\u00e3o o privil\u00e9gio de participar presencialmente. Convidamos voc\u00ea a fazer parte deste grupo exclusivo do&nbsp;Brasil Investment Forum 2022.<\/p>\n\n\n\n<p>O p\u00fablico presencial ser\u00e1 composto apenas por convidados selecionados, incluindo autoridades governamentais, entidades relevantes e grandes investidores, com o objetivo de criar ambiente prop\u00edcio para a constru\u00e7\u00e3o de novos relacionamentos e gera\u00e7\u00e3o de neg\u00f3cios e investimentos.<\/p>\n\n\n\n<p>O programa de 2022 traz temas relevantes, abordando desde as oportunidades de investimentos, tend\u00eancias e estrat\u00e9gias de neg\u00f3cios at\u00e9 a evolu\u00e7\u00e3o do ambiente de investimentos do pa\u00eds.&nbsp;<\/p>\n\n\n\n<p>A quinta edi\u00e7\u00e3o do BIF ser\u00e1 realizada nos dias&nbsp;14 e 15 de junho, no&nbsp;World Trade Center (WTC), em S\u00e3o Paulo.&nbsp;<\/p>\n\n\n\n<p>Aguardamos voc\u00ea no evento. Ficaremos honrados com a sua presen\u00e7a.<\/p>\n\n\n\n<p><strong>Para participar \u00e9 preciso se inscrever e receber o e-mail de confirma\u00e7\u00e3o.&nbsp;<\/strong><\/p>\n\n\n\n<div class=\"wp-block-columns is-layout-flex wp-container-core-columns-is-layout-9d6595d7 wp-block-columns-is-layout-flex\">\n<div class=\"wp-block-column is-layout-flow wp-block-column-is-layout-flow\"><\/div>\n\n\n\n<div class=\"wp-block-column is-layout-flow wp-block-column-is-layout-flow\"><\/div>\n<\/div>\n\n\n\n<div class=\"wp-block-columns is-layout-flex wp-container-core-columns-is-layout-9d6595d7 wp-block-columns-is-layout-flex\">\n<div class=\"wp-block-column is-layout-flow wp-block-column-is-layout-flow\"><\/div>\n\n\n\n<div class=\"wp-block-column is-layout-flow wp-block-column-is-layout-flow\"><\/div>\n<\/div>\n\n\n\n<div class=\"wp-block-buttons is-layout-flex wp-block-buttons-is-layout-flex\">\n<div class=\"wp-block-button aligncenter has-custom-font-size has-medium-font-size\"><a class=\"wp-block-button__link has-background\" href=\"https:\/\/customervoice.microsoft.com\/Pages\/ResponsePage.aspx?id=CEWR5Xs--Ea5jlHiOyklhkR60W39-t5CqwhtMInLQdRUMzY2S1dPQjJMOVZUNldMMlU1UUZKWk5GRS4u\" style=\"background-color:#2f764d\" rel=\"https:\/\/customervoice.microsoft.com\/Pages\/ResponsePage.aspx?id=CEWR5Xs--Ea5jlHiOyklhkR60W39-t5CqwhtMInLQdRUMzY2S1dPQjJMOVZUNldMMlU1UUZKWk5GRS4u\">Fa\u00e7a sua inscri\u00e7\u00e3o aqui<\/a><\/div>\n<\/div>\n\n\n\n<p><\/p>\n\n\n\n<figure class=\"wp-block-table is-style-stripes\"><table><tbody><tr><td><strong><em>TEM ALGUMA D\u00daVIDA? FALE COM A APEX-BRASIL<\/em><\/strong><\/td><\/tr><tr><td><strong><em>Apex-Brasil &#8211; Relacionamento com Clientes<\/em><\/strong><\/td><\/tr><\/tbody><\/table><\/figure>\n\n\n\n<figure class=\"wp-block-table is-style-stripes\"><table><tbody><tr><td><img loading=\"lazy\" decoding=\"async\" height=\"17\" src=\"https:\/\/ci4.googleusercontent.com\/proxy\/zfSveLBxdPHW67ZBHzqraz7fHfeKfnt2wh-7A_07psUyhmka6dIfLJM-4pT5bZ3h5JGGrVnHflTqoppPBZi5QQ6NU5dKX0VybIjSuFB-A2k6vY7n-jx92RavEQDTgLnvNOo_h_Ojq2MWw9vG6FKXCMv4q9TV8b5YlfVQXOrMe25vIdf5FMSiEt9ohIgoyUmKjVDeiIdD_pNkl_4OWqjmGjzWI2NBLv1Z_cclkAem2w=s0-d-e1-ft#https:\/\/mktdplp102bsda.azureedge.net\/org-7bd46367464f42938043bc2d987cb33f\/9da99029-71c7-ea11-a812-000d3ac166cd\/Ds8f2Tc6xfB_nrXPjPgvRtCBgns9mT2uNfzJVus6Zsk!\" width=\"18\"><\/td><td><em>+55 61 2027 0202<\/em><\/td><\/tr><tr><td><img loading=\"lazy\" decoding=\"async\" height=\"17\" src=\"https:\/\/ci5.googleusercontent.com\/proxy\/Y1Oj-al19PlFvXXtbjEJ-HjrwSD9D9-fZi_VcsvyguyekRxs_O3MH7nmqlbkl3EzYwFPNPRvcI_fD2Aal2JOWG9V_cDOPdQY0ZAmQSDnmv5EK8VzjK_kvmB98uJ0-mtKAQdZkSS_Yvq9OJZNOE3JhWbJ6kxcqNIb_NHku0VVJyREtiIo8zzeCMt4WiQIzbSVOXjy98I5_dZb0BOQMfYpFfdrce4YwVt1f7CmU4bewQ=s0-d-e1-ft#https:\/\/mktdplp102bsda.azureedge.net\/org-7bd46367464f42938043bc2d987cb33f\/9aa99029-71c7-ea11-a812-000d3ac166cd\/822En6I3lIsw7WEsc34-6OE8MiQj1CS1b82_tExS1_c!\" width=\"18\"><\/td><td><a href=\"mailto:apexbrasil@apexbrasil.com.br\" target=\"_blank\" rel=\"noreferrer noopener\"><em>apexbrasil@apexbrasil.com.br<\/em><\/a><\/td><\/tr><tr><td><img loading=\"lazy\" decoding=\"async\" height=\"17\" src=\"https:\/\/ci4.googleusercontent.com\/proxy\/ihBdfeUbOoc0yrtz5DQ4ZTI4j59Ku6zoRoXpX3tbKdwQ2SIBQxDHYtWFKzINNaDM6wbg8GXt1VnxsuE2Pz_oGf0IIWYpZMYBLAESASNXgAkMjw_1lEB4c1GP6hXpcOjUL7Qb0cfEOUOV_41LUhUmMQwsegRwUo0xOr4-l-In8dXFAGJUlP4HavQC-qWwE2APKFm6opwv4JAwL5VXjDTbKR-7ypeokub0YeUctAG5kg=s0-d-e1-ft#https:\/\/mktdplp102bsda.azureedge.net\/org-7bd46367464f42938043bc2d987cb33f\/9ca99029-71c7-ea11-a812-000d3ac166cd\/V7sbMfg-7pEYBuT38DyW4WGhongkXer4y33Jb28pjnQ!\" width=\"18\"><\/td><td><a href=\"https:\/\/nam10.safelinks.protection.outlook.com\/?url=http%3A%2F%2Fwww.apexbrasil.com.br%2F&amp;data=04%7C01%7Cmariana.ramos%40apexbrasil.com.br%7C587e6d5787e144fe401008da1810d10b%7Ce59145083e7b46f8b98e51e23b292586%7C0%7C0%7C637848757768752959%7CUnknown%7CTWFpbGZsb3d8eyJWIjoiMC4wLjAwMDAiLCJQIjoiV2luMzIiLCJBTiI6Ik1haWwiLCJXVCI6Mn0%3D%7C3000&amp;sdata=%2Bc9hgVFulmb%2Fi1wy7pUnHGft3dc9uktwAb40a4xvfcc%3D&amp;reserved=0\" target=\"_blank\" rel=\"noreferrer noopener\"><em>www.apexbrasil.com.br<\/em><\/a><\/td><\/tr><tr><td><img loading=\"lazy\" decoding=\"async\" height=\"17\" src=\"https:\/\/ci4.googleusercontent.com\/proxy\/tM1K2l7Ov7v4fQxbumUahFe0FZh_PDZOwNv0SGtpq1sCO-jCW1D5LIfe0zpC09RVvNmYKOmKi-chVGugO6jb0iW7Sk5Qd0EsK241-EzT5tYMX6BsJCSL099xeRijzOajAhEXYyaBxm341oTCyWYq0QDoumy3RaO_k34YrkIhE_IbZRSN1HnMZ8hd4f1ru7fTHXg5EfYWSKg1Xe-HMAeYbvpveyVBm_MO_XApImgrmQ=s0-d-e1-ft#https:\/\/mktdplp102bsda.azureedge.net\/org-7bd46367464f42938043bc2d987cb33f\/9ba99029-71c7-ea11-a812-000d3ac166cd\/lziGTQ7MwB4AOrMmcmw4dN9rYCQM_uYgFC6ghIYYlNs!\" width=\"18\"><\/td><td>Bras\u00edlia &#8211; DF, CEP 70040-250<\/td><\/tr><\/tbody><\/table><\/figure>\n\n\n\n<p><\/p>\n\n\n\n<p><\/p>\n\n\n\n<figure class=\"wp-block-image size-large\"><a href=\"https:\/\/www.swedcham.com.br\/wp-content\/uploads\/2022\/05\/APEX2.png\"><img loading=\"lazy\" decoding=\"async\" width=\"1024\" height=\"199\" src=\"https:\/\/www.swedcham.com.br\/wp-content\/uploads\/2022\/05\/APEX2-1024x199.png\" alt=\"\" class=\"wp-image-25547\" srcset=\"https:\/\/www.swedcham.com.br\/wp-content\/uploads\/2022\/05\/APEX2-1024x199.png 1024w, https:\/\/www.swedcham.com.br\/wp-content\/uploads\/2022\/05\/APEX2-300x58.png 300w, https:\/\/www.swedcham.com.br\/wp-content\/uploads\/2022\/05\/APEX2-768x149.png 768w, https:\/\/www.swedcham.com.br\/wp-content\/uploads\/2022\/05\/APEX2-1536x299.png 1536w, https:\/\/www.swedcham.com.br\/wp-content\/uploads\/2022\/05\/APEX2-2048x399.png 2048w, https:\/\/www.swedcham.com.br\/wp-content\/uploads\/2022\/05\/APEX2-600x117.png 600w\" sizes=\"auto, (max-width: 1024px) 100vw, 1024px\" \/><\/a><\/figure>\n\n\n\n<p><\/p>\n","protected":false},"excerpt":{"rendered":"<p>O maior f\u00f3rum de investimentos da Am\u00e9rica Latina retorna presencial em 2022, trazendo mais de 60 painelistas e lideran\u00e7as executivas<\/p>\n","protected":false},"featured_media":25556,"template":"","meta":[],"product_brand":[],"product_cat":[228],"product_tag":[],"class_list":{"0":"post-25544","1":"product","2":"type-product","3":"status-publish","4":"has-post-thumbnail","6":"product_cat-our-events","8":"first","9":"instock","10":"shipping-taxable","11":"product-type-simple"},"_links":{"self":[{"href":"https:\/\/www.swedcham.com.br\/en\/wp-json\/wp\/v2\/product\/25544","targetHints":{"allow":["GET"]}}],"collection":[{"href":"https:\/\/www.swedcham.com.br\/en\/wp-json\/wp\/v2\/product"}],"about":[{"href":"https:\/\/www.swedcham.com.br\/en\/wp-json\/wp\/v2\/types\/product"}],"wp:featuredmedia":[{"embeddable":true,"href":"https:\/\/www.swedcham.com.br\/en\/wp-json\/wp\/v2\/media\/25556"}],"wp:attachment":[{"href":"https:\/\/www.swedcham.com.br\/en\/wp-json\/wp\/v2\/media?parent=25544"}],"wp:term":[{"taxonomy":"product_brand","embeddable":true,"href":"https:\/\/www.swedcham.com.br\/en\/wp-json\/wp\/v2\/product_brand?post=25544"},{"taxonomy":"product_cat","embeddable":true,"href":"https:\/\/www.swedcham.com.br\/en\/wp-json\/wp\/v2\/product_cat?post=25544"},{"taxonomy":"product_tag","embeddable":true,"href":"https:\/\/www.swedcham.com.br\/en\/wp-json\/wp\/v2\/product_tag?post=25544"}],"curies":[{"name":"wp","href":"https:\/\/api.w.org\/{rel}","templated":true}]}}