{"id":25455,"date":"2022-05-12T15:17:59","date_gmt":"2022-05-12T18:17:59","guid":{"rendered":"https:\/\/www.swedcham.com.br\/?post_type=product&#038;p=25455"},"modified":"2022-05-12T15:18:01","modified_gmt":"2022-05-12T18:18:01","slug":"os-15-termos-bancarios-basicos-que-os-profissionais-brasileiros-nem-sonham-em-saber-em-ingles","status":"publish","type":"product","link":"https:\/\/www.swedcham.com.br\/en\/product\/our-events\/friday-fika\/os-15-termos-bancarios-basicos-que-os-profissionais-brasileiros-nem-sonham-em-saber-em-ingles\/","title":{"rendered":"Os 15 termos banc\u00e1rios b\u00e1sicos que os profissionais brasileiros nem sonham em saber em Ingl\u00eas."},"content":{"rendered":"\n<figure class=\"wp-block-image size-large\"><a href=\"https:\/\/www.swedcham.com.br\/wp-content\/uploads\/2022\/05\/Ricardo-e1652356726526.jpg\"><img loading=\"lazy\" decoding=\"async\" width=\"1024\" height=\"1024\" src=\"https:\/\/www.swedcham.com.br\/wp-content\/uploads\/2022\/05\/Ricardo-1024x1024.jpg\" alt=\"\" class=\"wp-image-25456\"\/><\/a><\/figure>\n\n\n\n<p>Seu cheque voltou! O deposito n\u00e3o caiu! Vou fazer um TED! Seu boleto est\u00e1 em aberto! Voc\u00ea pode me fazer um Pix? Essa conta \u00e9 PJ ou PF? Essa conta \u00e9 poupan\u00e7a?&nbsp;<br><br>Com certeza alguma dessas frases voc\u00ea usa pelo menos uma vez por semana em portugu\u00eas, estou errado? S\u00e3o frases simples e cotidianas, mas voc\u00ea j\u00e1 parou para pensar em como fala-las em ingl\u00eas? Se hoje precisasse usar, voc\u00ea saberia?&nbsp;<br><br>Pare de tentar traduzir com base em portugu\u00eas, essas express\u00f5es s\u00e3o bem diferentes do que voc\u00ea imagina. Essa n\u00e3o \u00e9 uma LIVE para financistas, \u00e9 para voc\u00ea que usa ou escuta essas frases em portugu\u00eas o tempo todo.&nbsp;&nbsp;<br><br>\u27a1\ufe0f Parece simples mas existem termos e express\u00f5es bancarias, utilizadas em ingl\u00eas corporativo, que pensando em portugu\u00eas n\u00e3o fazem sentido algum. Vamos te preparar para entender e aplicar em fala as 15 express\u00f5es banc\u00e1rias mais usadas no dia a dia empresarial por qualquer profissional.<\/p>\n\n\n\n<p>\ud83c\udf10<a href=\"https:\/\/www.youtube.com\/watch?v=KXRtjGx8x0M\"> Clique aqui <\/a>para acessar \u00e0 live<\/p>\n\n\n\n<p><\/p>\n\n\n\n<p><br><br><br><\/p>\n","protected":false},"excerpt":{"rendered":"<p>Seu cheque voltou! O deposito n\u00e3o caiu! Vou fazer um TED! Seu boleto est\u00e1 em aberto! Voc\u00ea pode me fazer<\/p>\n","protected":false},"featured_media":25457,"template":"","meta":[],"product_brand":[],"product_cat":[199],"product_tag":[],"class_list":{"0":"post-25455","1":"product","2":"type-product","3":"status-publish","4":"has-post-thumbnail","6":"product_cat-friday-fika","8":"first","9":"instock","10":"shipping-taxable","11":"product-type-simple"},"_links":{"self":[{"href":"https:\/\/www.swedcham.com.br\/en\/wp-json\/wp\/v2\/product\/25455","targetHints":{"allow":["GET"]}}],"collection":[{"href":"https:\/\/www.swedcham.com.br\/en\/wp-json\/wp\/v2\/product"}],"about":[{"href":"https:\/\/www.swedcham.com.br\/en\/wp-json\/wp\/v2\/types\/product"}],"wp:featuredmedia":[{"embeddable":true,"href":"https:\/\/www.swedcham.com.br\/en\/wp-json\/wp\/v2\/media\/25457"}],"wp:attachment":[{"href":"https:\/\/www.swedcham.com.br\/en\/wp-json\/wp\/v2\/media?parent=25455"}],"wp:term":[{"taxonomy":"product_brand","embeddable":true,"href":"https:\/\/www.swedcham.com.br\/en\/wp-json\/wp\/v2\/product_brand?post=25455"},{"taxonomy":"product_cat","embeddable":true,"href":"https:\/\/www.swedcham.com.br\/en\/wp-json\/wp\/v2\/product_cat?post=25455"},{"taxonomy":"product_tag","embeddable":true,"href":"https:\/\/www.swedcham.com.br\/en\/wp-json\/wp\/v2\/product_tag?post=25455"}],"curies":[{"name":"wp","href":"https:\/\/api.w.org\/{rel}","templated":true}]}}