{"id":25447,"date":"2022-05-12T15:17:08","date_gmt":"2022-05-12T18:17:08","guid":{"rendered":"https:\/\/www.swedcham.com.br\/?post_type=product&#038;p=25447"},"modified":"2022-05-20T11:00:06","modified_gmt":"2022-05-20T14:00:06","slug":"friday-fika-com-rodrigo-dienstmann-presidente-ericsson-latam-south","status":"publish","type":"product","link":"https:\/\/www.swedcham.com.br\/en\/product\/our-events\/friday-fika\/friday-fika-com-rodrigo-dienstmann-presidente-ericsson-latam-south\/","title":{"rendered":"Friday Fika com Rodrigo Dienstmann &#8211; Presidente Ericsson Latam South"},"content":{"rendered":"\n<figure class=\"wp-block-image size-full\"><a href=\"https:\/\/www.swedcham.com.br\/wp-content\/uploads\/2022\/05\/fff2.png\"><img loading=\"lazy\" decoding=\"async\" width=\"800\" height=\"279\" src=\"https:\/\/www.swedcham.com.br\/wp-content\/uploads\/2022\/05\/fff2.png\" alt=\"\" class=\"wp-image-25439\" srcset=\"https:\/\/www.swedcham.com.br\/wp-content\/uploads\/2022\/05\/fff2.png 800w, https:\/\/www.swedcham.com.br\/wp-content\/uploads\/2022\/05\/fff2-300x105.png 300w, https:\/\/www.swedcham.com.br\/wp-content\/uploads\/2022\/05\/fff2-768x268.png 768w, https:\/\/www.swedcham.com.br\/wp-content\/uploads\/2022\/05\/fff2-600x209.png 600w\" sizes=\"auto, (max-width: 800px) 100vw, 800px\" \/><\/a><\/figure>\n\n\n\n<figure class=\"wp-block-embed is-type-video is-provider-youtube wp-block-embed-youtube wp-embed-aspect-16-9 wp-has-aspect-ratio\"><div class=\"wp-block-embed__wrapper\">\n<iframe loading=\"lazy\" title=\"Friday Fika com Rodrigo Dienstmann - Ericsson\" width=\"640\" height=\"360\" src=\"https:\/\/www.youtube.com\/embed\/RnbGCnBcsPA?feature=oembed\" frameborder=\"0\" allow=\"accelerometer; autoplay; clipboard-write; encrypted-media; gyroscope; picture-in-picture; web-share\" referrerpolicy=\"strict-origin-when-cross-origin\" allowfullscreen><\/iframe>\n<\/div><\/figure>\n\n\n\n<p>Dia 20\u00a0de maio\u00a0<strong><em>Jonas Lindstr\u00f6m<\/em><\/strong>\u00a0recebeu <strong><em>Rodrigo Dienstmann<\/em><\/strong> &#8211; Presidente <em>Ericsson Latam South<\/em> para um bate papo descontra\u00eddo.<\/p>\n\n\n\n<p>Com quase tr\u00eas d\u00e9cadas de experi\u00eancia no mercado de telecom, Dienstmann tem passagens pela <em>Vivo<\/em> (onde ocupou o cargo de diretor de opera\u00e7\u00f5es entre 2015 e 2017), <em>Cisco<\/em> (exercendo a fun\u00e7\u00e3o de CEO entre 2013 e 2015), <em>Oi <\/em>e <em>GVT.<\/em><\/p>\n\n\n\n<p>Nesse fika, vamos conversar sobre sua trajet\u00f3ria, transforma\u00e7\u00e3o digital, inova\u00e7\u00e3o, 5G, sustentabilidade&nbsp;e as mudan\u00e7as que vem pela frente.<\/p>\n\n\n\n<p><\/p>\n\n\n\n<div class=\"wp-block-image\"><figure class=\"alignleft\"><img loading=\"lazy\" decoding=\"async\" width=\"1280\" height=\"640\" src=\"https:\/\/www.swedcham.com.br\/wp-content\/uploads\/2021\/05\/banner-final.jpg\" alt=\"\" class=\"wp-image-22977\" srcset=\"https:\/\/www.swedcham.com.br\/wp-content\/uploads\/2021\/05\/banner-final.jpg 1280w, https:\/\/www.swedcham.com.br\/wp-content\/uploads\/2021\/05\/banner-final-600x300.jpg 600w, https:\/\/www.swedcham.com.br\/wp-content\/uploads\/2021\/05\/banner-final-300x150.jpg 300w, https:\/\/www.swedcham.com.br\/wp-content\/uploads\/2021\/05\/banner-final-1024x512.jpg 1024w, https:\/\/www.swedcham.com.br\/wp-content\/uploads\/2021\/05\/banner-final-768x384.jpg 768w, https:\/\/www.swedcham.com.br\/wp-content\/uploads\/2021\/05\/banner-final-100x50.jpg 100w\" sizes=\"auto, (max-width: 1280px) 100vw, 1280px\" \/><\/figure><\/div>\n","protected":false},"excerpt":{"rendered":"<p>Dia 20\u00a0de maio\u00a0Jonas Lindstr\u00f6m\u00a0recebeu Rodrigo Dienstmann &#8211; Presidente Ericsson Latam South para um bate papo descontra\u00eddo. Com quase tr\u00eas d\u00e9cadas<\/p>\n","protected":false},"featured_media":25449,"template":"","meta":[],"product_brand":[],"product_cat":[199],"product_tag":[],"class_list":{"0":"post-25447","1":"product","2":"type-product","3":"status-publish","4":"has-post-thumbnail","6":"product_cat-friday-fika","8":"first","9":"instock","10":"shipping-taxable","11":"product-type-simple"},"_links":{"self":[{"href":"https:\/\/www.swedcham.com.br\/en\/wp-json\/wp\/v2\/product\/25447","targetHints":{"allow":["GET"]}}],"collection":[{"href":"https:\/\/www.swedcham.com.br\/en\/wp-json\/wp\/v2\/product"}],"about":[{"href":"https:\/\/www.swedcham.com.br\/en\/wp-json\/wp\/v2\/types\/product"}],"wp:featuredmedia":[{"embeddable":true,"href":"https:\/\/www.swedcham.com.br\/en\/wp-json\/wp\/v2\/media\/25449"}],"wp:attachment":[{"href":"https:\/\/www.swedcham.com.br\/en\/wp-json\/wp\/v2\/media?parent=25447"}],"wp:term":[{"taxonomy":"product_brand","embeddable":true,"href":"https:\/\/www.swedcham.com.br\/en\/wp-json\/wp\/v2\/product_brand?post=25447"},{"taxonomy":"product_cat","embeddable":true,"href":"https:\/\/www.swedcham.com.br\/en\/wp-json\/wp\/v2\/product_cat?post=25447"},{"taxonomy":"product_tag","embeddable":true,"href":"https:\/\/www.swedcham.com.br\/en\/wp-json\/wp\/v2\/product_tag?post=25447"}],"curies":[{"name":"wp","href":"https:\/\/api.w.org\/{rel}","templated":true}]}}