{"id":25438,"date":"2022-05-20T14:13:25","date_gmt":"2022-05-20T17:13:25","guid":{"rendered":"https:\/\/www.swedcham.com.br\/?post_type=product&#038;p=25438"},"modified":"2022-05-27T13:36:15","modified_gmt":"2022-05-27T16:36:15","slug":"friday-fika-com-renata-rivetti-diretora-reconnect-happiness-at-work","status":"publish","type":"product","link":"https:\/\/www.swedcham.com.br\/en\/product\/our-events\/friday-fika\/friday-fika-com-renata-rivetti-diretora-reconnect-happiness-at-work\/","title":{"rendered":"Friday Fika com Renata Rivetti &#8211; Diretora Reconnect |\u00a0Happiness at Work"},"content":{"rendered":"\n<p><strong><em>&#8220;\u00c9 poss\u00edvel ser feliz neste mundo desafiador?&#8221;<\/em><\/strong><\/p>\n\n\n\n<figure class=\"wp-block-embed is-type-video is-provider-youtube wp-block-embed-youtube wp-embed-aspect-16-9 wp-has-aspect-ratio\"><div class=\"wp-block-embed__wrapper\">\n<iframe loading=\"lazy\" title=\"Friday Fika com Renata Rivetti\" width=\"640\" height=\"360\" src=\"https:\/\/www.youtube.com\/embed\/Y-IGFzkiqzU?feature=oembed\" frameborder=\"0\" allow=\"accelerometer; autoplay; clipboard-write; encrypted-media; gyroscope; picture-in-picture; web-share\" referrerpolicy=\"strict-origin-when-cross-origin\" allowfullscreen><\/iframe>\n<\/div><\/figure>\n\n\n\n<p>Assista a um bate-papo descontra\u00eddo entre\u00a0<strong><em>Jonas Lindstr\u00f6m<\/em><\/strong>\u00a0e<em><strong> Renata Rivetti <\/strong><\/em>&#8211; Diretora <em>Reconnect<\/em> |\u00a0<em>Happiness at Work.<\/em><\/p>\n\n\n\n<p>Graduada em Administra\u00e7\u00e3o pela <em>FGV-EAESP<\/em>, com P\u00f3s-Gradua\u00e7\u00e3o em Psicologia Positiva pela <em>PUC-RS<\/em> e Especializa\u00e7\u00e3o em Estudos da Felicidade na <em>Happiness Studies Academy<\/em>.<br>Ap\u00f3s v\u00e1rios anos como gerente de marketing\u00a0em grandes empresas e multinacionais, a Renata fez uma transi\u00e7\u00e3o de carreira em 2017, passando a atuar no desenvolvimento de pessoas, se especializando no tema da Ci\u00eancia da Felicidade e Felicidade Organizacional.<br><br>Atualmente, atua como diretora e consultora da Reconnect | Happiness at Work, palestrante e professora convidada do MBA<em> Isec Lisboa de Felicidade Organizacional<\/em>.<br><br><\/p>\n\n\n\n<div class=\"wp-block-image\"><figure class=\"alignleft\"><img loading=\"lazy\" decoding=\"async\" width=\"1280\" height=\"640\" src=\"https:\/\/www.swedcham.com.br\/wp-content\/uploads\/2021\/05\/banner-final.jpg\" alt=\"\" class=\"wp-image-22977\" srcset=\"https:\/\/www.swedcham.com.br\/wp-content\/uploads\/2021\/05\/banner-final.jpg 1280w, https:\/\/www.swedcham.com.br\/wp-content\/uploads\/2021\/05\/banner-final-600x300.jpg 600w, https:\/\/www.swedcham.com.br\/wp-content\/uploads\/2021\/05\/banner-final-300x150.jpg 300w, https:\/\/www.swedcham.com.br\/wp-content\/uploads\/2021\/05\/banner-final-1024x512.jpg 1024w, https:\/\/www.swedcham.com.br\/wp-content\/uploads\/2021\/05\/banner-final-768x384.jpg 768w, https:\/\/www.swedcham.com.br\/wp-content\/uploads\/2021\/05\/banner-final-100x50.jpg 100w\" sizes=\"auto, (max-width: 1280px) 100vw, 1280px\" \/><\/figure><\/div>\n","protected":false},"excerpt":{"rendered":"<p>&#8220;\u00c9 poss\u00edvel ser feliz neste mundo desafiador?&#8221; Assista a um bate-papo descontra\u00eddo entre\u00a0Jonas Lindstr\u00f6m\u00a0e Renata Rivetti &#8211; Diretora Reconnect |\u00a0Happiness<\/p>\n","protected":false},"featured_media":25442,"template":"","meta":[],"product_brand":[],"product_cat":[199],"product_tag":[],"class_list":{"0":"post-25438","1":"product","2":"type-product","3":"status-publish","4":"has-post-thumbnail","6":"product_cat-friday-fika","8":"first","9":"instock","10":"shipping-taxable","11":"product-type-simple"},"_links":{"self":[{"href":"https:\/\/www.swedcham.com.br\/en\/wp-json\/wp\/v2\/product\/25438","targetHints":{"allow":["GET"]}}],"collection":[{"href":"https:\/\/www.swedcham.com.br\/en\/wp-json\/wp\/v2\/product"}],"about":[{"href":"https:\/\/www.swedcham.com.br\/en\/wp-json\/wp\/v2\/types\/product"}],"wp:featuredmedia":[{"embeddable":true,"href":"https:\/\/www.swedcham.com.br\/en\/wp-json\/wp\/v2\/media\/25442"}],"wp:attachment":[{"href":"https:\/\/www.swedcham.com.br\/en\/wp-json\/wp\/v2\/media?parent=25438"}],"wp:term":[{"taxonomy":"product_brand","embeddable":true,"href":"https:\/\/www.swedcham.com.br\/en\/wp-json\/wp\/v2\/product_brand?post=25438"},{"taxonomy":"product_cat","embeddable":true,"href":"https:\/\/www.swedcham.com.br\/en\/wp-json\/wp\/v2\/product_cat?post=25438"},{"taxonomy":"product_tag","embeddable":true,"href":"https:\/\/www.swedcham.com.br\/en\/wp-json\/wp\/v2\/product_tag?post=25438"}],"curies":[{"name":"wp","href":"https:\/\/api.w.org\/{rel}","templated":true}]}}