{"id":25305,"date":"2022-03-23T09:26:36","date_gmt":"2022-03-23T12:26:36","guid":{"rendered":"https:\/\/www.swedcham.com.br\/uncategorized\/contratando-na-nova-economia-contratos-relacionais-para-aumentar-confianca-e-colaboracao\/"},"modified":"2022-04-13T21:55:19","modified_gmt":"2022-04-14T00:55:19","slug":"contratando-na-nova-economia-contratos-relacionais-para-aumentar-confianca-e-colaboracao","status":"publish","type":"product","link":"https:\/\/www.swedcham.com.br\/en\/product\/our-events\/contratando-na-nova-economia-contratos-relacionais-para-aumentar-confianca-e-colaboracao\/","title":{"rendered":"Contratando na Nova Economia: contratos relacionais para aumentar confian\u00e7a e colabora\u00e7\u00e3o"},"content":{"rendered":"<p><iframe loading=\"lazy\" title=\"Contratando na Nova Economia: contratos relacionais para aumentar confian\u00e7a e colabora\u00e7\u00e3o\" width=\"640\" height=\"360\" src=\"https:\/\/www.youtube.com\/embed\/AZy1otRsNrQ?feature=oembed\" frameborder=\"0\" allow=\"accelerometer; autoplay; clipboard-write; encrypted-media; gyroscope; picture-in-picture; web-share\" referrerpolicy=\"strict-origin-when-cross-origin\" allowfullscreen><\/iframe><\/p>\n<div>\n<div><span style=\"color: #000000;\">&nbsp;<\/span><br \/>\n<span style=\"color: #000000;\">Os contratos tradicionais n\u00e3o funcionam em relacionamentos estrat\u00e9gicos complexos, onde as partes s\u00e3o altamente dependentes umas das outras e onde eventos futuros n\u00e3o podem ser previstos e a flexibilidade e confian\u00e7a s\u00e3o necess\u00e1rias. Em vez de promover os relacionamentos de parceria necess\u00e1rios para lidar com a incerteza, os contratos convencionais os enfraquecem e podem facilmente levar \u00e0 uma mentalidade adversa, criando uma espiral descendente de comportamentos negativos de olho por olho.<\/span><br \/>\n<span style=\"color: #000000;\">&nbsp;&nbsp;<\/span><br \/>\n<span style=\"color: #000000;\">\u2022 Venha descobrir o que \u00e9 o paradoxo da contrata\u00e7\u00e3o e como evit\u00e1-lo.<\/span><br \/>\n<span style=\"color: #000000;\">\u2022 Como cl\u00e1usulas contratuais comuns criam incentivos perversos e o que deve ser observado.<\/span><\/div>\n<ul>\n<li><span style=\"color: #000000;\">conhe\u00e7a como uma metodologia comprovada de cinco etapas que &nbsp;vai virar seu pr\u00f3ximo contrato de cabe\u00e7a para baixo e estabelecer as bases para uma parceria incr\u00edvel, eficaz e sustent\u00e1vel.<\/span><\/li>\n<\/ul>\n<\/div>\n<p class=\"m_3630756642185695850normal\" style=\"text-align: left;\"><span style=\"color: #000000;\"><img loading=\"lazy\" decoding=\"async\" class=\"alignleft wp-image-24659\" src=\"https:\/\/www.swedcham.com.br\/wp-content\/uploads\/2022\/03\/Ana-Luisa-255x300.png\" alt=\"\" width=\"163\" height=\"192\"><\/span><\/p>\n<p><span style=\"color: #000000;\"><strong>Ana Luiza Panyagua Etchalus<\/strong> \u00e9 advogada atuante em Porto Alegre(RGS) na Etchalus Advocacia( www.etchalus.com.br), com vasta experi\u00eancia no atendimento de empresas e particulares, tendo se dedicado nos \u00faltimos anos ao ambiente das ADR\u2019s. Mestre em Direito do Com\u00e9rcio Internacional pela Universidade do Pa\u00eds Basco(Espanha), certificada em Contrata\u00e7\u00e3o Colaborativa pela Universidade do Tennessee(EUA), \u00e9 mentora para empresas canadenses no Brasil, em programa oficial do Governo do Canad\u00e1 e mediadora e \u00e1rbitra credenciada pelas Euroc\u00e2maras.<\/span><\/p>\n<p><span style=\"color: #000000;\"><\/span><\/p>\n<p class=\"m_3630756642185695850normal\" style=\"text-align: left;\"><span style=\"color: #000000;\"><img loading=\"lazy\" decoding=\"async\" class=\"alignleft wp-image-24661 size-full\" src=\"https:\/\/www.swedcham.com.br\/wp-content\/uploads\/2022\/03\/Jim-Bergman.png\" alt=\"\" width=\"163\" height=\"191\"><\/span><\/p>\n<p><span style=\"color: #000000;\"><strong>Jim Bergman <\/strong>\u00e9 um profissional de contratos comerciais com experi\u00eancia global. Inicialmente, o Sr. Bergman atuou como advogado de contratos para uma corpora\u00e7\u00e3o petroqu\u00edmica da Fortune 500, a Amoco Corporation, apoiando a equipe global de compras da empresa. Sua experi\u00eancia inclui fun\u00e7\u00f5es de contrata\u00e7\u00e3o comercial em planejamento estrat\u00e9gico, gerenciamento de projetos, gerenciamento de suprimentos e desenvolvimento de neg\u00f3cios.<\/span><\/p>\n<div>\n<p><span style=\"color: #000000;\"><\/span><\/p>\n<p class=\"m_3630756642185695850normal\" style=\"text-align: left;\"><span style=\"color: #000000;\"><img loading=\"lazy\" decoding=\"async\" class=\"alignleft wp-image-24663\" src=\"https:\/\/www.swedcham.com.br\/wp-content\/uploads\/2022\/03\/Kate-247x300.png\" alt=\"\" width=\"163\" height=\"198\"><\/span><\/p>\n<p><span style=\"color: #000000;\"><strong>Kate Vitasek <\/strong>\u00e9 uma autoridade internacional por sua pesquisa premiada e modelo de neg\u00f3cios Vested\u00ae para relacionamentos altamente colaborativos. Autora de 7 livros e membro do corpo docente da Universidade do Tennessee, ela foi elogiada pela World Trade Magazine como uma das \u201cFabulous 50+1\u201d pessoas mais influentes que impactam o com\u00e9rcio global.<\/span><\/p>\n<\/div>\n<p><span style=\"color: #000000;\"><\/span><\/p>\n<div>\n<h4 class=\"m_8215363500706865736m_-1492442068443120964m_-8622026719244850452m_-7456309968160772443m_-5953347527171562918m_-919258446742338626detail_h3\"><span style=\"color: #000000;\"><strong>Quando<\/strong><\/span><\/h4>\n<p><span style=\"color: #000000;\">Quarta-feira, 06 de abril, \u00e0s 16h<\/span><\/p>\n<h4><span style=\"color: #000000;\"><strong>Idioma:<\/strong><\/span><\/h4>\n<p><span style=\"color: #000000;\"> Ingl\u00eas e Portugu\u00eas<\/span><\/p>\n<div><span style=\"color: #000000;\"><strong>Moderador:&nbsp;<\/strong>&nbsp;Dr. Renato Pacheco,&nbsp;Coordenador do Legal Committee e Presidente da CAE &#8211; EUROC\u00c2MARAS &#8211; C\u00e2mara de Arbitragem e Media\u00e7\u00e3o das Euroc\u00e2maras&nbsp;<\/span><\/div>\n<div>\n<p><span style=\"color: #000000;\"><\/span><\/p>\n<h4><span style=\"color: #000000;\"><strong>RSVP&nbsp;at\u00e9 06 de abril<br \/>\n<\/strong><\/span><\/h4>\n<p><span style=\"color: #000000;\"><strong><a style=\"color: #000000;\" href=\"https:\/\/docs.google.com\/forms\/d\/e\/1FAIpQLSdtCc2M4v-Q4G9PYS19c_ehNTZxZOO_KdvkvC5vNbTRe9V7tw\/viewform?vc=0&amp;c=0&amp;w=1&amp;flr=0\" target=\"_blank\" rel=\"noopener noreferrer\" data-cke-saved-href=\"https:\/\/docs.google.com\/forms\/d\/e\/1FAIpQLSdtCc2M4v-Q4G9PYS19c_ehNTZxZOO_KdvkvC5vNbTRe9V7tw\/viewform?vc=0&amp;c=0&amp;w=1&amp;flr=0\">Clique aqui para fazer sua reserva<\/a><\/strong><\/span><\/p>\n<\/div>\n<\/div>\n<div>\n<p><span style=\"color: #000000;\">O link de acesso para o webinar&nbsp;ser\u00e1 enviado&nbsp;antes do<\/span><br \/>\n<span style=\"color: #000000;\">evento para todos que confirmarem sua participa\u00e7\u00e3o.<\/span><\/p>\n<\/div>\n<h4><img loading=\"lazy\" decoding=\"async\" class=\"alignleft size-full wp-image-24668\" src=\"https:\/\/www.swedcham.com.br\/wp-content\/uploads\/2022\/03\/BANNER-EURO.png\" alt=\"\" width=\"684\" height=\"133\"><\/h4>\n<p style=\"text-align: center;\">\n","protected":false},"excerpt":{"rendered":"<p>&nbsp; Os contratos tradicionais n\u00e3o funcionam em relacionamentos estrat\u00e9gicos complexos, onde as partes s\u00e3o altamente dependentes umas das outras e<\/p>\n","protected":false},"featured_media":25308,"template":"","meta":[],"product_brand":[],"product_cat":[228],"product_tag":[],"class_list":{"0":"post-25305","1":"product","2":"type-product","3":"status-publish","4":"has-post-thumbnail","6":"product_cat-our-events","8":"first","9":"instock","10":"shipping-taxable","11":"product-type-simple"},"_links":{"self":[{"href":"https:\/\/www.swedcham.com.br\/en\/wp-json\/wp\/v2\/product\/25305","targetHints":{"allow":["GET"]}}],"collection":[{"href":"https:\/\/www.swedcham.com.br\/en\/wp-json\/wp\/v2\/product"}],"about":[{"href":"https:\/\/www.swedcham.com.br\/en\/wp-json\/wp\/v2\/types\/product"}],"wp:featuredmedia":[{"embeddable":true,"href":"https:\/\/www.swedcham.com.br\/en\/wp-json\/wp\/v2\/media\/25308"}],"wp:attachment":[{"href":"https:\/\/www.swedcham.com.br\/en\/wp-json\/wp\/v2\/media?parent=25305"}],"wp:term":[{"taxonomy":"product_brand","embeddable":true,"href":"https:\/\/www.swedcham.com.br\/en\/wp-json\/wp\/v2\/product_brand?post=25305"},{"taxonomy":"product_cat","embeddable":true,"href":"https:\/\/www.swedcham.com.br\/en\/wp-json\/wp\/v2\/product_cat?post=25305"},{"taxonomy":"product_tag","embeddable":true,"href":"https:\/\/www.swedcham.com.br\/en\/wp-json\/wp\/v2\/product_tag?post=25305"}],"curies":[{"name":"wp","href":"https:\/\/api.w.org\/{rel}","templated":true}]}}