{"id":25298,"date":"2022-04-12T16:23:36","date_gmt":"2022-04-12T19:23:36","guid":{"rendered":"https:\/\/www.swedcham.com.br\/?post_type=product&#038;p=25298"},"modified":"2022-04-12T16:41:18","modified_gmt":"2022-04-12T19:41:18","slug":"https-www-youtube-com-watchvmaxr0vgoai4","status":"publish","type":"product","link":"https:\/\/www.swedcham.com.br\/en\/product\/our-events\/https-www-youtube-com-watchvmaxr0vgoai4\/","title":{"rendered":"As 100 express\u00f5es do meio corporativo mais usadas por profissionais americanos"},"content":{"rendered":"\n<figure class=\"wp-block-image size-large\"><a href=\"https:\/\/www.youtube.com\/watch?v=MAXR0vgoAi4\"><img loading=\"lazy\" decoding=\"async\" width=\"1024\" height=\"1024\" src=\"https:\/\/www.swedcham.com.br\/wp-content\/uploads\/2022\/04\/Ricardo-1024x1024.jpg\" alt=\"\" class=\"wp-image-25299\"\/><\/a><\/figure>\n\n\n\n<p><\/p>\n\n\n\n<p>Sorry, what do you mean? J\u00e1 se viu na situa\u00e7\u00e3o de tentar compreender o que seu interlocutor disse, mas n\u00e3o conseguiu entender especificamente aquela frase?<\/p>\n\n\n\n<p>Se voc\u00ea ainda n\u00e3o passou por esse tipo de situa\u00e7\u00e3o, com certeza ir\u00e1 enfrenta-la em sua jornada de desenvolvimento no idioma. Usar a express\u00e3o certa, na hora certa, pode colocar suas habilidades em comunica\u00e7\u00e3o em outro patamar. Independente do seu n\u00edvel de flu\u00eancia, entender essas express\u00f5es com certeza vai te trazer mais confian\u00e7a na hora de se comunicar e entender profissionais estrangeiros.<\/p>\n\n\n\n<p>Esperamos voc\u00eas!<\/p>\n","protected":false},"excerpt":{"rendered":"<p>Sorry, what do you mean? J\u00e1 se viu na situa\u00e7\u00e3o de tentar compreender o que seu interlocutor disse, mas n\u00e3o conseguiu entender especificamente aquela frase?<\/p>\n<p>Se voc\u00ea ainda n\u00e3o passou por esse tipo de situa\u00e7\u00e3o, com certeza ir\u00e1 enfrenta-la em sua jornada de desenvolvimento no idioma. Usar a express\u00e3o certa, na hora certa, pode colocar suas habilidades em comunica\u00e7\u00e3o em outro patamar. Independente do seu n\u00edvel de flu\u00eancia, entender essas express\u00f5es com certeza vai te trazer mais confian\u00e7a na hora de se comunicar e entender profissionais estrangeiros.<\/p>\n<p><img loading=\"lazy\" decoding=\"async\" class=\"alignleft size-large wp-image-25299\" src=\"https:\/\/www.swedcham.com.br\/wp-content\/uploads\/2022\/04\/Ricardo-1024x1024.jpg\" alt=\"\" width=\"640\" height=\"640\" \/><\/p>\n","protected":false},"featured_media":25300,"template":"","meta":[],"product_brand":[],"product_cat":[228],"product_tag":[],"class_list":{"0":"post-25298","1":"product","2":"type-product","3":"status-publish","4":"has-post-thumbnail","6":"product_cat-our-events","8":"first","9":"instock","10":"shipping-taxable","11":"product-type-simple"},"_links":{"self":[{"href":"https:\/\/www.swedcham.com.br\/en\/wp-json\/wp\/v2\/product\/25298","targetHints":{"allow":["GET"]}}],"collection":[{"href":"https:\/\/www.swedcham.com.br\/en\/wp-json\/wp\/v2\/product"}],"about":[{"href":"https:\/\/www.swedcham.com.br\/en\/wp-json\/wp\/v2\/types\/product"}],"wp:featuredmedia":[{"embeddable":true,"href":"https:\/\/www.swedcham.com.br\/en\/wp-json\/wp\/v2\/media\/25300"}],"wp:attachment":[{"href":"https:\/\/www.swedcham.com.br\/en\/wp-json\/wp\/v2\/media?parent=25298"}],"wp:term":[{"taxonomy":"product_brand","embeddable":true,"href":"https:\/\/www.swedcham.com.br\/en\/wp-json\/wp\/v2\/product_brand?post=25298"},{"taxonomy":"product_cat","embeddable":true,"href":"https:\/\/www.swedcham.com.br\/en\/wp-json\/wp\/v2\/product_cat?post=25298"},{"taxonomy":"product_tag","embeddable":true,"href":"https:\/\/www.swedcham.com.br\/en\/wp-json\/wp\/v2\/product_tag?post=25298"}],"curies":[{"name":"wp","href":"https:\/\/api.w.org\/{rel}","templated":true}]}}