{"id":25246,"date":"2022-04-05T11:35:18","date_gmt":"2022-04-05T14:35:18","guid":{"rendered":"https:\/\/dev.swedcham.com.br\/uncategorized\/friday-fika-com-viviane-barrichelo-e-alexandra-santos\/"},"modified":"2022-04-18T15:51:42","modified_gmt":"2022-04-18T18:51:42","slug":"friday-fika-com-viviane-barrichelo-e-alexandra-santos","status":"publish","type":"product","link":"https:\/\/www.swedcham.com.br\/en\/product\/our-events\/friday-fika\/friday-fika-com-viviane-barrichelo-e-alexandra-santos\/","title":{"rendered":"Friday Fika com Viviane Barrichelo e Alexandra Santos"},"content":{"rendered":"<p><img loading=\"lazy\" decoding=\"async\" class=\"size-full wp-image-24183 alignnone\" src=\"https:\/\/www.swedcham.com.br\/wp-content\/uploads\/2021\/11\/fff.png\" alt=\"\" width=\"522\" height=\"182\" \/><\/p>\n<h4><span style=\"color: #000000;\"><strong>Comunica\u00e7\u00e3o h\u00edbrida: como se expressar em um mundo que salta da tela para o presencial<\/strong><\/span><\/h4>\n<p><span style=\"color: #000000;\">A pandemia da COVID-19 nos trancou em casa e obrigou at\u00e9 os mais offlines a aceitarem a comunica\u00e7\u00e3o virtual na vida, no trabalho. Pulamos do olho no olho para o tela na tela. J\u00e1 mais adaptados, e ao mesmo tempo de volta a atividades presenciais, h\u00e1 aqueles que querem manter o dia a dia nesse formato dito \u201ch\u00edbrido\u201d. \u00a0<\/span><br \/>\n<span style=\"color: #000000;\">Muitos foram os ajustes nas rela\u00e7\u00f5es interpessoais e na forma de fazer neg\u00f3cios. E agora?\u00a0<\/span><br \/>\n<span style=\"color: #000000;\">Quais s\u00e3o os desafios e cuidados com que as empresas e seus times precisam lidar?\u00a0<\/span><br \/>\n<span style=\"color: #000000;\">\u00a0<\/span><br \/>\n<span style=\"color: #000000;\"><strong>Neste Friday Fika do dia 08 de abril, \u00e0s 10 horas<\/strong>, Jonas Lindstr\u00f6m receber\u00e1\u00a0<em><strong>Viviane Barrichelo<\/strong><\/em>, s\u00f3cia-diretora da Vocalis &#8211; Voz &amp; Express\u00e3o, Fonoaudi\u00f3loga, Narradora, Preparadora Vocal e Consultora em Comunica\u00e7\u00e3o e Expressividade; e\u00a0<em><strong>Alexandra Santos<\/strong><\/em>, Head de Novos Neg\u00f3cios da EVCOM, Jornalista, Especialista em Comunica\u00e7\u00e3o Corporativa que h\u00e1 25 anos tra\u00e7a estrat\u00e9gias para que seus clientes falem com mais qualidade com seu p\u00fablico-alvo.<\/span><br \/>\n<span style=\"color: #000000;\">\u00a0<\/span><br \/>\n<span style=\"color: #000000;\">Participe deste FIKA repleto de dicas de comunica\u00e7\u00e3o!<\/span><\/p>\n<p><span style=\"color: #000000;\">Voc\u00ea que \u00e9 de S\u00e3o Paulo,\u00a0<a style=\"color: #000000;\" href=\"https:\/\/swedcham.us11.list-manage.com\/track\/click?u=9a53a6aa1cef2bc498bbe264b&amp;id=2327b0b7ce&amp;e=7fe8640fb8\" target=\"_blank\" rel=\"noopener noreferrer\" data-saferedirecturl=\"https:\/\/www.google.com\/url?q=https:\/\/swedcham.us11.list-manage.com\/track\/click?u%3D9a53a6aa1cef2bc498bbe264b%26id%3D2327b0b7ce%26e%3D7fe8640fb8&amp;source=gmail&amp;ust=1649250280201000&amp;usg=AOvVaw2qMNPTgGoUI5rp2JDiVaUO\">clique aq<\/a><a style=\"color: #000000;\" href=\"https:\/\/swedcham.us11.list-manage.com\/track\/click?u=9a53a6aa1cef2bc498bbe264b&amp;id=ab9993283d&amp;e=7fe8640fb8\" target=\"_blank\" rel=\"noopener noreferrer\" data-saferedirecturl=\"https:\/\/www.google.com\/url?q=https:\/\/swedcham.us11.list-manage.com\/track\/click?u%3D9a53a6aa1cef2bc498bbe264b%26id%3Dab9993283d%26e%3D7fe8640fb8&amp;source=gmail&amp;ust=1649250280201000&amp;usg=AOvVaw33BameX1UT3D4U8H0T4c-Y\"><u>u<\/u><\/a><a style=\"color: #000000;\" href=\"https:\/\/swedcham.us11.list-manage.com\/track\/click?u=9a53a6aa1cef2bc498bbe264b&amp;id=60258211db&amp;e=7fe8640fb8\" target=\"_blank\" rel=\"noopener noreferrer\" data-saferedirecturl=\"https:\/\/www.google.com\/url?q=https:\/\/swedcham.us11.list-manage.com\/track\/click?u%3D9a53a6aa1cef2bc498bbe264b%26id%3D60258211db%26e%3D7fe8640fb8&amp;source=gmail&amp;ust=1649250280201000&amp;usg=AOvVaw2iNHcg2GwC1zYbtw4_Wy69\"><u>i<\/u>\u00a0<\/a>e encomende um\u00a0delicioso Fika para acompanhar o bate papo!<\/span><\/p>\n<p><img loading=\"lazy\" decoding=\"async\" class=\"alignleft wp-image-22975\" src=\"https:\/\/www.swedcham.com.br\/wp-content\/uploads\/2021\/05\/11.png\" alt=\"\" width=\"522\" height=\"237\" srcset=\"https:\/\/www.swedcham.com.br\/wp-content\/uploads\/2021\/05\/11.png 606w, https:\/\/www.swedcham.com.br\/wp-content\/uploads\/2021\/05\/11-600x272.png 600w, https:\/\/www.swedcham.com.br\/wp-content\/uploads\/2021\/05\/11-300x136.png 300w\" sizes=\"auto, (max-width: 522px) 100vw, 522px\" \/><\/p>\n<p><img loading=\"lazy\" decoding=\"async\" class=\"wp-image-22977 alignleft\" src=\"https:\/\/www.swedcham.com.br\/wp-content\/uploads\/2021\/05\/banner-final.jpg\" alt=\"\" width=\"522\" height=\"261\" srcset=\"https:\/\/www.swedcham.com.br\/wp-content\/uploads\/2021\/05\/banner-final.jpg 1280w, https:\/\/www.swedcham.com.br\/wp-content\/uploads\/2021\/05\/banner-final-600x300.jpg 600w, https:\/\/www.swedcham.com.br\/wp-content\/uploads\/2021\/05\/banner-final-300x150.jpg 300w, https:\/\/www.swedcham.com.br\/wp-content\/uploads\/2021\/05\/banner-final-1024x512.jpg 1024w, https:\/\/www.swedcham.com.br\/wp-content\/uploads\/2021\/05\/banner-final-768x384.jpg 768w, https:\/\/www.swedcham.com.br\/wp-content\/uploads\/2021\/05\/banner-final-100x50.jpg 100w\" sizes=\"auto, (max-width: 522px) 100vw, 522px\" \/><\/p>\n","protected":false},"excerpt":{"rendered":"<p>Comunica\u00e7\u00e3o h\u00edbrida: como se expressar em um mundo que salta da tela para o presencial A pandemia da COVID-19 nos<\/p>\n","protected":false},"featured_media":25248,"template":"","meta":[],"product_brand":[],"product_cat":[199],"product_tag":[],"class_list":{"0":"post-25246","1":"product","2":"type-product","3":"status-publish","4":"has-post-thumbnail","6":"product_cat-friday-fika","8":"first","9":"instock","10":"shipping-taxable","11":"product-type-simple"},"_links":{"self":[{"href":"https:\/\/www.swedcham.com.br\/en\/wp-json\/wp\/v2\/product\/25246","targetHints":{"allow":["GET"]}}],"collection":[{"href":"https:\/\/www.swedcham.com.br\/en\/wp-json\/wp\/v2\/product"}],"about":[{"href":"https:\/\/www.swedcham.com.br\/en\/wp-json\/wp\/v2\/types\/product"}],"wp:featuredmedia":[{"embeddable":true,"href":"https:\/\/www.swedcham.com.br\/en\/wp-json\/wp\/v2\/media\/25248"}],"wp:attachment":[{"href":"https:\/\/www.swedcham.com.br\/en\/wp-json\/wp\/v2\/media?parent=25246"}],"wp:term":[{"taxonomy":"product_brand","embeddable":true,"href":"https:\/\/www.swedcham.com.br\/en\/wp-json\/wp\/v2\/product_brand?post=25246"},{"taxonomy":"product_cat","embeddable":true,"href":"https:\/\/www.swedcham.com.br\/en\/wp-json\/wp\/v2\/product_cat?post=25246"},{"taxonomy":"product_tag","embeddable":true,"href":"https:\/\/www.swedcham.com.br\/en\/wp-json\/wp\/v2\/product_tag?post=25246"}],"curies":[{"name":"wp","href":"https:\/\/api.w.org\/{rel}","templated":true}]}}