{"id":25037,"date":"2022-03-18T10:59:37","date_gmt":"2022-03-18T13:59:37","guid":{"rendered":"https:\/\/dev.swedcham.com.br\/uncategorized\/24613\/"},"modified":"2022-03-18T10:59:37","modified_gmt":"2022-03-18T13:59:37","slug":"24613","status":"publish","type":"product","link":"https:\/\/www.swedcham.com.br\/en\/product\/our-events\/24613\/","title":{"rendered":"PERSPECTIVAS ECON\u00d4MICAS DO BRASIL &#8211; INCERTEZA GLOBAL E INCERTEZA LOCAL"},"content":{"rendered":"<p><strong><span style=\"color: #000000;\">O Comit\u00ea Financeiro da Swedcham tem a honra de convidar para palestra: <\/span><\/strong><\/p>\n<h4><span style=\"color: #000000;\"><strong>Perspectivas econ\u00f4micas do Brasil &#8211; incerteza global e incerteza local<\/strong> <\/span><\/h4>\n<p><span style=\"color: #000000;\">O que esperar da economia brasileira em 2022 &#8211; um ano com aumento na taxa de juros, infla\u00e7\u00e3o em alta, elei\u00e7\u00f5es e perspectiva de baixo crescimento? No Webinar da pr\u00f3xima quarta-feira, <em>Cassiana Fernandez <\/em>&#8211; economista-chefe do banco <em>JP Morgan Brasil<\/em> &#8211; abordar\u00e1 os cen\u00e1rios acima, fundamentais para a tomada\u00a0de decis\u00e3o dos executivos, empreendedores e vis\u00e3o estrat\u00e9gica das empresas.<\/span><\/p>\n<p><span style=\"color: #000000;\"><strong>N\u00e3o perca esse bate papo atual de extrema\u00a0relevancia!<\/strong><\/span><\/p>\n<p class=\"m_3630756642185695850normal\" style=\"text-align: left;\"><span style=\"color: #000000;\"><img loading=\"lazy\" decoding=\"async\" class=\"alignleft wp-image-24614 size-thumbnail\" src=\"https:\/\/www.swedcham.com.br\/wp-content\/uploads\/2022\/03\/cassiana-150x150.jpg\" alt=\"\" width=\"150\" height=\"150\" \/><\/span><\/p>\n<p><span style=\"color: #000000;\"><strong>Cassiana Fernandez<\/strong> \u00e9 economista-chefe e chair do WOMT no JP Morgan Brasil. Ela se juntou ao time de emerging markets research em 2011 ap\u00f3s trabalhar por cinco anos como s\u00f3cia e economista em um hedge fund local. Anteriormente, trabalhou por tr\u00eas anos como gerente de departamento e economista no BNDES e cinco anos em uma empresa brasileira de consultoria. Cassiana \u00e9 respons\u00e1vel pela cobertura Brasil, acompanhamento econ\u00f4mico e desenvolvimento politico no pa\u00eds. Ela \u00e9 contribuidora regular de v\u00e1rias publica\u00e7\u00f5es do JP Morgan, incluindo Emerging Markets Outlook e Strategy and the Global Data Watch. \u00c9 bacharel em economia pela USP e tem mestrado em Ecomomia pela PUC-Rio, onde tamb\u00e9m foi professora do curso de gradua\u00e7\u00e3o em Economia.<\/span><\/p>\n<p><span style=\"color: #000000;\"><\/span><\/p>\n<div>\n<h4 class=\"m_8215363500706865736m_-1492442068443120964m_-8622026719244850452m_-7456309968160772443m_-5953347527171562918m_-919258446742338626detail_h3\"><span style=\"color: #000000;\">Quando<\/span><\/h4>\n<p><span style=\"color: #000000;\"><strong>Quarta-feira, 23\u00a0de mar\u00e7o, \u00e0s 15:00hs<\/strong><\/span><\/p>\n<h4><span style=\"color: #000000;\"><strong>O webinar n\u00e3o ser\u00e1 gravado.<\/strong><\/span><\/h4>\n<div>\n<p><span style=\"color: #000000;\"><\/span><\/p>\n<p><span style=\"color: #000000;\"><strong>RSVP\u00a0at\u00e9 23\u00a0de mar\u00e7o.<\/strong><\/span><\/p>\n<p><strong><span style=\"color: #000000;\"><a style=\"color: #000000;\" href=\"https:\/\/docs.google.com\/forms\/d\/e\/1FAIpQLSf05uaGm1vOFFfkScmBDwE9EWi7DPqQ0YJI8jQm9QI4plYd-Q\/viewform?vc=0&amp;c=0&amp;w=1&amp;flr=0\">Fa\u00e7a sua inscri\u00e7\u00e3o<\/a><\/span><\/strong><\/p>\n<\/div>\n<\/div>\n<div>\n<p><strong><span style=\"color: #000000;\">O link de acesso para o webinar\u00a0ser\u00e1 enviado\u00a0antes do<\/span><\/strong><br \/>\n<strong><span style=\"color: #000000;\">evento para todos que confirmarem sua participa\u00e7\u00e3o.<\/span><\/strong><\/p>\n<\/div>\n","protected":false},"excerpt":{"rendered":"<p>O Comit\u00ea Financeiro da Swedcham tem a honra de convidar para palestra: Perspectivas econ\u00f4micas do Brasil &#8211; incerteza global e<\/p>\n","protected":false},"featured_media":0,"template":"","meta":[],"product_brand":[],"product_cat":[228],"product_tag":[],"class_list":{"0":"post-25037","1":"product","2":"type-product","3":"status-publish","5":"product_cat-our-events","7":"first","8":"instock","9":"shipping-taxable","10":"product-type-simple"},"_links":{"self":[{"href":"https:\/\/www.swedcham.com.br\/en\/wp-json\/wp\/v2\/product\/25037","targetHints":{"allow":["GET"]}}],"collection":[{"href":"https:\/\/www.swedcham.com.br\/en\/wp-json\/wp\/v2\/product"}],"about":[{"href":"https:\/\/www.swedcham.com.br\/en\/wp-json\/wp\/v2\/types\/product"}],"wp:attachment":[{"href":"https:\/\/www.swedcham.com.br\/en\/wp-json\/wp\/v2\/media?parent=25037"}],"wp:term":[{"taxonomy":"product_brand","embeddable":true,"href":"https:\/\/www.swedcham.com.br\/en\/wp-json\/wp\/v2\/product_brand?post=25037"},{"taxonomy":"product_cat","embeddable":true,"href":"https:\/\/www.swedcham.com.br\/en\/wp-json\/wp\/v2\/product_cat?post=25037"},{"taxonomy":"product_tag","embeddable":true,"href":"https:\/\/www.swedcham.com.br\/en\/wp-json\/wp\/v2\/product_tag?post=25037"}],"curies":[{"name":"wp","href":"https:\/\/api.w.org\/{rel}","templated":true}]}}