{"id":25036,"date":"2022-03-21T10:00:37","date_gmt":"2022-03-21T13:00:37","guid":{"rendered":"https:\/\/dev.swedcham.com.br\/uncategorized\/friday-fika-com-anders-pettersson\/"},"modified":"2022-04-08T22:12:37","modified_gmt":"2022-04-09T01:12:37","slug":"friday-fika-com-anders-pettersson","status":"publish","type":"product","link":"https:\/\/www.swedcham.com.br\/en\/product\/our-events\/friday-fika\/friday-fika-com-anders-pettersson\/","title":{"rendered":"Friday Fika com Anders Pettersson"},"content":{"rendered":"<div><\/div>\n<p><img loading=\"lazy\" decoding=\"async\" class=\"size-full wp-image-24183 alignnone\" src=\"https:\/\/www.swedcham.com.br\/wp-content\/uploads\/2021\/11\/fff.png\" alt=\"\" width=\"522\" height=\"182\"><\/p>\n<p>&nbsp;<\/p>\n<p><span style=\"color: #000000;\">Sexta-feira, 25&nbsp;de mar\u00e7o,<strong>&nbsp;\u00e0s 10:30h<\/strong>, voc\u00ea \u00e9 nosso convidado para&nbsp;um bate-papo descontra\u00eddo entre&nbsp;<strong><em>Jonas Lindstr\u00f6m<\/em><\/strong>&nbsp;e <strong><em>Anders Pettersson <\/em><\/strong><em>&#8211;&nbsp;presidente da Confedera\u00e7\u00e3o Brasileira de Desportos na Neve (CBDN), e<\/em>&nbsp;chefe da Miss\u00e3o Brasileira &nbsp;dos Jogos Ol\u00edmpicos e Paral\u00edmpicos de inverno em Pequim 2022.<\/span><\/p>\n<p><span style=\"color: #000000;\">Anders \u00e9 filho de suecos que vieram para o Brasil para ficar um tempinho s\u00f3, mas nunca mais sa\u00edram. Anders come\u00e7ou a praticar o esqui cross country h\u00e1 mais de 20 anos e, com o tempo, migrou para a gest\u00e3o esportiva, entrando na CBDN. Ele acabou de voltar da China, onde passou quase dois meses&nbsp;acompanhando os atletas brasileiros nas olimp\u00edadas.<\/span><\/p>\n<p><span style=\"color: #000000;\">Esta foi apenas a terceira participa\u00e7\u00e3o do Brasil em Jogos Paral\u00edmpicos de Inverno.&nbsp;A miss\u00e3o brasileira em Pequim, no entanto, entrou para a hist\u00f3ria por ter sido a maior entre todas, com onze atletas ol\u00edmpicos e&nbsp;seis atletas&nbsp;paral\u00edmpicos, ambas delega\u00e7\u00f5es com expressivos resultados.<\/span><\/p>\n<p><span style=\"color: #000000;\"><strong>Participe neste FIKA e se inspire nas hist\u00f3rias de verdadeiros her\u00f3is!&nbsp;<\/strong><\/span><\/p>\n<p><span style=\"color: #000000;\">Voc\u00ea que \u00e9 de S\u00e3o Paulo, <a style=\"color: #000000;\" href=\"https:\/\/api.whatsapp.com\/message\/MLSI2KTNMCIMF1?autoload=1&amp;app_absent=0\" target=\"_blank\" rel=\"noopener noreferrer\" data-cke-saved-href=\"https:\/\/api.whatsapp.com\/message\/MLSI2KTNMCIMF1?autoload=1&amp;app_absent=0\">clique aq<\/a><a style=\"color: #000000;\" href=\"https:\/\/api.whatsapp.com\/message\/MLSI2KTNMCIMF1?autoload=1&amp;app_absent=0\" target=\"_blank\" rel=\"noopener noreferrer\" data-cke-saved-href=\"https:\/\/api.whatsapp.com\/message\/MLSI2KTNMCIMF1?autoload=1&amp;app_absent=0\"><u>u<\/u><\/a><a style=\"color: #000000;\" href=\"https:\/\/api.whatsapp.com\/message\/MLSI2KTNMCIMF1?autoload=1&amp;app_absent=0\" data-cke-saved-href=\"https:\/\/api.whatsapp.com\/message\/MLSI2KTNMCIMF1?autoload=1&amp;app_absent=0\"><u>i<\/u>&nbsp;<\/a>e encomende um&nbsp;delicioso Fika para acompanhar o bate papo!<\/span><\/p>\n<p><img loading=\"lazy\" decoding=\"async\" class=\"wp-image-22975\" src=\"https:\/\/www.swedcham.com.br\/wp-content\/uploads\/2021\/05\/11.png\" alt=\"\" width=\"522\" height=\"237\" srcset=\"https:\/\/www.swedcham.com.br\/wp-content\/uploads\/2021\/05\/11.png 606w, https:\/\/www.swedcham.com.br\/wp-content\/uploads\/2021\/05\/11-600x272.png 600w, https:\/\/www.swedcham.com.br\/wp-content\/uploads\/2021\/05\/11-300x136.png 300w\" sizes=\"auto, (max-width: 522px) 100vw, 522px\" \/><\/p>\n<p><img loading=\"lazy\" decoding=\"async\" class=\"wp-image-22977 alignnone\" src=\"https:\/\/www.swedcham.com.br\/wp-content\/uploads\/2021\/05\/banner-final.jpg\" alt=\"\" width=\"522\" height=\"261\" srcset=\"https:\/\/www.swedcham.com.br\/wp-content\/uploads\/2021\/05\/banner-final.jpg 1280w, https:\/\/www.swedcham.com.br\/wp-content\/uploads\/2021\/05\/banner-final-600x300.jpg 600w, https:\/\/www.swedcham.com.br\/wp-content\/uploads\/2021\/05\/banner-final-300x150.jpg 300w, https:\/\/www.swedcham.com.br\/wp-content\/uploads\/2021\/05\/banner-final-1024x512.jpg 1024w, https:\/\/www.swedcham.com.br\/wp-content\/uploads\/2021\/05\/banner-final-768x384.jpg 768w, https:\/\/www.swedcham.com.br\/wp-content\/uploads\/2021\/05\/banner-final-100x50.jpg 100w\" sizes=\"auto, (max-width: 522px) 100vw, 522px\" \/><\/p>\n<p><iframe loading=\"lazy\" title=\"Friday Fika com Anders Pettersson\" width=\"640\" height=\"360\" src=\"https:\/\/www.youtube.com\/embed\/ULUyb1VUiIk?feature=oembed\" frameborder=\"0\" allow=\"accelerometer; autoplay; clipboard-write; encrypted-media; gyroscope; picture-in-picture; web-share\" referrerpolicy=\"strict-origin-when-cross-origin\" allowfullscreen><\/iframe><\/p>\n<p>&nbsp;<\/p>\n","protected":false},"excerpt":{"rendered":"<p>&nbsp; Sexta-feira, 25&nbsp;de mar\u00e7o,&nbsp;\u00e0s 10:30h, voc\u00ea \u00e9 nosso convidado para&nbsp;um bate-papo descontra\u00eddo entre&nbsp;Jonas Lindstr\u00f6m&nbsp;e Anders Pettersson &#8211;&nbsp;presidente da Confedera\u00e7\u00e3o Brasileira<\/p>\n","protected":false},"featured_media":25238,"template":"","meta":[],"product_brand":[],"product_cat":[199],"product_tag":[],"class_list":{"0":"post-25036","1":"product","2":"type-product","3":"status-publish","4":"has-post-thumbnail","6":"product_cat-friday-fika","8":"first","9":"instock","10":"shipping-taxable","11":"product-type-simple"},"_links":{"self":[{"href":"https:\/\/www.swedcham.com.br\/en\/wp-json\/wp\/v2\/product\/25036","targetHints":{"allow":["GET"]}}],"collection":[{"href":"https:\/\/www.swedcham.com.br\/en\/wp-json\/wp\/v2\/product"}],"about":[{"href":"https:\/\/www.swedcham.com.br\/en\/wp-json\/wp\/v2\/types\/product"}],"wp:featuredmedia":[{"embeddable":true,"href":"https:\/\/www.swedcham.com.br\/en\/wp-json\/wp\/v2\/media\/25238"}],"wp:attachment":[{"href":"https:\/\/www.swedcham.com.br\/en\/wp-json\/wp\/v2\/media?parent=25036"}],"wp:term":[{"taxonomy":"product_brand","embeddable":true,"href":"https:\/\/www.swedcham.com.br\/en\/wp-json\/wp\/v2\/product_brand?post=25036"},{"taxonomy":"product_cat","embeddable":true,"href":"https:\/\/www.swedcham.com.br\/en\/wp-json\/wp\/v2\/product_cat?post=25036"},{"taxonomy":"product_tag","embeddable":true,"href":"https:\/\/www.swedcham.com.br\/en\/wp-json\/wp\/v2\/product_tag?post=25036"}],"curies":[{"name":"wp","href":"https:\/\/api.w.org\/{rel}","templated":true}]}}