{"id":25035,"date":"2022-03-11T09:36:38","date_gmt":"2022-03-11T12:36:38","guid":{"rendered":"https:\/\/dev.swedcham.com.br\/uncategorized\/friday-fika-com-manoel-landmann\/"},"modified":"2022-04-08T22:11:29","modified_gmt":"2022-04-09T01:11:29","slug":"friday-fika-com-manoel-landmann","status":"publish","type":"product","link":"https:\/\/www.swedcham.com.br\/en\/product\/our-events\/friday-fika\/friday-fika-com-manoel-landmann\/","title":{"rendered":"Friday Fika com Manoel Landmann"},"content":{"rendered":"<div><\/div>\n<p><img loading=\"lazy\" decoding=\"async\" class=\"size-full wp-image-24183 alignnone\" src=\"https:\/\/www.swedcham.com.br\/wp-content\/uploads\/2021\/11\/fff.png\" alt=\"\" width=\"522\" height=\"182\"><\/p>\n<p><strong><span style=\"color: #000000;\">Sexta-feira, 18 de mar\u00e7o, \u00e0s 10:00h, voc\u00ea \u00e9 nosso convidado para um bate-papo descontra\u00eddo entre Jonas Lindstr\u00f6m e Manoel Landmann &#8211; CEO &#8211; Chocolat Du Jour.<\/span><\/strong><\/p>\n<p><span style=\"color: #000000;\">Conhe\u00e7a a hist\u00f3ria da Chocolat du Jour, marca refer\u00eancia em chocolate sustent\u00e1vel &#8211; 100% brasileiro e artesanal.<\/span><\/p>\n<p><span style=\"color: #000000;\">A empresa familiar, vem ano ap\u00f3s ano conquistando o primeiro lugar na categoria melhor chocolate do pr\u00eamio Comer &amp; Beber, da revista Veja S\u00e3o Paulo. Manoel, que \u00e9 filho da brasileira Cl\u00e1udia Landmann e do sueco John Landmann, fundadores da Chocolat Du Jour, \u00e9&nbsp; CEO da empresa que tanto ama &#8211; e faz quest\u00e3o de acompanhar todo o processo de produ\u00e7\u00e3o.<\/span><\/p>\n<p><strong><span style=\"color: #000000;\">Vamos conversar sobre inova\u00e7\u00e3o, sustentabilidade, amor e empreendedorismo?<\/span><\/strong><\/p>\n<p><span style=\"color: #000000;\">Ficou com \u00e1gua na boca? N\u00e3o perca o Friday FIka com o tema mais gostoso que j\u00e1 tivemos! <a href=\"https:\/\/www.youtube.com\/channel\/UCtw6E5pO5X4LR2fxaLpWT_Q\"><strong>Assista aqui!<\/strong><\/a><\/span><\/p>\n<p><span style=\"color: #000000;\">Voc\u00ea que \u00e9 de S\u00e3o Paulo, clique aqui e encomende um delicioso Fika para acompanhar o bate papo!<\/span><\/p>\n<p><img loading=\"lazy\" decoding=\"async\" class=\"wp-image-22975 alignnone\" src=\"https:\/\/www.swedcham.com.br\/wp-content\/uploads\/2021\/05\/11.png\" alt=\"\" width=\"522\" height=\"237\" srcset=\"https:\/\/www.swedcham.com.br\/wp-content\/uploads\/2021\/05\/11.png 606w, https:\/\/www.swedcham.com.br\/wp-content\/uploads\/2021\/05\/11-600x272.png 600w, https:\/\/www.swedcham.com.br\/wp-content\/uploads\/2021\/05\/11-300x136.png 300w\" sizes=\"auto, (max-width: 522px) 100vw, 522px\" \/><\/p>\n<p><img loading=\"lazy\" decoding=\"async\" class=\"wp-image-22977 alignnone\" src=\"https:\/\/www.swedcham.com.br\/wp-content\/uploads\/2021\/05\/banner-final.jpg\" alt=\"\" width=\"522\" height=\"261\" srcset=\"https:\/\/www.swedcham.com.br\/wp-content\/uploads\/2021\/05\/banner-final.jpg 1280w, https:\/\/www.swedcham.com.br\/wp-content\/uploads\/2021\/05\/banner-final-600x300.jpg 600w, https:\/\/www.swedcham.com.br\/wp-content\/uploads\/2021\/05\/banner-final-300x150.jpg 300w, https:\/\/www.swedcham.com.br\/wp-content\/uploads\/2021\/05\/banner-final-1024x512.jpg 1024w, https:\/\/www.swedcham.com.br\/wp-content\/uploads\/2021\/05\/banner-final-768x384.jpg 768w, https:\/\/www.swedcham.com.br\/wp-content\/uploads\/2021\/05\/banner-final-100x50.jpg 100w\" sizes=\"auto, (max-width: 522px) 100vw, 522px\" \/><\/p>\n<p><iframe loading=\"lazy\" title=\"Friday Fika com Manoel Landmann\" width=\"640\" height=\"360\" src=\"https:\/\/www.youtube.com\/embed\/kc_HNIVAOEw?feature=oembed\" frameborder=\"0\" allow=\"accelerometer; autoplay; clipboard-write; encrypted-media; gyroscope; picture-in-picture; web-share\" referrerpolicy=\"strict-origin-when-cross-origin\" allowfullscreen><\/iframe><\/p>\n<p>&nbsp;<\/p>\n","protected":false},"excerpt":{"rendered":"<p>Sexta-feira, 18 de mar\u00e7o, \u00e0s 10:00h, voc\u00ea \u00e9 nosso convidado para um bate-papo descontra\u00eddo entre Jonas Lindstr\u00f6m e Manoel Landmann<\/p>\n","protected":false},"featured_media":25236,"template":"","meta":[],"product_brand":[],"product_cat":[199],"product_tag":[],"class_list":{"0":"post-25035","1":"product","2":"type-product","3":"status-publish","4":"has-post-thumbnail","6":"product_cat-friday-fika","8":"first","9":"instock","10":"shipping-taxable","11":"product-type-simple"},"_links":{"self":[{"href":"https:\/\/www.swedcham.com.br\/en\/wp-json\/wp\/v2\/product\/25035","targetHints":{"allow":["GET"]}}],"collection":[{"href":"https:\/\/www.swedcham.com.br\/en\/wp-json\/wp\/v2\/product"}],"about":[{"href":"https:\/\/www.swedcham.com.br\/en\/wp-json\/wp\/v2\/types\/product"}],"wp:featuredmedia":[{"embeddable":true,"href":"https:\/\/www.swedcham.com.br\/en\/wp-json\/wp\/v2\/media\/25236"}],"wp:attachment":[{"href":"https:\/\/www.swedcham.com.br\/en\/wp-json\/wp\/v2\/media?parent=25035"}],"wp:term":[{"taxonomy":"product_brand","embeddable":true,"href":"https:\/\/www.swedcham.com.br\/en\/wp-json\/wp\/v2\/product_brand?post=25035"},{"taxonomy":"product_cat","embeddable":true,"href":"https:\/\/www.swedcham.com.br\/en\/wp-json\/wp\/v2\/product_cat?post=25035"},{"taxonomy":"product_tag","embeddable":true,"href":"https:\/\/www.swedcham.com.br\/en\/wp-json\/wp\/v2\/product_tag?post=25035"}],"curies":[{"name":"wp","href":"https:\/\/api.w.org\/{rel}","templated":true}]}}