{"id":25030,"date":"2021-12-07T15:27:53","date_gmt":"2021-12-07T18:27:53","guid":{"rendered":"https:\/\/dev.swedcham.com.br\/uncategorized\/friday-fika-com-receitas-de-natal\/"},"modified":"2022-04-08T22:05:26","modified_gmt":"2022-04-09T01:05:26","slug":"friday-fika-com-receitas-de-natal","status":"publish","type":"product","link":"https:\/\/www.swedcham.com.br\/en\/product\/our-events\/friday-fika\/friday-fika-com-receitas-de-natal\/","title":{"rendered":"Friday FIKA com receitas de Natal!"},"content":{"rendered":"<div><\/div>\n<p><img loading=\"lazy\" decoding=\"async\" class=\"size-full wp-image-24183 alignnone\" src=\"https:\/\/www.swedcham.com.br\/wp-content\/uploads\/2021\/11\/fff.png\" alt=\"\" width=\"522\" height=\"182\"><\/p>\n<p><span style=\"color: #000000;\"><strong>Prepare-se&nbsp;para o Natal sueco<\/strong> numa live culin\u00e1ria direto da cozinha do Escandinavo com&nbsp;<em>Jonas Lindstr\u00f6m e&nbsp;Denise Guerschman.<\/em><\/span><\/p>\n<p><span style=\"color: #000000;\"><strong>Ao&nbsp;redor do fog\u00e3o<\/strong>, Jonas e Denise v\u00e3o&nbsp;compartilhar suas mem\u00f3rias das tradi\u00e7\u00f5es natalinas na Su\u00e9cia e Escandinavia, enquanto&nbsp;ser\u00e1 preparado ao vivo um delicioso <em>gl\u00f6gg <\/em>e um <em>canap\u00e9 de pepparkaka com molho de gorgonzola <\/em>de acompanhamento.<\/span><\/p>\n<p><span style=\"color: #000000;\">Traga seu caderninho para anotar a receita nesse \u00faltimo <em>fika <\/em>do ano!<\/span><\/p>\n<p><span style=\"color: #000000;\">Voc\u00ea que \u00e9 de S\u00e3o Paulo, <a style=\"color: #000000;\" href=\"https:\/\/escandinavo.goomer.app\/menu\" target=\"_blank\" rel=\"noopener noreferrer\" data-cke-saved-href=\"https:\/\/escandinavo.goomer.app\/menu\">clique aqui <\/a>e encomende um delicioso e tradicional Swedish fika para acompanhar o papo.<\/span><\/p>\n<p><span style=\"color: #000000;\">Esperamos voc\u00eas!&nbsp;<\/span><\/p>\n<p><span style=\"color: #000000;\"><strong>Sexta-feira, \u00e0s 10:00h,&nbsp;no nosso canal do Youtube!<\/strong><\/span><\/p>\n<p><img loading=\"lazy\" decoding=\"async\" class=\"alignnone\" src=\"https:\/\/mcusercontent.com\/9a53a6aa1cef2bc498bbe264b\/images\/866002df-3a08-7d80-cf42-a4e90f7ebc51.png\" data-file-id=\"3079410\" data-cke-saved-src=\"https:\/\/mcusercontent.com\/9a53a6aa1cef2bc498bbe264b\/images\/866002df-3a08-7d80-cf42-a4e90f7ebc51.png\" width=\"284\" height=\"174\" align=\"none\"><\/p>\n<p><img loading=\"lazy\" decoding=\"async\" class=\"wp-image-22977 alignnone\" src=\"https:\/\/www.swedcham.com.br\/wp-content\/uploads\/2021\/05\/banner-final.jpg\" alt=\"\" width=\"522\" height=\"261\" srcset=\"https:\/\/www.swedcham.com.br\/wp-content\/uploads\/2021\/05\/banner-final.jpg 1280w, https:\/\/www.swedcham.com.br\/wp-content\/uploads\/2021\/05\/banner-final-600x300.jpg 600w, https:\/\/www.swedcham.com.br\/wp-content\/uploads\/2021\/05\/banner-final-300x150.jpg 300w, https:\/\/www.swedcham.com.br\/wp-content\/uploads\/2021\/05\/banner-final-1024x512.jpg 1024w, https:\/\/www.swedcham.com.br\/wp-content\/uploads\/2021\/05\/banner-final-768x384.jpg 768w, https:\/\/www.swedcham.com.br\/wp-content\/uploads\/2021\/05\/banner-final-100x50.jpg 100w\" sizes=\"auto, (max-width: 522px) 100vw, 522px\" \/><\/p>\n<p><iframe loading=\"lazy\" title=\"Friday Fika no Escandinavo\" width=\"640\" height=\"360\" src=\"https:\/\/www.youtube.com\/embed\/FouYSCeq2CI?feature=oembed\" frameborder=\"0\" allow=\"accelerometer; autoplay; clipboard-write; encrypted-media; gyroscope; picture-in-picture; web-share\" referrerpolicy=\"strict-origin-when-cross-origin\" allowfullscreen><\/iframe><\/p>\n","protected":false},"excerpt":{"rendered":"<p>Prepare-se&nbsp;para o Natal sueco numa live culin\u00e1ria direto da cozinha do Escandinavo com&nbsp;Jonas Lindstr\u00f6m e&nbsp;Denise Guerschman. Ao&nbsp;redor do fog\u00e3o, Jonas<\/p>\n","protected":false},"featured_media":25230,"template":"","meta":[],"product_brand":[],"product_cat":[199],"product_tag":[],"class_list":{"0":"post-25030","1":"product","2":"type-product","3":"status-publish","4":"has-post-thumbnail","6":"product_cat-friday-fika","8":"first","9":"instock","10":"shipping-taxable","11":"product-type-simple"},"_links":{"self":[{"href":"https:\/\/www.swedcham.com.br\/en\/wp-json\/wp\/v2\/product\/25030","targetHints":{"allow":["GET"]}}],"collection":[{"href":"https:\/\/www.swedcham.com.br\/en\/wp-json\/wp\/v2\/product"}],"about":[{"href":"https:\/\/www.swedcham.com.br\/en\/wp-json\/wp\/v2\/types\/product"}],"wp:featuredmedia":[{"embeddable":true,"href":"https:\/\/www.swedcham.com.br\/en\/wp-json\/wp\/v2\/media\/25230"}],"wp:attachment":[{"href":"https:\/\/www.swedcham.com.br\/en\/wp-json\/wp\/v2\/media?parent=25030"}],"wp:term":[{"taxonomy":"product_brand","embeddable":true,"href":"https:\/\/www.swedcham.com.br\/en\/wp-json\/wp\/v2\/product_brand?post=25030"},{"taxonomy":"product_cat","embeddable":true,"href":"https:\/\/www.swedcham.com.br\/en\/wp-json\/wp\/v2\/product_cat?post=25030"},{"taxonomy":"product_tag","embeddable":true,"href":"https:\/\/www.swedcham.com.br\/en\/wp-json\/wp\/v2\/product_tag?post=25030"}],"curies":[{"name":"wp","href":"https:\/\/api.w.org\/{rel}","templated":true}]}}