{"id":25026,"date":"2021-11-17T15:00:48","date_gmt":"2021-11-17T18:00:48","guid":{"rendered":"https:\/\/dev.swedcham.com.br\/uncategorized\/os-top-20-phrasal-verbs-que-voce-ainda-nao-esta-usando-em-sua-empresa\/"},"modified":"2021-11-17T15:00:48","modified_gmt":"2021-11-17T18:00:48","slug":"os-top-20-phrasal-verbs-que-voce-ainda-nao-esta-usando-em-sua-empresa","status":"publish","type":"product","link":"https:\/\/www.swedcham.com.br\/en\/product\/our-events\/os-top-20-phrasal-verbs-que-voce-ainda-nao-esta-usando-em-sua-empresa\/","title":{"rendered":"Os top 20+ phrasal verbs que voc\u00ea ainda n\u00e3o est\u00e1 usando em sua empresa"},"content":{"rendered":"<div><a href=\"https:\/\/www.youtube.com\/watch?v=znEhDk0krtA\"><img loading=\"lazy\" decoding=\"async\" class=\"alignleft wp-image-24113 size-full\" src=\"https:\/\/www.swedcham.com.br\/wp-content\/uploads\/2021\/11\/l14.jpg\" alt=\"\" width=\"600\" height=\"600\" \/><\/a><\/div>\n<p>&nbsp;<\/p>\n<p>&nbsp;<\/p>\n","protected":false},"excerpt":{"rendered":"<p>&nbsp; &nbsp;<\/p>\n","protected":false},"featured_media":0,"template":"","meta":[],"product_brand":[],"product_cat":[228],"product_tag":[],"class_list":{"0":"post-25026","1":"product","2":"type-product","3":"status-publish","5":"product_cat-our-events","7":"first","8":"instock","9":"shipping-taxable","10":"product-type-simple"},"_links":{"self":[{"href":"https:\/\/www.swedcham.com.br\/en\/wp-json\/wp\/v2\/product\/25026","targetHints":{"allow":["GET"]}}],"collection":[{"href":"https:\/\/www.swedcham.com.br\/en\/wp-json\/wp\/v2\/product"}],"about":[{"href":"https:\/\/www.swedcham.com.br\/en\/wp-json\/wp\/v2\/types\/product"}],"wp:attachment":[{"href":"https:\/\/www.swedcham.com.br\/en\/wp-json\/wp\/v2\/media?parent=25026"}],"wp:term":[{"taxonomy":"product_brand","embeddable":true,"href":"https:\/\/www.swedcham.com.br\/en\/wp-json\/wp\/v2\/product_brand?post=25026"},{"taxonomy":"product_cat","embeddable":true,"href":"https:\/\/www.swedcham.com.br\/en\/wp-json\/wp\/v2\/product_cat?post=25026"},{"taxonomy":"product_tag","embeddable":true,"href":"https:\/\/www.swedcham.com.br\/en\/wp-json\/wp\/v2\/product_tag?post=25026"}],"curies":[{"name":"wp","href":"https:\/\/api.w.org\/{rel}","templated":true}]}}