{"id":25025,"date":"2021-11-17T13:14:20","date_gmt":"2021-11-17T16:14:20","guid":{"rendered":"https:\/\/dev.swedcham.com.br\/uncategorized\/friday-fika-com-estudantes-brasileiros-na-suecia\/"},"modified":"2022-04-08T21:57:32","modified_gmt":"2022-04-09T00:57:32","slug":"friday-fika-com-estudantes-brasileiros-na-suecia","status":"publish","type":"product","link":"https:\/\/www.swedcham.com.br\/en\/product\/our-events\/friday-fika\/friday-fika-com-estudantes-brasileiros-na-suecia\/","title":{"rendered":"Friday Fika com estudantes brasileiros na Su\u00e9cia"},"content":{"rendered":"<div><img loading=\"lazy\" decoding=\"async\" class=\"aligncenter wp-image-22701 size-full\" src=\"https:\/\/www.swedcham.com.br\/wp-content\/uploads\/2021\/04\/head.png\" alt=\"\" width=\"1920\" height=\"516\" srcset=\"https:\/\/www.swedcham.com.br\/wp-content\/uploads\/2021\/04\/head.png 1920w, https:\/\/www.swedcham.com.br\/wp-content\/uploads\/2021\/04\/head-600x161.png 600w, https:\/\/www.swedcham.com.br\/wp-content\/uploads\/2021\/04\/head-300x81.png 300w, https:\/\/www.swedcham.com.br\/wp-content\/uploads\/2021\/04\/head-1024x275.png 1024w, https:\/\/www.swedcham.com.br\/wp-content\/uploads\/2021\/04\/head-768x206.png 768w, https:\/\/www.swedcham.com.br\/wp-content\/uploads\/2021\/04\/head-1536x413.png 1536w\" sizes=\"auto, (max-width: 1920px) 100vw, 1920px\" \/><\/div>\n<p><img loading=\"lazy\" decoding=\"async\" class=\"alignnone wp-image-24127\" src=\"https:\/\/www.swedcham.com.br\/wp-content\/uploads\/2021\/11\/fika.png\" alt=\"\" width=\"800\" height=\"815\"><\/p>\n<p><span style=\"color: #000000;\">Na semana do<strong> <a style=\"color: #000000;\" href=\"https:\/\/www.swedcham.com.br\/eventos\/proximos-eventos\/sweden-brazil-career-fair-3\/\" target=\"_blank\" rel=\"noopener noreferrer\" data-cke-saved-href=\"https:\/\/www.swedcham.com.br\/eventos\/proximos-eventos\/sweden-brazil-career-fair-3\/\"><em>Sweden-Brazil Career Fair<\/em><\/a>,<\/strong>&nbsp;o tema do nosso FIKA&nbsp;ser\u00e1 a vida como estudante na Su\u00e9cia. Sexta-feira&nbsp;(19), \u00e0s 10h,&nbsp;<em>Jonas Lindstr\u00f6m<\/em> ter\u00e1&nbsp;um encontro com&nbsp;<em>Angelo Augusto Caldas Bello<\/em> &#8211; mestrado em&nbsp;Accounting and Management Control na Stockholm University -,&nbsp;<em>Victor Vallim &#8211; <\/em>bacharel em&nbsp;International Management&nbsp;na J\u00f6nk\u00f6ping University -, e&nbsp;<em>Marcela Miranda Francisco<\/em>&nbsp;&#8211; mestrado em Science for Sustainable Development na Link\u00f6ping University.&nbsp;<\/span><\/p>\n<p><span style=\"color: #000000;\">Nesse bate papo, vamos explorar como foi o processo de escolha das universidades suecas, como \u00e9 morar na Su\u00e9cia, quais os benef\u00edcios que essa experi\u00eancia trouxe para vida profissional de cada um.<\/span><\/p>\n<p><span style=\"color: #000000;\"><strong>Se voc\u00ea sonha com uma experi\u00eancia internacional, esse FIKA \u00e9 para voc\u00ea! N\u00e3o perca!<\/strong><\/span><\/p>\n<p><span style=\"color: #000000;\">Voc\u00ea que \u00e9 de S\u00e3o Paulo,&nbsp;<a style=\"color: #000000;\" href=\"https:\/\/escandinavo.goomer.app\/menu\" target=\"_blank\" rel=\"noopener noreferrer\" data-saferedirecturl=\"https:\/\/www.google.com\/url?q=https:\/\/escandinavo.goomer.app\/menu&amp;source=gmail&amp;ust=1633616465051000&amp;usg=AFQjCNEEGkA0Ibytw48Qa0zQnx3_IiYhQA\" data-cke-saved-href=\"https:\/\/escandinavo.goomer.app\/menu\">clique aqui<\/a>&nbsp;e encomende um delicioso e tradicional Swedish fika para acompanhar o papo.<\/span><\/p>\n<p><span style=\"color: #000000;\"><strong>Sexta-feira no nosso canal do&nbsp;<a style=\"color: #000000;\" href=\"https:\/\/www.youtube.com\/channel\/UCtw6E5pO5X4LR2fxaLpWT_Q\" target=\"_blank\" rel=\"noopener noreferrer\" data-saferedirecturl=\"https:\/\/www.google.com\/url?q=https:\/\/www.youtube.com\/channel\/UCtw6E5pO5X4LR2fxaLpWT_Q&amp;source=gmail&amp;ust=1633616465051000&amp;usg=AFQjCNFR8zsDUkKJ9PNz9FlJJ_0iR-qqSA\" data-cke-saved-href=\"https:\/\/www.youtube.com\/channel\/UCtw6E5pO5X4LR2fxaLpWT_Q\">Youtube!<\/a>&nbsp;<\/strong><\/span><\/p>\n<p><img loading=\"lazy\" decoding=\"async\" class=\"wp-image-22977 size-full alignleft\" src=\"https:\/\/www.swedcham.com.br\/wp-content\/uploads\/2021\/05\/banner-final.jpg\" alt=\"\" width=\"1280\" height=\"640\" srcset=\"https:\/\/www.swedcham.com.br\/wp-content\/uploads\/2021\/05\/banner-final.jpg 1280w, https:\/\/www.swedcham.com.br\/wp-content\/uploads\/2021\/05\/banner-final-600x300.jpg 600w, https:\/\/www.swedcham.com.br\/wp-content\/uploads\/2021\/05\/banner-final-300x150.jpg 300w, https:\/\/www.swedcham.com.br\/wp-content\/uploads\/2021\/05\/banner-final-1024x512.jpg 1024w, https:\/\/www.swedcham.com.br\/wp-content\/uploads\/2021\/05\/banner-final-768x384.jpg 768w, https:\/\/www.swedcham.com.br\/wp-content\/uploads\/2021\/05\/banner-final-100x50.jpg 100w\" sizes=\"auto, (max-width: 1280px) 100vw, 1280px\" \/><\/p>\n<p>&nbsp;<\/p>\n<p><iframe loading=\"lazy\" title=\"Friday Fika com Angelo, Marcela e Victor\" width=\"640\" height=\"360\" src=\"https:\/\/www.youtube.com\/embed\/emCGuWvUOyw?feature=oembed\" frameborder=\"0\" allow=\"accelerometer; autoplay; clipboard-write; encrypted-media; gyroscope; picture-in-picture; web-share\" referrerpolicy=\"strict-origin-when-cross-origin\" allowfullscreen><\/iframe><\/p>\n<p>&nbsp;<\/p>\n","protected":false},"excerpt":{"rendered":"<p>Na semana do Sweden-Brazil Career Fair,&nbsp;o tema do nosso FIKA&nbsp;ser\u00e1 a vida como estudante na Su\u00e9cia. Sexta-feira&nbsp;(19), \u00e0s 10h,&nbsp;Jonas Lindstr\u00f6m<\/p>\n","protected":false},"featured_media":25224,"template":"","meta":[],"product_brand":[],"product_cat":[199],"product_tag":[],"class_list":{"0":"post-25025","1":"product","2":"type-product","3":"status-publish","4":"has-post-thumbnail","6":"product_cat-friday-fika","8":"first","9":"instock","10":"shipping-taxable","11":"product-type-simple"},"_links":{"self":[{"href":"https:\/\/www.swedcham.com.br\/en\/wp-json\/wp\/v2\/product\/25025","targetHints":{"allow":["GET"]}}],"collection":[{"href":"https:\/\/www.swedcham.com.br\/en\/wp-json\/wp\/v2\/product"}],"about":[{"href":"https:\/\/www.swedcham.com.br\/en\/wp-json\/wp\/v2\/types\/product"}],"wp:featuredmedia":[{"embeddable":true,"href":"https:\/\/www.swedcham.com.br\/en\/wp-json\/wp\/v2\/media\/25224"}],"wp:attachment":[{"href":"https:\/\/www.swedcham.com.br\/en\/wp-json\/wp\/v2\/media?parent=25025"}],"wp:term":[{"taxonomy":"product_brand","embeddable":true,"href":"https:\/\/www.swedcham.com.br\/en\/wp-json\/wp\/v2\/product_brand?post=25025"},{"taxonomy":"product_cat","embeddable":true,"href":"https:\/\/www.swedcham.com.br\/en\/wp-json\/wp\/v2\/product_cat?post=25025"},{"taxonomy":"product_tag","embeddable":true,"href":"https:\/\/www.swedcham.com.br\/en\/wp-json\/wp\/v2\/product_tag?post=25025"}],"curies":[{"name":"wp","href":"https:\/\/api.w.org\/{rel}","templated":true}]}}