{"id":25023,"date":"2021-11-10T13:33:57","date_gmt":"2021-11-10T16:33:57","guid":{"rendered":"https:\/\/dev.swedcham.com.br\/uncategorized\/sweden-brazil-career-fair-3\/"},"modified":"2021-11-10T13:33:57","modified_gmt":"2021-11-10T16:33:57","slug":"sweden-brazil-career-fair-3","status":"publish","type":"product","link":"https:\/\/www.swedcham.com.br\/en\/product\/our-events\/sweden-brazil-career-fair-3\/","title":{"rendered":"Sweden-Brazil Career Fair 2021"},"content":{"rendered":"<p><img loading=\"lazy\" decoding=\"async\" class=\"alignnone wp-image-24100\" src=\"https:\/\/www.swedcham.com.br\/wp-content\/uploads\/2021\/11\/11111.png\" alt=\"\" width=\"700\" height=\"622\" \/><\/p>\n<p><span style=\"font-family: arial, 'helvetica neue', helvetica, sans-serif; color: #000000;\"><strong>Agenda:\u00a0<\/strong><\/span><\/p>\n<p><span style=\"color: #000000;\"><strong>13:00<\/strong> Apresenta\u00e7\u00e3o das universidades<\/span><\/p>\n<p><span style=\"color: #000000;\"><strong>13:30<\/strong> Apresenta\u00e7\u00e3o &#8211;\u00a0<strong>Team Sweden &#8211; <\/strong>Estude na Su\u00e9cia\u00a0(diferenciais, cultura, custo, moradia, bolsas, visto e muito mais)<\/span><span style=\"color: #000000;\"> <em>Leandro Rocha<\/em> &#8211; Embaixada da Su\u00e9cia<\/span><\/p>\n<p><span style=\"color: #000000;\"><strong>14:00<\/strong> Apresenta\u00e7\u00e3o das empresas:<\/span><\/p>\n<p><span style=\"color: #000000;\"><strong>ABB &#8211;<\/strong> Intelig\u00eancia Artificial<\/span><br \/>\n<span style=\"color: #000000;\"><strong>Alfa Laval <\/strong>&#8211; Oportunidades para sua carreira<\/span><br \/>\n<span style=\"color: #000000;\"><strong>Atlas Copco <\/strong>\u2013 Gest\u00e3o de talentos e inova\u00e7\u00e3o<\/span><br \/>\n<span style=\"color: #000000;\"><strong>Autoliv <\/strong>&#8211; Wellness Center: sa\u00fade, seguran\u00e7a e qualidade de vida<\/span><br \/>\n<span style=\"color: #000000;\"><strong>Epiroc &#8211;<\/strong> Igualdade de g\u00eanero<\/span><br \/>\n<span style=\"color: #000000;\"><strong>Getinge &#8211;<\/strong> Quais habilidades s\u00e3o essenciais para o sucesso?<\/span><br \/>\n<span style=\"color: #000000;\"><strong>Quant <\/strong>\u2013 Sustentabilidade<\/span><br \/>\n<span style=\"color: #000000;\"><strong>SAAB <\/strong>&#8211; Inova\u00e7\u00e3o e Sustentabilidade<\/span><br \/>\n<span style=\"color: #000000;\"><strong>Scania <\/strong>\u2013 Inova\u00e7\u00e3o<\/span><br \/>\n<span style=\"color: #000000;\"><strong>SKF <\/strong>&#8211; Economia circular<\/span><\/p>\n<p><span style=\"color: #000000;\"><strong>15:00<\/strong> Encerramento da feira<\/span><\/p>\n<p><a href=\"https:\/\/careerfair.onlinecareerevents.com\/new-signup\/start\" target=\"_blank\" rel=\"noopener noreferrer\" data-cke-saved-href=\"https:\/\/careerfair.onlinecareerevents.com\/new-signup\/start\"><strong>Fa\u00e7a j\u00e1 sua inscri\u00e7\u00e3o!<\/strong><\/a><\/p>\n<p><img loading=\"lazy\" decoding=\"async\" class=\"alignnone wp-image-24125\" src=\"https:\/\/www.swedcham.com.br\/wp-content\/uploads\/2021\/11\/22.jpg\" alt=\"\" width=\"700\" height=\"358\" \/><\/p>\n<h4><\/h4>\n<h4><strong>Quinta-feira, 18\u00a0de novembro, entre\u00a013:00 &#8211; 15:00<\/strong><\/h4>\n<h4><strong>RSVP\u00a0at\u00e9 18 de novembro<\/strong><\/h4>\n<h4><span style=\"color: #000000;\"><a style=\"color: #000000;\" href=\"https:\/\/careerfair.onlinecareerevents.com\/new-signup\/start\" target=\"_blank\" rel=\"noopener noreferrer\" data-cke-saved-href=\"https:\/\/careerfair.onlinecareerevents.com\/new-signup\/start\">Clique aqui para fazer sua reserva<\/a><\/span><\/h4>\n<p>&nbsp;<\/p>\n<p>&nbsp;<\/p>\n<p>&nbsp;<\/p>\n<p>&nbsp;<\/p>\n<p>&nbsp;<\/p>\n<p>&nbsp;<\/p>\n<p>&nbsp;<\/p>\n<p>&nbsp;<\/p>\n<p>&nbsp;<\/p>\n<p>&nbsp;<\/p>\n","protected":false},"excerpt":{"rendered":"<p>Agenda:\u00a0 13:00 Apresenta\u00e7\u00e3o das universidades 13:30 Apresenta\u00e7\u00e3o &#8211;\u00a0Team Sweden &#8211; Estude na Su\u00e9cia\u00a0(diferenciais, cultura, custo, moradia, bolsas, visto e muito<\/p>\n","protected":false},"featured_media":0,"template":"","meta":[],"product_brand":[],"product_cat":[228],"product_tag":[],"class_list":{"0":"post-25023","1":"product","2":"type-product","3":"status-publish","5":"product_cat-our-events","7":"first","8":"instock","9":"shipping-taxable","10":"product-type-simple"},"_links":{"self":[{"href":"https:\/\/www.swedcham.com.br\/en\/wp-json\/wp\/v2\/product\/25023","targetHints":{"allow":["GET"]}}],"collection":[{"href":"https:\/\/www.swedcham.com.br\/en\/wp-json\/wp\/v2\/product"}],"about":[{"href":"https:\/\/www.swedcham.com.br\/en\/wp-json\/wp\/v2\/types\/product"}],"wp:attachment":[{"href":"https:\/\/www.swedcham.com.br\/en\/wp-json\/wp\/v2\/media?parent=25023"}],"wp:term":[{"taxonomy":"product_brand","embeddable":true,"href":"https:\/\/www.swedcham.com.br\/en\/wp-json\/wp\/v2\/product_brand?post=25023"},{"taxonomy":"product_cat","embeddable":true,"href":"https:\/\/www.swedcham.com.br\/en\/wp-json\/wp\/v2\/product_cat?post=25023"},{"taxonomy":"product_tag","embeddable":true,"href":"https:\/\/www.swedcham.com.br\/en\/wp-json\/wp\/v2\/product_tag?post=25023"}],"curies":[{"name":"wp","href":"https:\/\/api.w.org\/{rel}","templated":true}]}}