{"id":24990,"date":"2021-10-19T13:04:26","date_gmt":"2021-10-19T16:04:26","guid":{"rendered":"https:\/\/dev.swedcham.com.br\/uncategorized\/friday-fika-carpe-diem-com-deborah-telesio-o-que-tem-valor-de-verdade\/"},"modified":"2022-11-14T10:00:55","modified_gmt":"2022-11-14T13:00:55","slug":"friday-fika-carpe-diem-com-deborah-telesio-o-que-tem-valor-de-verdade","status":"publish","type":"product","link":"https:\/\/www.swedcham.com.br\/en\/product\/our-events\/friday-fika\/friday-fika-carpe-diem-com-deborah-telesio-o-que-tem-valor-de-verdade\/","title":{"rendered":"Friday FIKA &#8211; Carpe Diem &#8211; com Deborah Telesio &#8211; o que tem valor de verdade?"},"content":{"rendered":"<div><\/div>\n<p><a href=\"https:\/\/www.youtube.com\/channel\/UCtw6E5pO5X4LR2fxaLpWT_Q\"><img loading=\"lazy\" decoding=\"async\" class=\"wp-image-23952 size-large alignnone\" src=\"https:\/\/www.swedcham.com.br\/wp-content\/uploads\/2021\/10\/Deborah-1024x1024.png\" alt=\"\" width=\"604\" height=\"604\"><\/a><\/p>\n<p><span style=\"color: #000000;\"><strong><em>Carpe Diem &#8211; com Deborah Telesio &#8211; o que tem valor de verdade?<\/em><\/strong><\/span><\/p>\n<p><strong><span style=\"color: #000000;\">Nessa sexta feira (22) \u00e0s 10.00h,&nbsp;<em>Jonas Lindstr\u00f6m<\/em> entrevistar\u00e1 <em>Deborah Telesio.<\/em><\/span><\/strong><\/p>\n<p><span style=\"color: #000000;\">Deborah Telesio atualmente&nbsp;\u00e9 CEO para Am\u00e9rica do Sul da Elekta, uma empresa sueca de alta tecnologia&nbsp;para tratamento oncol\u00f3gico, e \u00e9 apaixonada pelo seu trabalho. Paix\u00e3o alimentada pela possibilidade de gerar impacto com um estilo de lideran\u00e7a inclusivo e genu\u00edno, estilo este formado por ter passado por grandes empresas como Kellogg, Twentieth Century Fox, Warner Brothers e GE Healthcare, e principalmente por ter vivido um evento de quase-morte, como sobrevivente do Tsunami de 2004, que transformou sua vida.<\/span><\/p>\n<p><span style=\"color: #000000;\">Dezessete anos depois, frente \u00e0 pandemia que traz tamanha vulnerabilidade \u00e0 toda a humanidade &#8211; um tsunami de propor\u00e7\u00f5es globais &#8211; Deborah decide compartilhar sua hist\u00f3ria e sua trajet\u00f3ria e principalmente seus aprendizados como pessoa, m\u00e3e e l\u00edder.<\/span><\/p>\n<p><span style=\"color: #000000;\">N\u00e3o perca esse bate papo que com certeza ir\u00e1 te inspirar!<\/span><\/p>\n<p><span style=\"color: #000000;\">Voc\u00ea que \u00e9 de S\u00e3o Paulo,&nbsp;<a style=\"color: #000000;\" href=\"https:\/\/escandinavo.goomer.app\/menu\" target=\"_blank\" rel=\"noopener noreferrer\" data-saferedirecturl=\"https:\/\/www.google.com\/url?q=https:\/\/escandinavo.goomer.app\/menu&amp;source=gmail&amp;ust=1633616465051000&amp;usg=AFQjCNEEGkA0Ibytw48Qa0zQnx3_IiYhQA\" data-cke-saved-href=\"https:\/\/escandinavo.goomer.app\/menu\">clique aqui<\/a>&nbsp;e encomende um delicioso e tradicional Swedish fika para acompanhar o papo.<\/span><\/p>\n<p><span style=\"color: #000000;\">Sexta-feira no nosso canal do&nbsp;<a style=\"color: #000000;\" href=\"https:\/\/www.youtube.com\/channel\/UCtw6E5pO5X4LR2fxaLpWT_Q\" target=\"_blank\" rel=\"noopener noreferrer\" data-saferedirecturl=\"https:\/\/www.google.com\/url?q=https:\/\/www.youtube.com\/channel\/UCtw6E5pO5X4LR2fxaLpWT_Q&amp;source=gmail&amp;ust=1633616465051000&amp;usg=AFQjCNFR8zsDUkKJ9PNz9FlJJ_0iR-qqSA\" data-cke-saved-href=\"https:\/\/www.youtube.com\/channel\/UCtw6E5pO5X4LR2fxaLpWT_Q\">Youtube!<\/a>&nbsp;<\/span><\/p>\n<p>&nbsp;<\/p>\n<p><iframe loading=\"lazy\" title=\"Friday Fika com Deborah Telesio\" width=\"640\" height=\"360\" src=\"https:\/\/www.youtube.com\/embed\/ykFNg9hBwX4?feature=oembed\" frameborder=\"0\" allow=\"accelerometer; autoplay; clipboard-write; encrypted-media; gyroscope; picture-in-picture; web-share\" referrerpolicy=\"strict-origin-when-cross-origin\" allowfullscreen><\/iframe><\/p>\n","protected":false},"excerpt":{"rendered":"<p>Carpe Diem &#8211; com Deborah Telesio &#8211; o que tem valor de verdade? Nessa sexta feira (22) \u00e0s 10.00h,&nbsp;Jonas Lindstr\u00f6m<\/p>\n","protected":false},"featured_media":25216,"template":"","meta":[],"product_brand":[],"product_cat":[199],"product_tag":[],"class_list":{"0":"post-24990","1":"product","2":"type-product","3":"status-publish","4":"has-post-thumbnail","6":"product_cat-friday-fika","8":"first","9":"instock","10":"shipping-taxable","11":"product-type-simple"},"_links":{"self":[{"href":"https:\/\/www.swedcham.com.br\/en\/wp-json\/wp\/v2\/product\/24990","targetHints":{"allow":["GET"]}}],"collection":[{"href":"https:\/\/www.swedcham.com.br\/en\/wp-json\/wp\/v2\/product"}],"about":[{"href":"https:\/\/www.swedcham.com.br\/en\/wp-json\/wp\/v2\/types\/product"}],"wp:featuredmedia":[{"embeddable":true,"href":"https:\/\/www.swedcham.com.br\/en\/wp-json\/wp\/v2\/media\/25216"}],"wp:attachment":[{"href":"https:\/\/www.swedcham.com.br\/en\/wp-json\/wp\/v2\/media?parent=24990"}],"wp:term":[{"taxonomy":"product_brand","embeddable":true,"href":"https:\/\/www.swedcham.com.br\/en\/wp-json\/wp\/v2\/product_brand?post=24990"},{"taxonomy":"product_cat","embeddable":true,"href":"https:\/\/www.swedcham.com.br\/en\/wp-json\/wp\/v2\/product_cat?post=24990"},{"taxonomy":"product_tag","embeddable":true,"href":"https:\/\/www.swedcham.com.br\/en\/wp-json\/wp\/v2\/product_tag?post=24990"}],"curies":[{"name":"wp","href":"https:\/\/api.w.org\/{rel}","templated":true}]}}