{"id":24987,"date":"2021-10-12T13:13:37","date_gmt":"2021-10-12T16:13:37","guid":{"rendered":"https:\/\/dev.swedcham.com.br\/uncategorized\/friday-fika-com-claudinei-reche\/"},"modified":"2022-04-08T21:46:27","modified_gmt":"2022-04-09T00:46:27","slug":"friday-fika-com-claudinei-reche","status":"publish","type":"product","link":"https:\/\/www.swedcham.com.br\/en\/product\/our-events\/friday-fika\/friday-fika-com-claudinei-reche\/","title":{"rendered":"Friday Fika com Claudinei Reche"},"content":{"rendered":"<div><img loading=\"lazy\" decoding=\"async\" class=\"aligncenter wp-image-22701 size-full\" src=\"https:\/\/www.swedcham.com.br\/wp-content\/uploads\/2021\/04\/head.png\" alt=\"\" width=\"1920\" height=\"516\" srcset=\"https:\/\/www.swedcham.com.br\/wp-content\/uploads\/2021\/04\/head.png 1920w, https:\/\/www.swedcham.com.br\/wp-content\/uploads\/2021\/04\/head-600x161.png 600w, https:\/\/www.swedcham.com.br\/wp-content\/uploads\/2021\/04\/head-300x81.png 300w, https:\/\/www.swedcham.com.br\/wp-content\/uploads\/2021\/04\/head-1024x275.png 1024w, https:\/\/www.swedcham.com.br\/wp-content\/uploads\/2021\/04\/head-768x206.png 768w, https:\/\/www.swedcham.com.br\/wp-content\/uploads\/2021\/04\/head-1536x413.png 1536w\" sizes=\"auto, (max-width: 1920px) 100vw, 1920px\" \/><\/div>\n<p><img loading=\"lazy\" decoding=\"async\" class=\"aligncenter wp-image-22971\" src=\"https:\/\/www.swedcham.com.br\/wp-content\/uploads\/2021\/05\/5.png\" alt=\"\" width=\"800\" height=\"399\" srcset=\"https:\/\/www.swedcham.com.br\/wp-content\/uploads\/2021\/05\/5.png 640w, https:\/\/www.swedcham.com.br\/wp-content\/uploads\/2021\/05\/5-600x299.png 600w, https:\/\/www.swedcham.com.br\/wp-content\/uploads\/2021\/05\/5-300x150.png 300w, https:\/\/www.swedcham.com.br\/wp-content\/uploads\/2021\/05\/5-100x50.png 100w\" sizes=\"auto, (max-width: 800px) 100vw, 800px\" \/><\/p>\n<p><span style=\"color: #000000;\"><strong>O que o esporte tem a ver com a performance de um l\u00edder?<\/strong><\/span><\/p>\n<p><span style=\"color: #000000;\">Nessa sexta feira (15) \u00e0s 10.00h,&nbsp;<em>Jonas Lindstr\u00f6m<\/em> entrevistar\u00e1 <em>Claudinei Reche<\/em>, presidente para America Latina, na&nbsp;empresa sueca <em>SKF<\/em>.<\/span><\/p>\n<p><span style=\"color: #000000;\">Al\u00e9m de executivo, Claudinei tamb\u00e9m \u00e9 triatleta e atrav\u00e9s de inicitativas dentro da empresa, incentiva seus colaboradores a praticarem esporte. Sua vis\u00e3o \u00e9 que a pratica de&nbsp;esporte \u00e9&nbsp;uma forma de influenciar o mundo corporativo, criando um ambiente perfeito para o desenvolvimento de l\u00edderes colaborativos.<\/span><\/p>\n<p><span style=\"color: #000000;\">Nesse FIKA, Claudinei estar\u00e1 acompanhado de educador f\u00edsico <em>Ricardo Alves<\/em>&nbsp;&#8211; respons\u00e1vel pelo acompanhamento dos atletas da SKF &#8211;&nbsp;que&nbsp;promove a pr\u00e1tica esportiva entre todos os colaboradores da empresa.<\/span><\/p>\n<p><span style=\"color: #000000;\">Claudinei tamb\u00e9m \u00e9 idealizador do livro <em><strong>Executivos sim! Atletas tamb\u00e9m!<\/strong><\/em> &#8211; que trata sobre a import\u00e2ncia do esporte dentro do universo corporativo e os benef\u00edcios.<\/span><\/p>\n<p><span style=\"color: #000000;\">N\u00e3o perca esse bate papo que com certeza ir\u00e1 te inspirar!<\/span><\/p>\n<p><span style=\"color: #000000;\">Voc\u00ea que \u00e9 de S\u00e3o Paulo,&nbsp;<a style=\"color: #000000;\" href=\"https:\/\/escandinavo.goomer.app\/menu\" target=\"_blank\" rel=\"noopener noreferrer\" data-saferedirecturl=\"https:\/\/www.google.com\/url?q=https:\/\/escandinavo.goomer.app\/menu&amp;source=gmail&amp;ust=1633616465051000&amp;usg=AFQjCNEEGkA0Ibytw48Qa0zQnx3_IiYhQA\" data-cke-saved-href=\"https:\/\/escandinavo.goomer.app\/menu\">clique aqui<\/a>&nbsp;e encomende um delicioso e tradicional Swedish fika para acompanhar o papo.<\/span><\/p>\n<p><span style=\"color: #000000;\">Sexta-feira no nosso canal do&nbsp;<a style=\"color: #000000;\" href=\"https:\/\/www.youtube.com\/channel\/UCtw6E5pO5X4LR2fxaLpWT_Q\" target=\"_blank\" rel=\"noopener noreferrer\" data-saferedirecturl=\"https:\/\/www.google.com\/url?q=https:\/\/www.youtube.com\/channel\/UCtw6E5pO5X4LR2fxaLpWT_Q&amp;source=gmail&amp;ust=1633616465051000&amp;usg=AFQjCNFR8zsDUkKJ9PNz9FlJJ_0iR-qqSA\" data-cke-saved-href=\"https:\/\/www.youtube.com\/channel\/UCtw6E5pO5X4LR2fxaLpWT_Q\">Youtube!<\/a><\/span><\/p>\n<p><img loading=\"lazy\" decoding=\"async\" class=\"aligncenter wp-image-22975\" src=\"https:\/\/www.swedcham.com.br\/wp-content\/uploads\/2021\/05\/11.png\" alt=\"\" width=\"760\" height=\"345\" srcset=\"https:\/\/www.swedcham.com.br\/wp-content\/uploads\/2021\/05\/11.png 606w, https:\/\/www.swedcham.com.br\/wp-content\/uploads\/2021\/05\/11-600x272.png 600w, https:\/\/www.swedcham.com.br\/wp-content\/uploads\/2021\/05\/11-300x136.png 300w\" sizes=\"auto, (max-width: 760px) 100vw, 760px\" \/><\/p>\n<p><img loading=\"lazy\" decoding=\"async\" class=\"aligncenter wp-image-22977 size-full\" src=\"https:\/\/www.swedcham.com.br\/wp-content\/uploads\/2021\/05\/banner-final.jpg\" alt=\"\" width=\"1280\" height=\"640\" srcset=\"https:\/\/www.swedcham.com.br\/wp-content\/uploads\/2021\/05\/banner-final.jpg 1280w, https:\/\/www.swedcham.com.br\/wp-content\/uploads\/2021\/05\/banner-final-600x300.jpg 600w, https:\/\/www.swedcham.com.br\/wp-content\/uploads\/2021\/05\/banner-final-300x150.jpg 300w, https:\/\/www.swedcham.com.br\/wp-content\/uploads\/2021\/05\/banner-final-1024x512.jpg 1024w, https:\/\/www.swedcham.com.br\/wp-content\/uploads\/2021\/05\/banner-final-768x384.jpg 768w, https:\/\/www.swedcham.com.br\/wp-content\/uploads\/2021\/05\/banner-final-100x50.jpg 100w\" sizes=\"auto, (max-width: 1280px) 100vw, 1280px\" \/><\/p>\n<p>&nbsp;<\/p>\n<p><iframe loading=\"lazy\" title=\"Friday Fika com Claudinei Reche\" width=\"640\" height=\"360\" src=\"https:\/\/www.youtube.com\/embed\/iJnRW_KVMmY?feature=oembed\" frameborder=\"0\" allow=\"accelerometer; autoplay; clipboard-write; encrypted-media; gyroscope; picture-in-picture; web-share\" referrerpolicy=\"strict-origin-when-cross-origin\" allowfullscreen><\/iframe><\/p>\n<p>&nbsp;<\/p>\n","protected":false},"excerpt":{"rendered":"<p>O que o esporte tem a ver com a performance de um l\u00edder? Nessa sexta feira (15) \u00e0s 10.00h,&nbsp;Jonas Lindstr\u00f6m<\/p>\n","protected":false},"featured_media":25214,"template":"","meta":[],"product_brand":[],"product_cat":[199],"product_tag":[],"class_list":{"0":"post-24987","1":"product","2":"type-product","3":"status-publish","4":"has-post-thumbnail","6":"product_cat-friday-fika","8":"first","9":"instock","10":"shipping-taxable","11":"product-type-simple"},"_links":{"self":[{"href":"https:\/\/www.swedcham.com.br\/en\/wp-json\/wp\/v2\/product\/24987","targetHints":{"allow":["GET"]}}],"collection":[{"href":"https:\/\/www.swedcham.com.br\/en\/wp-json\/wp\/v2\/product"}],"about":[{"href":"https:\/\/www.swedcham.com.br\/en\/wp-json\/wp\/v2\/types\/product"}],"wp:featuredmedia":[{"embeddable":true,"href":"https:\/\/www.swedcham.com.br\/en\/wp-json\/wp\/v2\/media\/25214"}],"wp:attachment":[{"href":"https:\/\/www.swedcham.com.br\/en\/wp-json\/wp\/v2\/media?parent=24987"}],"wp:term":[{"taxonomy":"product_brand","embeddable":true,"href":"https:\/\/www.swedcham.com.br\/en\/wp-json\/wp\/v2\/product_brand?post=24987"},{"taxonomy":"product_cat","embeddable":true,"href":"https:\/\/www.swedcham.com.br\/en\/wp-json\/wp\/v2\/product_cat?post=24987"},{"taxonomy":"product_tag","embeddable":true,"href":"https:\/\/www.swedcham.com.br\/en\/wp-json\/wp\/v2\/product_tag?post=24987"}],"curies":[{"name":"wp","href":"https:\/\/api.w.org\/{rel}","templated":true}]}}