{"id":24985,"date":"2021-09-28T14:06:26","date_gmt":"2021-09-28T17:06:26","guid":{"rendered":"https:\/\/dev.swedcham.com.br\/uncategorized\/transformacao-digital-por-meio-de-plataformas\/"},"modified":"2022-04-10T00:09:17","modified_gmt":"2022-04-10T03:09:17","slug":"transformacao-digital-por-meio-de-plataformas","status":"publish","type":"product","link":"https:\/\/www.swedcham.com.br\/en\/product\/our-events\/transformacao-digital-por-meio-de-plataformas\/","title":{"rendered":"Transforma\u00e7\u00e3o digital por meio de plataformas\u00a0"},"content":{"rendered":"<p><iframe loading=\"lazy\" title=\"Transforma\u00e7\u00e3o digital por meio de plataformas - como se reinventar usando o marketplace\" width=\"640\" height=\"480\" src=\"https:\/\/www.youtube.com\/embed\/nOQ1M658Lho?feature=oembed\" frameborder=\"0\" allow=\"accelerometer; autoplay; clipboard-write; encrypted-media; gyroscope; picture-in-picture; web-share\" referrerpolicy=\"strict-origin-when-cross-origin\" allowfullscreen><\/iframe><\/p>\n<p><span style=\"color: #000000;\"><strong>Transforma\u00e7\u00e3o digital por meio de plataformas\u00a0<\/strong><\/span><br \/>\n<span style=\"color: #000000;\"><strong>\u00a0 \u00a0 \u00a0 \u00a0 \u00a0 \u00a0 &#8211;<em> como se reinventar usando o marketplace como estrat\u00e9gia.<\/em><\/strong><\/span><\/p>\n<p><span style=\"color: #000000;\">Os neg\u00f3cios est\u00e3o cada vez mais digitais e baseados em plataformas. A possibilidade de escalar mercados, alcan\u00e7ando mais consumidores, parceiros e fontes de receita no ambiente digital, \u00e9 a aposta em diversos setores da economia. Os marketplaces s\u00e3o modelos de neg\u00f3cio que se apresentam como uma estrat\u00e9gia em rede, onde o ciclo virtuoso de crescimento tem se destacado nos neg\u00f3cios B2C, B2B e B2B2C.<\/span><\/p>\n<p><span style=\"color: #000000;\">Saiba como as plataformas de marketplace podem revolucionar o seu neg\u00f3cio!<\/span><\/p>\n<p class=\"m_3630756642185695850normal\" style=\"text-align: left;\"><span style=\"color: #000000;\"><img loading=\"lazy\" decoding=\"async\" class=\"alignleft wp-image-23837 size-thumbnail\" src=\"https:\/\/www.swedcham.com.br\/wp-content\/uploads\/2021\/09\/ps-150x150.jpg\" alt=\"\" width=\"150\" height=\"150\" \/><\/span><\/p>\n<p><span style=\"color: #000000;\"><strong>Paulo Moreira &#8211;\u00a0<\/strong>Mestre em Administra\u00e7\u00e3o de Empresas pela FMU, com mais de 14 anos de experi\u00eancia em Com\u00e9rcio Eletr\u00f4nico, \u00e9 especializado em projetos de implanta\u00e7\u00e3o de neg\u00f3cios digitais, tendo atuado em diversas empresas\/marcas de todos os portes pelo Brasil. Palestrante e professor convidado, leciona nos cursos da ESPM. Atualmente, \u00e9 Head de Novos Neg\u00f3cios e Parcerias da OmniK, empresa especializada em opera\u00e7\u00f5es de marketplaces do Grupo FCamara.<\/span><\/p>\n<div>\n<p><span style=\"color: #000000;\"><\/span><\/p>\n<p class=\"m_8215363500706865736m_-1492442068443120964m_-8622026719244850452m_-7456309968160772443m_-5953347527171562918m_-919258446742338626detail_h3\"><span style=\"color: #000000;\"><strong>Quinta-feira, 14\u00a0de outubro, \u00e0s 15:00hs<\/strong><\/span><\/p>\n<p><strong><span style=\"color: #000000;\">RSVP\u00a0at\u00e9 14\u00a0de outubro.<\/span><\/strong><\/p>\n<h4 class=\"m_8215363500706865736m_-1492442068443120964m_-8622026719244850452m_-7456309968160772443m_-5953347527171562918m_-919258446742338626detail_h3\"><span style=\"color: #000000;\"><strong><a style=\"color: #000000;\" href=\"https:\/\/docs.google.com\/forms\/d\/e\/1FAIpQLScqkbCEp5lBNQcmPBXZamb-OxsfTUB0ZCLdDXw2voeehFYh8w\/viewform?vc=0&amp;c=0&amp;w=1&amp;flr=0\" target=\"_blank\" rel=\"noopener noreferrer\" data-cke-saved-href=\"https:\/\/docs.google.com\/forms\/d\/e\/1FAIpQLScqkbCEp5lBNQcmPBXZamb-OxsfTUB0ZCLdDXw2voeehFYh8w\/viewform?vc=0&amp;c=0&amp;w=1&amp;flr=0\">Clique aqui para fazer sua reserva<\/a><\/strong><\/span><\/h4>\n<\/div>\n<div>\n<p><span style=\"color: #000000;\">O link de acesso para o webinar\u00a0ser\u00e1 enviado\u00a0antes do<\/span><br \/>\n<span style=\"color: #000000;\">evento para todos que confirmarem sua participa\u00e7\u00e3o.<\/span><\/p>\n<h3><\/h3>\n<\/div>\n","protected":false},"excerpt":{"rendered":"<p>Transforma\u00e7\u00e3o digital por meio de plataformas\u00a0 \u00a0 \u00a0 \u00a0 \u00a0 \u00a0 \u00a0 &#8211; como se reinventar usando o marketplace como<\/p>\n","protected":false},"featured_media":0,"template":"","meta":[],"product_brand":[],"product_cat":[228],"product_tag":[],"class_list":{"0":"post-24985","1":"product","2":"type-product","3":"status-publish","5":"product_cat-our-events","7":"first","8":"instock","9":"shipping-taxable","10":"product-type-simple"},"_links":{"self":[{"href":"https:\/\/www.swedcham.com.br\/en\/wp-json\/wp\/v2\/product\/24985","targetHints":{"allow":["GET"]}}],"collection":[{"href":"https:\/\/www.swedcham.com.br\/en\/wp-json\/wp\/v2\/product"}],"about":[{"href":"https:\/\/www.swedcham.com.br\/en\/wp-json\/wp\/v2\/types\/product"}],"wp:attachment":[{"href":"https:\/\/www.swedcham.com.br\/en\/wp-json\/wp\/v2\/media?parent=24985"}],"wp:term":[{"taxonomy":"product_brand","embeddable":true,"href":"https:\/\/www.swedcham.com.br\/en\/wp-json\/wp\/v2\/product_brand?post=24985"},{"taxonomy":"product_cat","embeddable":true,"href":"https:\/\/www.swedcham.com.br\/en\/wp-json\/wp\/v2\/product_cat?post=24985"},{"taxonomy":"product_tag","embeddable":true,"href":"https:\/\/www.swedcham.com.br\/en\/wp-json\/wp\/v2\/product_tag?post=24985"}],"curies":[{"name":"wp","href":"https:\/\/api.w.org\/{rel}","templated":true}]}}