{"id":24981,"date":"2021-09-22T05:57:49","date_gmt":"2021-09-22T08:57:49","guid":{"rendered":"https:\/\/dev.swedcham.com.br\/uncategorized\/10-dicas-para-se-dar-bem-em-ligacoes-em-ingles\/"},"modified":"2021-09-22T05:57:49","modified_gmt":"2021-09-22T08:57:49","slug":"10-dicas-para-se-dar-bem-em-ligacoes-em-ingles","status":"publish","type":"product","link":"https:\/\/www.swedcham.com.br\/en\/product\/our-events\/10-dicas-para-se-dar-bem-em-ligacoes-em-ingles\/","title":{"rendered":"10 DICAS PARA SE DAR BEM EM LIGA\u00c7\u00d5ES EM INGL\u00caS."},"content":{"rendered":"<div><a href=\"https:\/\/www.youtube.com\/watch?v=UBsko8dwFWs\"><img loading=\"lazy\" decoding=\"async\" class=\"alignleft wp-image-23806 size-full\" src=\"https:\/\/www.swedcham.com.br\/wp-content\/uploads\/2021\/09\/l12.jpg\" alt=\"\" width=\"670\" height=\"600\" \/><\/a><\/div>\n<p>&nbsp;<\/p>\n<p>&nbsp;<\/p>\n","protected":false},"excerpt":{"rendered":"<p>&nbsp; &nbsp;<\/p>\n","protected":false},"featured_media":0,"template":"","meta":[],"product_brand":[],"product_cat":[228],"product_tag":[],"class_list":{"0":"post-24981","1":"product","2":"type-product","3":"status-publish","5":"product_cat-our-events","7":"first","8":"instock","9":"shipping-taxable","10":"product-type-simple"},"_links":{"self":[{"href":"https:\/\/www.swedcham.com.br\/en\/wp-json\/wp\/v2\/product\/24981","targetHints":{"allow":["GET"]}}],"collection":[{"href":"https:\/\/www.swedcham.com.br\/en\/wp-json\/wp\/v2\/product"}],"about":[{"href":"https:\/\/www.swedcham.com.br\/en\/wp-json\/wp\/v2\/types\/product"}],"wp:attachment":[{"href":"https:\/\/www.swedcham.com.br\/en\/wp-json\/wp\/v2\/media?parent=24981"}],"wp:term":[{"taxonomy":"product_brand","embeddable":true,"href":"https:\/\/www.swedcham.com.br\/en\/wp-json\/wp\/v2\/product_brand?post=24981"},{"taxonomy":"product_cat","embeddable":true,"href":"https:\/\/www.swedcham.com.br\/en\/wp-json\/wp\/v2\/product_cat?post=24981"},{"taxonomy":"product_tag","embeddable":true,"href":"https:\/\/www.swedcham.com.br\/en\/wp-json\/wp\/v2\/product_tag?post=24981"}],"curies":[{"name":"wp","href":"https:\/\/api.w.org\/{rel}","templated":true}]}}