{"id":24979,"date":"2021-09-21T15:50:57","date_gmt":"2021-09-21T18:50:57","guid":{"rendered":"https:\/\/dev.swedcham.com.br\/uncategorized\/friday-fika-com-jovane-medina-azevedo\/"},"modified":"2022-04-08T21:15:44","modified_gmt":"2022-04-09T00:15:44","slug":"friday-fika-com-jovane-medina-azevedo","status":"publish","type":"product","link":"https:\/\/www.swedcham.com.br\/en\/product\/our-events\/friday-fika\/friday-fika-com-jovane-medina-azevedo\/","title":{"rendered":"Friday Fika com Jovane Medina Azevedo"},"content":{"rendered":"<div><img loading=\"lazy\" decoding=\"async\" class=\"aligncenter wp-image-22701 size-full\" src=\"https:\/\/www.swedcham.com.br\/wp-content\/uploads\/2021\/04\/head.png\" alt=\"\" width=\"1920\" height=\"516\" srcset=\"https:\/\/www.swedcham.com.br\/wp-content\/uploads\/2021\/04\/head.png 1920w, https:\/\/www.swedcham.com.br\/wp-content\/uploads\/2021\/04\/head-600x161.png 600w, https:\/\/www.swedcham.com.br\/wp-content\/uploads\/2021\/04\/head-300x81.png 300w, https:\/\/www.swedcham.com.br\/wp-content\/uploads\/2021\/04\/head-1024x275.png 1024w, https:\/\/www.swedcham.com.br\/wp-content\/uploads\/2021\/04\/head-768x206.png 768w, https:\/\/www.swedcham.com.br\/wp-content\/uploads\/2021\/04\/head-1536x413.png 1536w\" sizes=\"auto, (max-width: 1920px) 100vw, 1920px\" \/><\/div>\n<p><img loading=\"lazy\" decoding=\"async\" class=\"aligncenter wp-image-22971\" src=\"https:\/\/www.swedcham.com.br\/wp-content\/uploads\/2021\/05\/5.png\" alt=\"\" width=\"800\" height=\"399\" srcset=\"https:\/\/www.swedcham.com.br\/wp-content\/uploads\/2021\/05\/5.png 640w, https:\/\/www.swedcham.com.br\/wp-content\/uploads\/2021\/05\/5-600x299.png 600w, https:\/\/www.swedcham.com.br\/wp-content\/uploads\/2021\/05\/5-300x150.png 300w, https:\/\/www.swedcham.com.br\/wp-content\/uploads\/2021\/05\/5-100x50.png 100w\" sizes=\"auto, (max-width: 800px) 100vw, 800px\" \/><\/p>\n<p><span style=\"color: #000000;\"><strong>Friday Fika com Jovane Medina Azevedo<\/strong><\/span><\/p>\n<p><span style=\"color: #000000;\">J\u00e1 pensou em estudar fora?&nbsp;Por que n\u00e3o na Su\u00e9cia?&nbsp;<\/span><\/p>\n<p><span style=\"color: #000000;\">Sexta-feira \u00e0s 10 horas, Jonas Lindstr\u00f6m ter\u00e1 o prazer de conversar com Prof. Dr. Jovane Medina, docente da Universidade do Estado de Santa Catarina &#8211; UDESC e representante de universidades suecas no Brasil. Jovane j\u00e1 atuou como professor convidado na Universidade de J\u00f6nk\u00f6ping, localizada no cora\u00e7\u00e3o da Su\u00e9cia, e ir\u00e1 compartilhar conosco a sua experi\u00eancia de vida na sociedade sueca e sobre oportunidades acad\u00eamicas num dos pa\u00edses mais inovadores e sustent\u00e1veis do mundo. N\u00e3o perca esta oportunidade!!!<\/span><\/p>\n<p><span style=\"color: #000000;\">Voc\u00ea que \u00e9 de S\u00e3o Paulo, <a style=\"color: #000000;\" href=\"https:\/\/escandinavo.goomer.app\/menu\" target=\"_blank\" rel=\"noopener noreferrer\" data-cke-saved-href=\"https:\/\/escandinavo.goomer.app\/menu\">clique aqui<\/a>&nbsp;e encomende um delicioso e tradicional Swedish fika para acompanhar o papo.<\/span><\/p>\n<p><span style=\"color: #000000;\">Sexta-feira no nosso canal do <a style=\"color: #000000;\" href=\"https:\/\/www.youtube.com\/channel\/UCtw6E5pO5X4LR2fxaLpWT_Q\" target=\"_blank\" rel=\"noopener noreferrer\" data-cke-saved-href=\"https:\/\/www.youtube.com\/channel\/UCtw6E5pO5X4LR2fxaLpWT_Q\">Youtube!<\/a><\/span><\/p>\n<p><img loading=\"lazy\" decoding=\"async\" class=\"aligncenter wp-image-22975\" src=\"https:\/\/www.swedcham.com.br\/wp-content\/uploads\/2021\/05\/11.png\" alt=\"\" width=\"760\" height=\"345\" srcset=\"https:\/\/www.swedcham.com.br\/wp-content\/uploads\/2021\/05\/11.png 606w, https:\/\/www.swedcham.com.br\/wp-content\/uploads\/2021\/05\/11-600x272.png 600w, https:\/\/www.swedcham.com.br\/wp-content\/uploads\/2021\/05\/11-300x136.png 300w\" sizes=\"auto, (max-width: 760px) 100vw, 760px\" \/><\/p>\n<p><img loading=\"lazy\" decoding=\"async\" class=\"aligncenter wp-image-22977 size-full\" src=\"https:\/\/www.swedcham.com.br\/wp-content\/uploads\/2021\/05\/banner-final.jpg\" alt=\"\" width=\"1280\" height=\"640\" srcset=\"https:\/\/www.swedcham.com.br\/wp-content\/uploads\/2021\/05\/banner-final.jpg 1280w, https:\/\/www.swedcham.com.br\/wp-content\/uploads\/2021\/05\/banner-final-600x300.jpg 600w, https:\/\/www.swedcham.com.br\/wp-content\/uploads\/2021\/05\/banner-final-300x150.jpg 300w, https:\/\/www.swedcham.com.br\/wp-content\/uploads\/2021\/05\/banner-final-1024x512.jpg 1024w, https:\/\/www.swedcham.com.br\/wp-content\/uploads\/2021\/05\/banner-final-768x384.jpg 768w, https:\/\/www.swedcham.com.br\/wp-content\/uploads\/2021\/05\/banner-final-100x50.jpg 100w\" sizes=\"auto, (max-width: 1280px) 100vw, 1280px\" \/><\/p>\n<p>&nbsp;<\/p>\n<p><iframe loading=\"lazy\" title=\"Friday Fika com Jovane Medina\" width=\"640\" height=\"360\" src=\"https:\/\/www.youtube.com\/embed\/UdWRIL5J0s4?feature=oembed\" frameborder=\"0\" allow=\"accelerometer; autoplay; clipboard-write; encrypted-media; gyroscope; picture-in-picture; web-share\" referrerpolicy=\"strict-origin-when-cross-origin\" allowfullscreen><\/iframe><\/p>\n<p>&nbsp;<\/p>\n","protected":false},"excerpt":{"rendered":"<p>Friday Fika com Jovane Medina Azevedo J\u00e1 pensou em estudar fora?&nbsp;Por que n\u00e3o na Su\u00e9cia?&nbsp; Sexta-feira \u00e0s 10 horas, Jonas<\/p>\n","protected":false},"featured_media":25208,"template":"","meta":[],"product_brand":[],"product_cat":[199],"product_tag":[],"class_list":{"0":"post-24979","1":"product","2":"type-product","3":"status-publish","4":"has-post-thumbnail","6":"product_cat-friday-fika","8":"first","9":"instock","10":"shipping-taxable","11":"product-type-simple"},"_links":{"self":[{"href":"https:\/\/www.swedcham.com.br\/en\/wp-json\/wp\/v2\/product\/24979","targetHints":{"allow":["GET"]}}],"collection":[{"href":"https:\/\/www.swedcham.com.br\/en\/wp-json\/wp\/v2\/product"}],"about":[{"href":"https:\/\/www.swedcham.com.br\/en\/wp-json\/wp\/v2\/types\/product"}],"wp:featuredmedia":[{"embeddable":true,"href":"https:\/\/www.swedcham.com.br\/en\/wp-json\/wp\/v2\/media\/25208"}],"wp:attachment":[{"href":"https:\/\/www.swedcham.com.br\/en\/wp-json\/wp\/v2\/media?parent=24979"}],"wp:term":[{"taxonomy":"product_brand","embeddable":true,"href":"https:\/\/www.swedcham.com.br\/en\/wp-json\/wp\/v2\/product_brand?post=24979"},{"taxonomy":"product_cat","embeddable":true,"href":"https:\/\/www.swedcham.com.br\/en\/wp-json\/wp\/v2\/product_cat?post=24979"},{"taxonomy":"product_tag","embeddable":true,"href":"https:\/\/www.swedcham.com.br\/en\/wp-json\/wp\/v2\/product_tag?post=24979"}],"curies":[{"name":"wp","href":"https:\/\/api.w.org\/{rel}","templated":true}]}}