{"id":24978,"date":"2021-09-19T20:38:59","date_gmt":"2021-09-19T23:38:59","guid":{"rendered":"https:\/\/dev.swedcham.com.br\/uncategorized\/skf-forum-o-futurado-tratamento-de-dados-e-informacao\/"},"modified":"2021-09-19T20:38:59","modified_gmt":"2021-09-19T23:38:59","slug":"skf-forum-o-futurado-tratamento-de-dados-e-informacao","status":"publish","type":"product","link":"https:\/\/www.swedcham.com.br\/en\/product\/our-events\/skf-forum-o-futurado-tratamento-de-dados-e-informacao\/","title":{"rendered":"SKF F\u00f3rum: O futuro do tratamento de dados e informa\u00e7\u00e3o"},"content":{"rendered":"<div><a href=\"https:\/\/www.custream.com\/skfforum\"><img loading=\"lazy\" decoding=\"async\" class=\"alignleft wp-image-23793 size-full\" src=\"https:\/\/www.swedcham.com.br\/wp-content\/uploads\/2021\/09\/skf.png\" alt=\"\" width=\"500\" height=\"500\" \/><\/a><\/div>\n<p>&nbsp;<\/p>\n<p>&nbsp;<\/p>\n","protected":false},"excerpt":{"rendered":"<p>&nbsp; &nbsp;<\/p>\n","protected":false},"featured_media":0,"template":"","meta":[],"product_brand":[],"product_cat":[228],"product_tag":[],"class_list":{"0":"post-24978","1":"product","2":"type-product","3":"status-publish","5":"product_cat-our-events","7":"first","8":"instock","9":"shipping-taxable","10":"product-type-simple"},"_links":{"self":[{"href":"https:\/\/www.swedcham.com.br\/en\/wp-json\/wp\/v2\/product\/24978","targetHints":{"allow":["GET"]}}],"collection":[{"href":"https:\/\/www.swedcham.com.br\/en\/wp-json\/wp\/v2\/product"}],"about":[{"href":"https:\/\/www.swedcham.com.br\/en\/wp-json\/wp\/v2\/types\/product"}],"wp:attachment":[{"href":"https:\/\/www.swedcham.com.br\/en\/wp-json\/wp\/v2\/media?parent=24978"}],"wp:term":[{"taxonomy":"product_brand","embeddable":true,"href":"https:\/\/www.swedcham.com.br\/en\/wp-json\/wp\/v2\/product_brand?post=24978"},{"taxonomy":"product_cat","embeddable":true,"href":"https:\/\/www.swedcham.com.br\/en\/wp-json\/wp\/v2\/product_cat?post=24978"},{"taxonomy":"product_tag","embeddable":true,"href":"https:\/\/www.swedcham.com.br\/en\/wp-json\/wp\/v2\/product_tag?post=24978"}],"curies":[{"name":"wp","href":"https:\/\/api.w.org\/{rel}","templated":true}]}}