{"id":24975,"date":"2021-08-31T14:44:29","date_gmt":"2021-08-31T17:44:29","guid":{"rendered":"https:\/\/dev.swedcham.com.br\/uncategorized\/15-termos-e-expressoes-impactantes-para-usar-em-suas-negociacoes-em-ingles\/"},"modified":"2021-08-31T14:44:29","modified_gmt":"2021-08-31T17:44:29","slug":"15-termos-e-expressoes-impactantes-para-usar-em-suas-negociacoes-em-ingles","status":"publish","type":"product","link":"https:\/\/www.swedcham.com.br\/en\/product\/our-events\/15-termos-e-expressoes-impactantes-para-usar-em-suas-negociacoes-em-ingles\/","title":{"rendered":"15 termos e express\u00f5es impactantes para usar em suas negocia\u00e7\u00f5es em Ingl\u00eas."},"content":{"rendered":"<div><a href=\"https:\/\/www.youtube.com\/watch?v=8x7gD2AzrNw\"><img loading=\"lazy\" decoding=\"async\" class=\"alignleft wp-image-23716 size-full\" src=\"https:\/\/www.swedcham.com.br\/wp-content\/uploads\/2021\/08\/111.png\" alt=\"\" width=\"547\" height=\"525\" \/><\/a><\/div>\n<p>&nbsp;<\/p>\n<p>&nbsp;<\/p>\n","protected":false},"excerpt":{"rendered":"<p>&nbsp; &nbsp;<\/p>\n","protected":false},"featured_media":0,"template":"","meta":[],"product_brand":[],"product_cat":[228],"product_tag":[],"class_list":{"0":"post-24975","1":"product","2":"type-product","3":"status-publish","5":"product_cat-our-events","7":"first","8":"instock","9":"shipping-taxable","10":"product-type-simple"},"_links":{"self":[{"href":"https:\/\/www.swedcham.com.br\/en\/wp-json\/wp\/v2\/product\/24975","targetHints":{"allow":["GET"]}}],"collection":[{"href":"https:\/\/www.swedcham.com.br\/en\/wp-json\/wp\/v2\/product"}],"about":[{"href":"https:\/\/www.swedcham.com.br\/en\/wp-json\/wp\/v2\/types\/product"}],"wp:attachment":[{"href":"https:\/\/www.swedcham.com.br\/en\/wp-json\/wp\/v2\/media?parent=24975"}],"wp:term":[{"taxonomy":"product_brand","embeddable":true,"href":"https:\/\/www.swedcham.com.br\/en\/wp-json\/wp\/v2\/product_brand?post=24975"},{"taxonomy":"product_cat","embeddable":true,"href":"https:\/\/www.swedcham.com.br\/en\/wp-json\/wp\/v2\/product_cat?post=24975"},{"taxonomy":"product_tag","embeddable":true,"href":"https:\/\/www.swedcham.com.br\/en\/wp-json\/wp\/v2\/product_tag?post=24975"}],"curies":[{"name":"wp","href":"https:\/\/api.w.org\/{rel}","templated":true}]}}