{"id":24958,"date":"2021-08-16T11:22:28","date_gmt":"2021-08-16T14:22:28","guid":{"rendered":"https:\/\/dev.swedcham.com.br\/uncategorized\/o-que-o-profissional-que-fala-ingles-faz-que-eu-nao-faco\/"},"modified":"2021-08-16T11:22:28","modified_gmt":"2021-08-16T14:22:28","slug":"o-que-o-profissional-que-fala-ingles-faz-que-eu-nao-faco","status":"publish","type":"product","link":"https:\/\/www.swedcham.com.br\/en\/product\/our-events\/o-que-o-profissional-que-fala-ingles-faz-que-eu-nao-faco\/","title":{"rendered":"O que o profissional que fala Ingl\u00eas faz que eu n\u00e3o fa\u00e7o?!"},"content":{"rendered":"<div><a href=\"https:\/\/www.youtube.com\/watch?v=__fekPQlU1k\"><img loading=\"lazy\" decoding=\"async\" class=\"alignleft wp-image-23644 size-full\" src=\"https:\/\/www.swedcham.com.br\/wp-content\/uploads\/2021\/08\/r10.png\" alt=\"\" width=\"549\" height=\"440\" \/><\/a><\/div>\n<p>&nbsp;<\/p>\n<p>&nbsp;<\/p>\n<p>&nbsp;<\/p>\n","protected":false},"excerpt":{"rendered":"<p>&nbsp; &nbsp; &nbsp;<\/p>\n","protected":false},"featured_media":0,"template":"","meta":[],"product_brand":[],"product_cat":[228],"product_tag":[],"class_list":{"0":"post-24958","1":"product","2":"type-product","3":"status-publish","5":"product_cat-our-events","7":"first","8":"instock","9":"shipping-taxable","10":"product-type-simple"},"_links":{"self":[{"href":"https:\/\/www.swedcham.com.br\/en\/wp-json\/wp\/v2\/product\/24958","targetHints":{"allow":["GET"]}}],"collection":[{"href":"https:\/\/www.swedcham.com.br\/en\/wp-json\/wp\/v2\/product"}],"about":[{"href":"https:\/\/www.swedcham.com.br\/en\/wp-json\/wp\/v2\/types\/product"}],"wp:attachment":[{"href":"https:\/\/www.swedcham.com.br\/en\/wp-json\/wp\/v2\/media?parent=24958"}],"wp:term":[{"taxonomy":"product_brand","embeddable":true,"href":"https:\/\/www.swedcham.com.br\/en\/wp-json\/wp\/v2\/product_brand?post=24958"},{"taxonomy":"product_cat","embeddable":true,"href":"https:\/\/www.swedcham.com.br\/en\/wp-json\/wp\/v2\/product_cat?post=24958"},{"taxonomy":"product_tag","embeddable":true,"href":"https:\/\/www.swedcham.com.br\/en\/wp-json\/wp\/v2\/product_tag?post=24958"}],"curies":[{"name":"wp","href":"https:\/\/api.w.org\/{rel}","templated":true}]}}