{"id":23523,"date":"2021-07-27T08:37:55","date_gmt":"2021-07-27T11:37:55","guid":{"rendered":"https:\/\/www.swedcham.com.br\/events\/coming-events\/friday-fika-com-otavio-lucchese\/"},"modified":"2022-04-08T21:00:20","modified_gmt":"2022-04-09T00:00:20","slug":"friday-fika-com-otavio-lucchese","status":"publish","type":"product","link":"https:\/\/www.swedcham.com.br\/en\/product\/our-events\/friday-fika\/friday-fika-com-otavio-lucchese\/","title":{"rendered":"Friday Fika com Otavio Lucchese"},"content":{"rendered":"<div><img loading=\"lazy\" decoding=\"async\" class=\"size-large wp-image-22701 alignnone\" src=\"https:\/\/www.swedcham.com.br\/wp-content\/uploads\/2021\/04\/head-1024x275.png\" alt=\"\" width=\"604\" height=\"162\" srcset=\"https:\/\/www.swedcham.com.br\/wp-content\/uploads\/2021\/04\/head-1024x275.png 1024w, https:\/\/www.swedcham.com.br\/wp-content\/uploads\/2021\/04\/head-600x161.png 600w, https:\/\/www.swedcham.com.br\/wp-content\/uploads\/2021\/04\/head-300x81.png 300w, https:\/\/www.swedcham.com.br\/wp-content\/uploads\/2021\/04\/head-768x206.png 768w, https:\/\/www.swedcham.com.br\/wp-content\/uploads\/2021\/04\/head-1536x413.png 1536w, https:\/\/www.swedcham.com.br\/wp-content\/uploads\/2021\/04\/head.png 1920w\" sizes=\"auto, (max-width: 604px) 100vw, 604px\" \/><\/div>\n<p><img loading=\"lazy\" decoding=\"async\" class=\"wp-image-22971 alignnone\" src=\"https:\/\/www.swedcham.com.br\/wp-content\/uploads\/2021\/05\/5.png\" alt=\"\" width=\"604\" height=\"301\" srcset=\"https:\/\/www.swedcham.com.br\/wp-content\/uploads\/2021\/05\/5.png 640w, https:\/\/www.swedcham.com.br\/wp-content\/uploads\/2021\/05\/5-600x299.png 600w, https:\/\/www.swedcham.com.br\/wp-content\/uploads\/2021\/05\/5-300x150.png 300w, https:\/\/www.swedcham.com.br\/wp-content\/uploads\/2021\/05\/5-100x50.png 100w\" sizes=\"auto, (max-width: 604px) 100vw, 604px\" \/><\/p>\n<h4><span style=\"color: #000000;\"><strong>Conhe\u00e7a&nbsp;Otavio Lucchese!&nbsp;<\/strong><\/span><\/h4>\n<p><span style=\"color: #000000;\">Sexta-feira \u00e0s 10 horas,&nbsp;Jonas Lindstr\u00f6m recebe&nbsp;Otavio Lucchese, representante da Swedcham em Curitiba.<\/span><\/p>\n<p><span style=\"color: #000000;\">Otavio&nbsp;\u00e9 o nosso bra\u00e7o de apoio&nbsp;quando empresas suecas&nbsp;desejam iniciar neg\u00f3cios no Paran\u00e1. Trabalha com suecos h\u00e1 mais de 15 anos. Aprendeu a admirar o jeito sueco de viver e fazer neg\u00f3cios. Passou tr\u00eas vezes o&nbsp;midsummer&nbsp;na Su\u00e9cia, nadou nas \u00e1guas geladas do&nbsp;arquip\u00e9lago,&nbsp;levou suecos para pescar (e comer) piranha e degustar larva de baba\u00e7u na Amaz\u00f4nia, mas&nbsp;ainda n\u00e3o teve coragem de comer&nbsp;surstr\u00f6mming. Quando a pandemia passar, pretende visitar o norte da Su\u00e9cia. No campo profissional, Ot\u00e1vio \u00e9 advogado com ampla experi\u00eancia internacional. Foi respons\u00e1vel pelos assuntos jur\u00eddicos de uma multinacional sueca na Am\u00e9rica Latina e atua como consultor jur\u00eddico para empresas estrangeiras.&nbsp;\u00c9 tamb\u00e9m&nbsp;s\u00f3cio do&nbsp;Brasil Desk&nbsp;do&nbsp;escrit\u00f3rio sueco TM &amp; Partners (nova denomina\u00e7\u00e3o de T\u00f6rngren Magnell) e&nbsp;of counsel&nbsp;do escrit\u00f3rio brasileiro Rolim, Viotti, Goulart, Cardoso Advogados.N\u00e3o perca esse bate papo!<\/span><\/p>\n<p><span style=\"color: #000000;\">Voc\u00ea que \u00e9 de S\u00e3o Paulo, <a style=\"color: #000000;\" href=\"https:\/\/escandinavo.goomer.app\/menu\" target=\"_blank\" rel=\"noopener noreferrer\" data-cke-saved-href=\"https:\/\/escandinavo.goomer.app\/menu\">clique aqui<\/a>&nbsp;e encomende um delicioso e tradicional Swedish fika para acompanhar o papo.<\/span><\/p>\n<p><span style=\"color: #000000;\">Toda sexta-feira no nosso canal do <a style=\"color: #000000;\" href=\"https:\/\/www.youtube.com\/channel\/UCtw6E5pO5X4LR2fxaLpWT_Q\" target=\"_blank\" rel=\"noopener noreferrer\" data-cke-saved-href=\"https:\/\/www.youtube.com\/channel\/UCtw6E5pO5X4LR2fxaLpWT_Q\">Youtube!<\/a><\/span><\/p>\n<p><img loading=\"lazy\" decoding=\"async\" class=\"alignleft wp-image-22975\" src=\"https:\/\/www.swedcham.com.br\/wp-content\/uploads\/2021\/05\/11.png\" alt=\"\" width=\"604\" height=\"274\" srcset=\"https:\/\/www.swedcham.com.br\/wp-content\/uploads\/2021\/05\/11.png 606w, https:\/\/www.swedcham.com.br\/wp-content\/uploads\/2021\/05\/11-600x272.png 600w, https:\/\/www.swedcham.com.br\/wp-content\/uploads\/2021\/05\/11-300x136.png 300w\" sizes=\"auto, (max-width: 604px) 100vw, 604px\" \/><\/p>\n<p><img loading=\"lazy\" decoding=\"async\" class=\"size-large wp-image-22977 alignnone\" src=\"https:\/\/www.swedcham.com.br\/wp-content\/uploads\/2021\/05\/banner-final-1024x512.jpg\" alt=\"\" width=\"604\" height=\"302\" srcset=\"https:\/\/www.swedcham.com.br\/wp-content\/uploads\/2021\/05\/banner-final-1024x512.jpg 1024w, https:\/\/www.swedcham.com.br\/wp-content\/uploads\/2021\/05\/banner-final-600x300.jpg 600w, https:\/\/www.swedcham.com.br\/wp-content\/uploads\/2021\/05\/banner-final-300x150.jpg 300w, https:\/\/www.swedcham.com.br\/wp-content\/uploads\/2021\/05\/banner-final-768x384.jpg 768w, https:\/\/www.swedcham.com.br\/wp-content\/uploads\/2021\/05\/banner-final-100x50.jpg 100w, https:\/\/www.swedcham.com.br\/wp-content\/uploads\/2021\/05\/banner-final.jpg 1280w\" sizes=\"auto, (max-width: 604px) 100vw, 604px\" \/><\/p>\n<p>&nbsp;<\/p>\n<p><iframe loading=\"lazy\" title=\"Friday Fika com Otavio Lucchese\" width=\"640\" height=\"360\" src=\"https:\/\/www.youtube.com\/embed\/YrnkhMlaZXw?feature=oembed\" frameborder=\"0\" allow=\"accelerometer; autoplay; clipboard-write; encrypted-media; gyroscope; picture-in-picture; web-share\" referrerpolicy=\"strict-origin-when-cross-origin\" allowfullscreen><\/iframe><\/p>\n<p>&nbsp;<\/p>\n","protected":false},"excerpt":{"rendered":"<p>Conhe\u00e7a&nbsp;Otavio Lucchese!&nbsp; Sexta-feira \u00e0s 10 horas,&nbsp;Jonas Lindstr\u00f6m recebe&nbsp;Otavio Lucchese, representante da Swedcham em Curitiba. Otavio&nbsp;\u00e9 o nosso bra\u00e7o de apoio&nbsp;quando<\/p>\n","protected":false},"featured_media":25198,"template":"","meta":[],"product_brand":[],"product_cat":[199],"product_tag":[],"class_list":{"0":"post-23523","1":"product","2":"type-product","3":"status-publish","4":"has-post-thumbnail","6":"product_cat-friday-fika","8":"first","9":"instock","10":"shipping-taxable","11":"product-type-simple"},"_links":{"self":[{"href":"https:\/\/www.swedcham.com.br\/en\/wp-json\/wp\/v2\/product\/23523","targetHints":{"allow":["GET"]}}],"collection":[{"href":"https:\/\/www.swedcham.com.br\/en\/wp-json\/wp\/v2\/product"}],"about":[{"href":"https:\/\/www.swedcham.com.br\/en\/wp-json\/wp\/v2\/types\/product"}],"wp:featuredmedia":[{"embeddable":true,"href":"https:\/\/www.swedcham.com.br\/en\/wp-json\/wp\/v2\/media\/25198"}],"wp:attachment":[{"href":"https:\/\/www.swedcham.com.br\/en\/wp-json\/wp\/v2\/media?parent=23523"}],"wp:term":[{"taxonomy":"product_brand","embeddable":true,"href":"https:\/\/www.swedcham.com.br\/en\/wp-json\/wp\/v2\/product_brand?post=23523"},{"taxonomy":"product_cat","embeddable":true,"href":"https:\/\/www.swedcham.com.br\/en\/wp-json\/wp\/v2\/product_cat?post=23523"},{"taxonomy":"product_tag","embeddable":true,"href":"https:\/\/www.swedcham.com.br\/en\/wp-json\/wp\/v2\/product_tag?post=23523"}],"curies":[{"name":"wp","href":"https:\/\/api.w.org\/{rel}","templated":true}]}}