{"id":23272,"date":"2021-06-29T14:56:00","date_gmt":"2021-06-29T17:56:00","guid":{"rendered":"https:\/\/www.swedcham.com.br\/events\/coming-events\/mensagem-de-ferias\/"},"modified":"2021-07-16T14:31:04","modified_gmt":"2021-07-16T17:31:04","slug":"mensagem-de-ferias","status":"publish","type":"product","link":"https:\/\/www.swedcham.com.br\/en\/product\/our-events\/mensagem-de-ferias\/","title":{"rendered":"Mensagem de f\u00e9rias"},"content":{"rendered":"<div><img loading=\"lazy\" decoding=\"async\" class=\"size-large wp-image-22701 alignnone\" src=\"https:\/\/www.swedcham.com.br\/wp-content\/uploads\/2021\/04\/head-1024x275.png\" alt=\"\" width=\"604\" height=\"162\" srcset=\"https:\/\/www.swedcham.com.br\/wp-content\/uploads\/2021\/04\/head-1024x275.png 1024w, https:\/\/www.swedcham.com.br\/wp-content\/uploads\/2021\/04\/head-600x161.png 600w, https:\/\/www.swedcham.com.br\/wp-content\/uploads\/2021\/04\/head-300x81.png 300w, https:\/\/www.swedcham.com.br\/wp-content\/uploads\/2021\/04\/head-768x206.png 768w, https:\/\/www.swedcham.com.br\/wp-content\/uploads\/2021\/04\/head-1536x413.png 1536w, https:\/\/www.swedcham.com.br\/wp-content\/uploads\/2021\/04\/head.png 1920w\" sizes=\"auto, (max-width: 604px) 100vw, 604px\" \/><\/div>\n<p><span style=\"color: #000000;\">Caros associados,<\/span><\/p>\n<p><span style=\"color: #000000;\">Mais um semestre chegou ao fim.<\/span><\/p>\n<p><span style=\"color: #000000;\">Entre os dias 5 e 22 de julho faremos uma pausa bem merecida, mas voltamos no dia 23 com nosso Friday Fika e muitos outros eventos interessantes para o segundo semestre.<\/span><\/p>\n<p><span style=\"color: #000000;\">Abaixo a lista dos eventos j\u00e1 realizados em 2021. Caso n\u00e3o tenha conseguido assistir, <a href=\"https:\/\/www.swedcham.com.br\/en\/events\/webinars\/\">clique aqui<\/a> e assista \u00e0s grava\u00e7\u00f5es.<\/span><\/p>\n<p><span style=\"color: #000000;\"><strong>SWEDCHAM EVENTS 2021<\/strong><\/span><\/p>\n<p><span style=\"color: #000000;\">24 Feb &#8211; Kick off &#8211; <em>Team Sweden in Brazil 2021 &#8211; what lies ahead?<\/em>\u00a0Ambassador Johanna Brismar Skoog, Consul Renato Pacheco, Trade Commisioner Andreas Rentner, Swedcham Chairman Sergio Quiroga<\/span><\/p>\n<p><span style=\"color: #000000;\">02 Mar &#8211; <em>The New Normal \u2013 <\/em>LLYC. Eduardo Almeida\/Indra, Ana Paula Ferreira\/Boeing, Georgia Sbrana\/Ericsson<\/span><\/p>\n<p><span style=\"color: #000000;\">08 Mar &#8211; Joint event \u2013 Swedcham and NBCC &#8211; <em>Brazilian economy outlook 2021<\/em> \u2013 Economist Marcos Lisboa, president at Insper.<\/span><\/p>\n<p><span style=\"color: #000000;\">09 Mar &#8211; <em>Communicate<\/em><em>\u00a0to\u00a0Change\u00a0and Inspire!\u00a0<\/em> <em>&#8211;<\/em> Christina\u00a0Rickardsson and Elaine Eksv\u00e4rd\u00a0<\/span><\/p>\n<p><span style=\"color: #000000;\">25 Mar &#8211; Joint event \u2013 Swedcham and NBCC &#8211; <em>O novo sistema de insolv\u00eancia brasileiro &#8211; Ana<\/em> Carolina Reis\/Kincaid | Mendes Vianna Advogados, L\u00edvia Gavioli Machado\/Verit\u00e1, Marcelo Moraes Santiago\/Jive, Sergio Savi\/BMA Advogados<\/span><\/p>\n<p><span style=\"color: #000000;\">14 Abr &#8211; Webinar \u2013 Bate papo com <em>Jornalista Paulo Galv\u00e3o\/CBN<\/em><\/span><\/p>\n<p><span style=\"color: #000000;\">22 Abr &#8211; Human Capital Committee &#8211; <em>Mulheres na Lideran\u00e7a Executiva <\/em><em>\u2013<\/em> Deborah Telesio \u2013 Elekta e Silvana Kalckmann &#8211; Le Pain Quotidien<\/span><\/p>\n<p><span style=\"color: #000000;\">27 Abr &#8211; General Assembly<\/span><\/p>\n<p><span style=\"color: #000000;\">29 Abr &#8211; Comit\u00ea de Inova\u00e7\u00e3o e Sustentabilidade: <em>Estrat\u00e9gia Nacional para Intelig\u00eancia Artificial<\/em> Jos\u00e9 Gontijo, Diretor do Departamento de Ci\u00eancia, Tecnologia e Inova\u00e7\u00e3o Digital do MCTI<\/span><\/p>\n<p><span style=\"color: #000000;\">5 May &#8211; <em>Neutraliza\u00e7\u00e3o de carbono: a Floresta Amaz\u00f4nica e o papel das empresas &#8211; <\/em>Marcio Mazon Getinge e Janaina Dallan \u2013 Carbonext<\/span><\/p>\n<p><span style=\"color: #000000;\">13 May &#8211; Human Capital Committee \u2013 A CONQUISTA DO EQUIL\u00cdBRIO MENTAL E F\u00cdSICO: A vis\u00e3o de renomados Especialistas! &#8211; <em>Daniel Martins de Barros, Psiquiatria da Faculdade de Medicina da Universidade de S\u00e3o Paulo (USP), <\/em>Vitorio Maddarena J\u00fanior, <em>Especialista em Cirurgia Pl\u00e1stica<\/em><em>, <\/em><em>Tiago Camilo, Sele\u00e7\u00e3o Brasileira de Jud\u00f4<\/em><\/span><\/p>\n<p><span style=\"color: #000000;\">19 May &#8211; <em>Neuro Magic \u2013 Personal Growth \u2013 Business Performance \u2013 Desmistificando! <\/em>&#8211; Rufus Wiena<\/span><\/p>\n<p><span style=\"color: #000000;\"><em>21 May \u2013 Friday FIKA com Jonas Lindstr\u00f6m \u2013 <\/em>convidados: Denise Guerschman e Thiago Maziero \u2013 O Esacndinavo<\/span><\/p>\n<p><span style=\"color: #000000;\">27 May \u2013 Comit\u00ea de Comunica\u00e7\u00e3o e Marketing &#8211; <em>Um panorama sobre as estrat\u00e9gias de SEO 360 no contexto das multinacionais<\/em> \u2013 Chris Marin &#8211; CEO da Elos Comunica\u00e7\u00e3o, Luiz Bill Nascimento &#8211; CEO da Newid e Talita Bats &#8211; Gerente de Contas da Elos Comunica\u00e7\u00e3o.<\/span><\/p>\n<p><span style=\"color: #000000;\">28 May &#8211; <em>Friday FIKA com Jonas Lindstr\u00f6m \u2013 <\/em>convidado: S\u00e9rgio Quiroga da Cunha \u2013 Swedcham\u00b4s chairman<\/span><\/p>\n<p><span style=\"color: #000000;\">04 June &#8211; <em>Friday FIKA com Jonas Lindstr\u00f6m \u2013 <\/em>convidada: Roberta Perez \u2013 Diretora e Fundadora \u2013 Nordic Ways<\/span><\/p>\n<p><span style=\"color: #000000;\">09 June \u2013 Comit\u00ea Jur\u00eddico &#8211; <em>A Inova\u00e7\u00e3o no acesso ao direito no p\u00f3s pandemia: como a tecnologia e comunica\u00e7\u00e3o efetiva podem apoiar os brasileiros. &#8211; Luiz Paulo Pinho &#8211; Co-fundador do Jusbrasil, Juliana Barbiero &#8211; CEO da Lexly Brasil e M\u00f4nica Vac Lourenci &#8211; VP Opera\u00e7\u00f5es e Planejamento na MSL Brasil.<\/em><\/span><\/p>\n<p><span style=\"color: #000000;\">09 June<em> \u2013 Advisory Council meeting with Luiza Helena Trajano<\/em><\/span><\/p>\n<p><span style=\"color: #000000;\">11 June &#8211; <em>Friday FIKA com Jonas Lindstr\u00f6m \u2013 <\/em>convidada: Camilla Prando &#8211; SPFC<\/span><\/p>\n<p><span style=\"color: #000000;\">17 June &#8211; Joint event \u2013 Swedcham and NBCC &#8211; <em>Futurismo e tend\u00eancias<\/em> &#8211; Monica Magalh\u00e3es &#8211; She loves future<\/span><\/p>\n<p><span style=\"color: #000000;\">18 June &#8211; <em>Friday FIKA com Jonas Lindstr\u00f6m \u2013 <\/em>convidados: Equipe do Consulado da Su\u00e9cia<\/span><\/p>\n<p><span style=\"color: #000000;\">22 June \u2013 Comit\u00ea de Capital Humano &#8211; LLYC &#8211; Estudo de Talentos 2021 &#8211; Ad\u00e9lia Chagas\u00a0<\/span><\/p>\n<p><span style=\"color: #000000;\">03 de July &#8211; Friday Fika com Jonas &#8211; Convidado:\u00a0 Luis Rezende \u2013 Volvo Cars<\/span><\/p>\n<p><span style=\"color: #000000;\">07 July &#8211; Swedcham Public Affairs Group &#8211; kick off\u00a0<\/span><\/p>\n<p><span style=\"color: #000000;\">07 July\u00a0&#8211;\u00a010 gafes mais cometidas por profissionais brasileiros em calls em Ingl\u00eas.<\/span><\/p>\n<p>&nbsp;<\/p>\n","protected":false},"excerpt":{"rendered":"<p>Caros associados, Mais um semestre chegou ao fim. Entre os dias 5 e 22 de julho faremos uma pausa bem<\/p>\n","protected":false},"featured_media":0,"template":"","meta":[],"product_brand":[],"product_cat":[228],"product_tag":[],"class_list":{"0":"post-23272","1":"product","2":"type-product","3":"status-publish","5":"product_cat-our-events","7":"first","8":"instock","9":"shipping-taxable","10":"product-type-simple"},"_links":{"self":[{"href":"https:\/\/www.swedcham.com.br\/en\/wp-json\/wp\/v2\/product\/23272","targetHints":{"allow":["GET"]}}],"collection":[{"href":"https:\/\/www.swedcham.com.br\/en\/wp-json\/wp\/v2\/product"}],"about":[{"href":"https:\/\/www.swedcham.com.br\/en\/wp-json\/wp\/v2\/types\/product"}],"wp:attachment":[{"href":"https:\/\/www.swedcham.com.br\/en\/wp-json\/wp\/v2\/media?parent=23272"}],"wp:term":[{"taxonomy":"product_brand","embeddable":true,"href":"https:\/\/www.swedcham.com.br\/en\/wp-json\/wp\/v2\/product_brand?post=23272"},{"taxonomy":"product_cat","embeddable":true,"href":"https:\/\/www.swedcham.com.br\/en\/wp-json\/wp\/v2\/product_cat?post=23272"},{"taxonomy":"product_tag","embeddable":true,"href":"https:\/\/www.swedcham.com.br\/en\/wp-json\/wp\/v2\/product_tag?post=23272"}],"curies":[{"name":"wp","href":"https:\/\/api.w.org\/{rel}","templated":true}]}}