{"id":23245,"date":"2021-06-25T08:35:35","date_gmt":"2021-06-25T11:35:35","guid":{"rendered":"https:\/\/www.swedcham.com.br\/events\/coming-events\/midsummer-friday-fika-com-jonas-e-receitas-culinarias-direto-da-cozinha-do-escandinavo\/"},"modified":"2021-06-25T08:43:34","modified_gmt":"2021-06-25T11:43:34","slug":"midsummer-friday-fika-com-jonas-e-receitas-culinarias-direto-da-cozinha-do-escandinavo","status":"publish","type":"product","link":"https:\/\/www.swedcham.com.br\/en\/product\/our-events\/midsummer-friday-fika-com-jonas-e-receitas-culinarias-direto-da-cozinha-do-escandinavo\/","title":{"rendered":"Midsummer Friday Fika com Jonas e receitas culin\u00e1rias direto da cozinha do Escandinavo"},"content":{"rendered":"<div><img loading=\"lazy\" decoding=\"async\" class=\"size-large wp-image-22701 alignnone\" src=\"https:\/\/www.swedcham.com.br\/wp-content\/uploads\/2021\/04\/head-1024x275.png\" alt=\"\" width=\"604\" height=\"162\" srcset=\"https:\/\/www.swedcham.com.br\/wp-content\/uploads\/2021\/04\/head-1024x275.png 1024w, https:\/\/www.swedcham.com.br\/wp-content\/uploads\/2021\/04\/head-600x161.png 600w, https:\/\/www.swedcham.com.br\/wp-content\/uploads\/2021\/04\/head-300x81.png 300w, https:\/\/www.swedcham.com.br\/wp-content\/uploads\/2021\/04\/head-768x206.png 768w, https:\/\/www.swedcham.com.br\/wp-content\/uploads\/2021\/04\/head-1536x413.png 1536w, https:\/\/www.swedcham.com.br\/wp-content\/uploads\/2021\/04\/head.png 1920w\" sizes=\"auto, (max-width: 604px) 100vw, 604px\" \/><\/div>\n<p><img loading=\"lazy\" decoding=\"async\" class=\"wp-image-22971 alignnone\" src=\"https:\/\/www.swedcham.com.br\/wp-content\/uploads\/2021\/05\/5.png\" alt=\"\" width=\"604\" height=\"301\" srcset=\"https:\/\/www.swedcham.com.br\/wp-content\/uploads\/2021\/05\/5.png 640w, https:\/\/www.swedcham.com.br\/wp-content\/uploads\/2021\/05\/5-600x299.png 600w, https:\/\/www.swedcham.com.br\/wp-content\/uploads\/2021\/05\/5-300x150.png 300w, https:\/\/www.swedcham.com.br\/wp-content\/uploads\/2021\/05\/5-100x50.png 100w\" sizes=\"auto, (max-width: 604px) 100vw, 604px\" \/><\/p>\n<p><span style=\"color: #000000;\">Nenhuma festa define tanto a Su\u00e9cia como o Midsummer!<\/span><\/p>\n<p><span style=\"color: #000000;\">Nesta sexta-feira, \u00e0s 10 horas, venha comemorar o mais tradicional feriado sueco, numa live culin\u00e1ria direto da cozinha do Escandinavo com\u00a0<em>Jonas Lindstr\u00f6m e\u00a0Denise Guerschman.<\/em><\/span><\/p>\n<p><span style=\"color: #000000;\">Denise preparar\u00e1 ao vivo um delicioso\u00a0canap\u00e9\u00a0sueco\u00a0e o tradicional bolo de merengue com morango. Traga seu caderninho para anotar a receita!<\/span><\/p>\n<p><span style=\"color: #000000;\">Voc\u00ea que \u00e9 de S\u00e3o Paulo,\u00a0<a style=\"color: #000000;\" href=\"https:\/\/swedcham.us11.list-manage.com\/track\/click?u=9a53a6aa1cef2bc498bbe264b&amp;id=62b3554685&amp;e=7fe8640fb8\" target=\"_blank\" rel=\"noopener noreferrer\" data-saferedirecturl=\"https:\/\/www.google.com\/url?q=https:\/\/swedcham.us11.list-manage.com\/track\/click?u%3D9a53a6aa1cef2bc498bbe264b%26id%3D62b3554685%26e%3D7fe8640fb8&amp;source=gmail&amp;ust=1624707221482000&amp;usg=AFQjCNFACXXRq1z4z0sY3ZaJUQUzIQpNVw\">clique aqui\u00a0<\/a>e encomende um delicioso e tradicional Swedish fika<em>\u00a0<\/em>para acompanhar o papo.<\/span><\/p>\n<p><span style=\"color: #000000;\">Esperamos voc\u00eas!<\/span><\/p>\n<p><span style=\"color: #000000;\">Toda sexta-feira no nosso canal do\u00a0<a style=\"color: #000000;\" href=\"https:\/\/swedcham.us11.list-manage.com\/track\/click?u=9a53a6aa1cef2bc498bbe264b&amp;id=ed38504482&amp;e=7fe8640fb8\" target=\"_blank\" rel=\"noopener noreferrer\" data-saferedirecturl=\"https:\/\/www.google.com\/url?q=https:\/\/swedcham.us11.list-manage.com\/track\/click?u%3D9a53a6aa1cef2bc498bbe264b%26id%3Ded38504482%26e%3D7fe8640fb8&amp;source=gmail&amp;ust=1624707221482000&amp;usg=AFQjCNEsZkeacIwdUz2SJk1kX_qDDV3QAQ\">Youtube!<\/a><\/span><\/p>\n<p><img loading=\"lazy\" decoding=\"async\" class=\"wp-image-23243 size-medium alignleft\" src=\"https:\/\/www.swedcham.com.br\/wp-content\/uploads\/2021\/06\/111-1-300x225.jpg\" alt=\"\" width=\"300\" height=\"225\" srcset=\"https:\/\/www.swedcham.com.br\/wp-content\/uploads\/2021\/06\/111-1-300x225.jpg 300w, https:\/\/www.swedcham.com.br\/wp-content\/uploads\/2021\/06\/111-1.jpg 326w\" sizes=\"auto, (max-width: 300px) 100vw, 300px\" \/><\/p>\n<p><img loading=\"lazy\" decoding=\"async\" class=\"size-large wp-image-22977 alignnone\" src=\"https:\/\/www.swedcham.com.br\/wp-content\/uploads\/2021\/05\/banner-final-1024x512.jpg\" alt=\"\" width=\"604\" height=\"302\" srcset=\"https:\/\/www.swedcham.com.br\/wp-content\/uploads\/2021\/05\/banner-final-1024x512.jpg 1024w, https:\/\/www.swedcham.com.br\/wp-content\/uploads\/2021\/05\/banner-final-600x300.jpg 600w, https:\/\/www.swedcham.com.br\/wp-content\/uploads\/2021\/05\/banner-final-300x150.jpg 300w, https:\/\/www.swedcham.com.br\/wp-content\/uploads\/2021\/05\/banner-final-768x384.jpg 768w, https:\/\/www.swedcham.com.br\/wp-content\/uploads\/2021\/05\/banner-final-100x50.jpg 100w, https:\/\/www.swedcham.com.br\/wp-content\/uploads\/2021\/05\/banner-final.jpg 1280w\" sizes=\"auto, (max-width: 604px) 100vw, 604px\" \/><\/p>\n<p>&nbsp;<\/p>\n<p>&nbsp;<\/p>\n<p>&nbsp;<\/p>\n","protected":false},"excerpt":{"rendered":"<p>Nenhuma festa define tanto a Su\u00e9cia como o Midsummer! Nesta sexta-feira, \u00e0s 10 horas, venha comemorar o mais tradicional feriado<\/p>\n","protected":false},"featured_media":0,"template":"","meta":[],"product_brand":[],"product_cat":[228],"product_tag":[],"class_list":{"0":"post-23245","1":"product","2":"type-product","3":"status-publish","5":"product_cat-our-events","7":"first","8":"instock","9":"shipping-taxable","10":"product-type-simple"},"_links":{"self":[{"href":"https:\/\/www.swedcham.com.br\/en\/wp-json\/wp\/v2\/product\/23245","targetHints":{"allow":["GET"]}}],"collection":[{"href":"https:\/\/www.swedcham.com.br\/en\/wp-json\/wp\/v2\/product"}],"about":[{"href":"https:\/\/www.swedcham.com.br\/en\/wp-json\/wp\/v2\/types\/product"}],"wp:attachment":[{"href":"https:\/\/www.swedcham.com.br\/en\/wp-json\/wp\/v2\/media?parent=23245"}],"wp:term":[{"taxonomy":"product_brand","embeddable":true,"href":"https:\/\/www.swedcham.com.br\/en\/wp-json\/wp\/v2\/product_brand?post=23245"},{"taxonomy":"product_cat","embeddable":true,"href":"https:\/\/www.swedcham.com.br\/en\/wp-json\/wp\/v2\/product_cat?post=23245"},{"taxonomy":"product_tag","embeddable":true,"href":"https:\/\/www.swedcham.com.br\/en\/wp-json\/wp\/v2\/product_tag?post=23245"}],"curies":[{"name":"wp","href":"https:\/\/api.w.org\/{rel}","templated":true}]}}