{"id":23194,"date":"2021-06-18T09:06:33","date_gmt":"2021-06-18T12:06:33","guid":{"rendered":"https:\/\/www.swedcham.com.br\/events\/coming-events\/friday-fika-com-jonas-e-o-pessoal-do-consulado-sueco-em-sao-paulo\/"},"modified":"2021-06-30T13:11:08","modified_gmt":"2021-06-30T16:11:08","slug":"friday-fika-com-jonas-e-o-pessoal-do-consulado-sueco-em-sao-paulo","status":"publish","type":"product","link":"https:\/\/www.swedcham.com.br\/en\/product\/our-events\/friday-fika-com-jonas-e-o-pessoal-do-consulado-sueco-em-sao-paulo\/","title":{"rendered":"Friday Fika com Jonas e Luis Rezende &#8211; Volvo Cars"},"content":{"rendered":"<div><img loading=\"lazy\" decoding=\"async\" class=\"size-large wp-image-22701 alignnone\" src=\"https:\/\/www.swedcham.com.br\/wp-content\/uploads\/2021\/04\/head-1024x275.png\" alt=\"\" width=\"604\" height=\"162\" srcset=\"https:\/\/www.swedcham.com.br\/wp-content\/uploads\/2021\/04\/head-1024x275.png 1024w, https:\/\/www.swedcham.com.br\/wp-content\/uploads\/2021\/04\/head-600x161.png 600w, https:\/\/www.swedcham.com.br\/wp-content\/uploads\/2021\/04\/head-300x81.png 300w, https:\/\/www.swedcham.com.br\/wp-content\/uploads\/2021\/04\/head-768x206.png 768w, https:\/\/www.swedcham.com.br\/wp-content\/uploads\/2021\/04\/head-1536x413.png 1536w, https:\/\/www.swedcham.com.br\/wp-content\/uploads\/2021\/04\/head.png 1920w\" sizes=\"auto, (max-width: 604px) 100vw, 604px\" \/><\/div>\n<p><img loading=\"lazy\" decoding=\"async\" class=\"wp-image-22971 alignnone\" src=\"https:\/\/www.swedcham.com.br\/wp-content\/uploads\/2021\/05\/5.png\" alt=\"\" width=\"604\" height=\"301\" srcset=\"https:\/\/www.swedcham.com.br\/wp-content\/uploads\/2021\/05\/5.png 640w, https:\/\/www.swedcham.com.br\/wp-content\/uploads\/2021\/05\/5-600x299.png 600w, https:\/\/www.swedcham.com.br\/wp-content\/uploads\/2021\/05\/5-300x150.png 300w, https:\/\/www.swedcham.com.br\/wp-content\/uploads\/2021\/05\/5-100x50.png 100w\" sizes=\"auto, (max-width: 604px) 100vw, 604px\" \/><\/p>\n<p><span style=\"color: #000000;\"><strong>Conhe\u00e7a\u00a0Luis Rezende, presidente da Volvo Cars na America Latina!<\/strong><\/span><\/p>\n<p><span style=\"color: #000000;\">Sexta-feira \u00e0s 10 horas,\u00a0<em>Jonas Lindstr\u00f6m<\/em>\u00a0recebe um dos mais jovens gestores de empresas automotivas da Am\u00e9rica Latina.\u00a0<em>Luis\u00a0Rezende<\/em>\u00a0\u00e9 formado em Economia na Funda\u00e7\u00e3o Santo Andr\u00e9,\u00a0com MBA pela Funda\u00e7\u00e3o Get\u00falio Vargas, passou por Maxxium e Philips antes de entrar na Volvo, como diretor financeiro. Em 2014, foi nomeado presidente para as opera\u00e7\u00f5es no Brasil e,em Mar\/2019 foi nomeado Head of Latin America.<\/span><\/p>\n<p><span style=\"color: #000000;\"><em>Qual o segredo para chegar l\u00e1?<br \/>\nComo \u00e9 trabalhar numa empresa com cultura sueca?<\/em><\/span><\/p>\n<p><span style=\"color: #000000;\">N\u00e3o perca esse bate papo!<\/span><\/p>\n<p><span style=\"color: #000000;\">Voc\u00ea que \u00e9 de S\u00e3o Paulo,\u00a0<a style=\"color: #000000;\" href=\"https:\/\/swedcham.us11.list-manage.com\/track\/click?u=9a53a6aa1cef2bc498bbe264b&amp;id=d5cfb40e75&amp;e=7fe8640fb8\" target=\"_blank\" rel=\"noopener noreferrer\" data-saferedirecturl=\"https:\/\/www.google.com\/url?q=https:\/\/swedcham.us11.list-manage.com\/track\/click?u%3D9a53a6aa1cef2bc498bbe264b%26id%3Dd5cfb40e75%26e%3D7fe8640fb8&amp;source=gmail&amp;ust=1625149844319000&amp;usg=AFQjCNH-ZWTtPZ9xbbPtwq8PboSn1_Sh2w\">clique aqui<\/a>\u00a0e encomende um delicioso e tradicional Swedish fika para acompanhar o papo.<\/span><\/p>\n<p><span style=\"color: #000000;\">Toda sexta-feira no nosso canal do\u00a0<a style=\"color: #000000;\" href=\"https:\/\/swedcham.us11.list-manage.com\/track\/click?u=9a53a6aa1cef2bc498bbe264b&amp;id=550858e263&amp;e=7fe8640fb8\" target=\"_blank\" rel=\"noopener noreferrer\" data-saferedirecturl=\"https:\/\/www.google.com\/url?q=https:\/\/swedcham.us11.list-manage.com\/track\/click?u%3D9a53a6aa1cef2bc498bbe264b%26id%3D550858e263%26e%3D7fe8640fb8&amp;source=gmail&amp;ust=1625149844319000&amp;usg=AFQjCNFgcvPwiRT4sX6oQrtLcQ8A8wWYkw\">Youtube!<\/a><\/span><\/p>\n<p><img loading=\"lazy\" decoding=\"async\" class=\"alignleft wp-image-22975\" src=\"https:\/\/www.swedcham.com.br\/wp-content\/uploads\/2021\/05\/11.png\" alt=\"\" width=\"604\" height=\"274\" srcset=\"https:\/\/www.swedcham.com.br\/wp-content\/uploads\/2021\/05\/11.png 606w, https:\/\/www.swedcham.com.br\/wp-content\/uploads\/2021\/05\/11-600x272.png 600w, https:\/\/www.swedcham.com.br\/wp-content\/uploads\/2021\/05\/11-300x136.png 300w\" sizes=\"auto, (max-width: 604px) 100vw, 604px\" \/><\/p>\n<p><img loading=\"lazy\" decoding=\"async\" class=\"size-large wp-image-22977 alignnone\" src=\"https:\/\/www.swedcham.com.br\/wp-content\/uploads\/2021\/05\/banner-final-1024x512.jpg\" alt=\"\" width=\"604\" height=\"302\" srcset=\"https:\/\/www.swedcham.com.br\/wp-content\/uploads\/2021\/05\/banner-final-1024x512.jpg 1024w, https:\/\/www.swedcham.com.br\/wp-content\/uploads\/2021\/05\/banner-final-600x300.jpg 600w, https:\/\/www.swedcham.com.br\/wp-content\/uploads\/2021\/05\/banner-final-300x150.jpg 300w, https:\/\/www.swedcham.com.br\/wp-content\/uploads\/2021\/05\/banner-final-768x384.jpg 768w, https:\/\/www.swedcham.com.br\/wp-content\/uploads\/2021\/05\/banner-final-100x50.jpg 100w, https:\/\/www.swedcham.com.br\/wp-content\/uploads\/2021\/05\/banner-final.jpg 1280w\" sizes=\"auto, (max-width: 604px) 100vw, 604px\" \/><\/p>\n<p>&nbsp;<\/p>\n<p>&nbsp;<\/p>\n<p>&nbsp;<\/p>\n","protected":false},"excerpt":{"rendered":"<p>Conhe\u00e7a\u00a0Luis Rezende, presidente da Volvo Cars na America Latina! Sexta-feira \u00e0s 10 horas,\u00a0Jonas Lindstr\u00f6m\u00a0recebe um dos mais jovens gestores de<\/p>\n","protected":false},"featured_media":0,"template":"","meta":[],"product_brand":[],"product_cat":[228],"product_tag":[],"class_list":{"0":"post-23194","1":"product","2":"type-product","3":"status-publish","5":"product_cat-our-events","7":"first","8":"instock","9":"shipping-taxable","10":"product-type-simple"},"_links":{"self":[{"href":"https:\/\/www.swedcham.com.br\/en\/wp-json\/wp\/v2\/product\/23194","targetHints":{"allow":["GET"]}}],"collection":[{"href":"https:\/\/www.swedcham.com.br\/en\/wp-json\/wp\/v2\/product"}],"about":[{"href":"https:\/\/www.swedcham.com.br\/en\/wp-json\/wp\/v2\/types\/product"}],"wp:attachment":[{"href":"https:\/\/www.swedcham.com.br\/en\/wp-json\/wp\/v2\/media?parent=23194"}],"wp:term":[{"taxonomy":"product_brand","embeddable":true,"href":"https:\/\/www.swedcham.com.br\/en\/wp-json\/wp\/v2\/product_brand?post=23194"},{"taxonomy":"product_cat","embeddable":true,"href":"https:\/\/www.swedcham.com.br\/en\/wp-json\/wp\/v2\/product_cat?post=23194"},{"taxonomy":"product_tag","embeddable":true,"href":"https:\/\/www.swedcham.com.br\/en\/wp-json\/wp\/v2\/product_tag?post=23194"}],"curies":[{"name":"wp","href":"https:\/\/api.w.org\/{rel}","templated":true}]}}