{"id":23192,"date":"2021-06-17T17:23:26","date_gmt":"2021-06-17T20:23:26","guid":{"rendered":"https:\/\/www.swedcham.com.br\/events\/coming-events\/8-erros-que-voce-esta-cometendo-na-hora-de-escrever-e-mails-em-ingles\/"},"modified":"2021-06-17T17:23:26","modified_gmt":"2021-06-17T20:23:26","slug":"8-erros-que-voce-esta-cometendo-na-hora-de-escrever-e-mails-em-ingles","status":"publish","type":"product","link":"https:\/\/www.swedcham.com.br\/en\/product\/our-events\/8-erros-que-voce-esta-cometendo-na-hora-de-escrever-e-mails-em-ingles\/","title":{"rendered":"8 erros que voc\u00ea est\u00e1 cometendo na hora de escrever e-mails em Ingl\u00eas."},"content":{"rendered":"<div><a href=\"https:\/\/richardsedu.com\/2020\/swedcham-business-english-lives\/\"><img loading=\"lazy\" decoding=\"async\" class=\"alignleft wp-image-23190 size-full\" src=\"https:\/\/www.swedcham.com.br\/wp-content\/uploads\/2021\/06\/4.png\" alt=\"\" width=\"549\" height=\"504\" srcset=\"https:\/\/www.swedcham.com.br\/wp-content\/uploads\/2021\/06\/4.png 549w, https:\/\/www.swedcham.com.br\/wp-content\/uploads\/2021\/06\/4-300x275.png 300w\" sizes=\"auto, (max-width: 549px) 100vw, 549px\" \/><\/a><\/div>\n<p>&nbsp;<\/p>\n<p>&nbsp;<\/p>\n<p>&nbsp;<\/p>\n<p>&nbsp;<\/p>\n","protected":false},"excerpt":{"rendered":"<p>&nbsp; &nbsp; &nbsp; &nbsp;<\/p>\n","protected":false},"featured_media":0,"template":"","meta":[],"product_brand":[],"product_cat":[228],"product_tag":[],"class_list":{"0":"post-23192","1":"product","2":"type-product","3":"status-publish","5":"product_cat-our-events","7":"first","8":"instock","9":"shipping-taxable","10":"product-type-simple"},"_links":{"self":[{"href":"https:\/\/www.swedcham.com.br\/en\/wp-json\/wp\/v2\/product\/23192","targetHints":{"allow":["GET"]}}],"collection":[{"href":"https:\/\/www.swedcham.com.br\/en\/wp-json\/wp\/v2\/product"}],"about":[{"href":"https:\/\/www.swedcham.com.br\/en\/wp-json\/wp\/v2\/types\/product"}],"wp:attachment":[{"href":"https:\/\/www.swedcham.com.br\/en\/wp-json\/wp\/v2\/media?parent=23192"}],"wp:term":[{"taxonomy":"product_brand","embeddable":true,"href":"https:\/\/www.swedcham.com.br\/en\/wp-json\/wp\/v2\/product_brand?post=23192"},{"taxonomy":"product_cat","embeddable":true,"href":"https:\/\/www.swedcham.com.br\/en\/wp-json\/wp\/v2\/product_cat?post=23192"},{"taxonomy":"product_tag","embeddable":true,"href":"https:\/\/www.swedcham.com.br\/en\/wp-json\/wp\/v2\/product_tag?post=23192"}],"curies":[{"name":"wp","href":"https:\/\/api.w.org\/{rel}","templated":true}]}}