{"id":23109,"date":"2021-06-03T17:26:53","date_gmt":"2021-06-03T20:26:53","guid":{"rendered":"https:\/\/www.swedcham.com.br\/events\/coming-events\/futurismo-e-tendencias-monica-magalhaes\/"},"modified":"2022-04-10T00:00:44","modified_gmt":"2022-04-10T03:00:44","slug":"futurismo-e-tendencias-monica-magalhaes","status":"publish","type":"product","link":"https:\/\/www.swedcham.com.br\/en\/product\/our-events\/futurismo-e-tendencias-monica-magalhaes\/","title":{"rendered":"Futurismo e tend\u00eancias &#8211; Monica Magalh\u00e3es"},"content":{"rendered":"<p><iframe loading=\"lazy\" title=\"Futurismo e tend\u00eancias - Transforma\u00e7\u00f5es e acelera\u00e7\u00f5es P\u00d3S COVID - Monica Magalh\u00e3es\" width=\"640\" height=\"480\" src=\"https:\/\/www.youtube.com\/embed\/Ts8y6-p44Y8?feature=oembed\" frameborder=\"0\" allow=\"accelerometer; autoplay; clipboard-write; encrypted-media; gyroscope; picture-in-picture; web-share\" referrerpolicy=\"strict-origin-when-cross-origin\" allowfullscreen><\/iframe><\/p>\n<div>\n<h4><span style=\"color: #000000;\"><strong>Transforma\u00e7\u00f5es e acelera\u00e7\u00f5es P\u00d3S COVI<\/strong><\/span><\/h4>\n<\/div>\n<p><span style=\"color: #000000;\">Quais s\u00e3o as principais ind\u00fastrias impactadas pela pandemia, inova\u00e7\u00f5es, mudan\u00e7a de comportamento e tend\u00eancias de tecnologias<\/span><\/p>\n<p class=\"m_3630756642185695850normal\" style=\"text-align: left;\"><span style=\"color: #000000;\"><img loading=\"lazy\" decoding=\"async\" class=\"alignleft wp-image-23107\" src=\"https:\/\/www.swedcham.com.br\/wp-content\/uploads\/2021\/06\/Monica-200x300.jpg\" alt=\"\" width=\"133\" height=\"200\" srcset=\"https:\/\/www.swedcham.com.br\/wp-content\/uploads\/2021\/06\/Monica-200x300.jpg 200w, https:\/\/www.swedcham.com.br\/wp-content\/uploads\/2021\/06\/Monica-scaled-600x900.jpg 600w, https:\/\/www.swedcham.com.br\/wp-content\/uploads\/2021\/06\/Monica-683x1024.jpg 683w, https:\/\/www.swedcham.com.br\/wp-content\/uploads\/2021\/06\/Monica-768x1152.jpg 768w, https:\/\/www.swedcham.com.br\/wp-content\/uploads\/2021\/06\/Monica-1024x1536.jpg 1024w, https:\/\/www.swedcham.com.br\/wp-content\/uploads\/2021\/06\/Monica-1365x2048.jpg 1365w, https:\/\/www.swedcham.com.br\/wp-content\/uploads\/2021\/06\/Monica-scaled.jpg 1707w\" sizes=\"auto, (max-width: 133px) 100vw, 133px\" \/><\/span><\/p>\n<p><span style=\"color: #000000;\"><strong>M\u00f4nica Magalh\u00e3es<\/strong> &#8211;&nbsp;&nbsp;Especialista em Inova\u00e7\u00e3o Disruptiva, tendo estudado nas tr\u00eas principais escolas de inova\u00e7\u00e3o Harvard, IMD e Stanford.&nbsp;<\/span><br \/>\n<span style=\"color: #000000;\">Possui mais de 20 anos de experi\u00eancia na ind\u00fastria de tecnologia, \u00e9 mentora de startups no Sebrae-SP e Professora de MBA em Inova\u00e7\u00e3o e Futurismo. Estudou na escola mais importante de futurismo do mundo, Institute for the Future\/Silicon Valley.&nbsp;Tamb\u00e9m \u00e9 chefe de conte\u00fado no instagram @shelovesfuture.<\/span><\/p>\n<div>\n<p><span style=\"color: #000000;\"><\/span><\/p>\n<h4 class=\"m_8215363500706865736m_-1492442068443120964m_-8622026719244850452m_-7456309968160772443m_-5953347527171562918m_-919258446742338626detail_h3\"><span style=\"color: #000000;\">Quando<\/span><\/h4>\n<div><\/div>\n<p><span style=\"color: #000000;\">Quinta-feira, 17 de junho, \u00e0s 10h00<\/span><\/p>\n<h4><span style=\"color: #000000;\"><strong>RSVP&nbsp;at\u00e9 17 de junho<\/strong><\/span><\/h4>\n<p><span style=\"color: #000000;\"><a style=\"color: #000000;\" href=\"https:\/\/docs.google.com\/forms\/d\/e\/1FAIpQLScOzKRsObHMdo1TgmskYSd4XJHUPsid6ziOzS9raJrdkc26Zw\/viewform?vc=0&amp;c=0&amp;w=1&amp;flr=0\" target=\"_blank\" rel=\"noopener noreferrer\" data-cke-saved-href=\"https:\/\/docs.google.com\/forms\/d\/e\/1FAIpQLScOzKRsObHMdo1TgmskYSd4XJHUPsid6ziOzS9raJrdkc26Zw\/viewform?vc=0&amp;c=0&amp;w=1&amp;flr=0\">Clique aqui para fazer sua reserva<\/a><\/span><\/p>\n<\/div>\n<div>\n<p><span style=\"color: #000000;\">O link de acesso para o webinar&nbsp;ser\u00e1 enviado&nbsp;antes do<\/span><br \/>\n<span style=\"color: #000000;\">evento para todos que confirmarem sua participa\u00e7\u00e3o.<\/span><\/p>\n<h3><\/h3>\n<\/div>\n","protected":false},"excerpt":{"rendered":"<p>Transforma\u00e7\u00f5es e acelera\u00e7\u00f5es P\u00d3S COVI Quais s\u00e3o as principais ind\u00fastrias impactadas pela pandemia, inova\u00e7\u00f5es, mudan\u00e7a de comportamento e tend\u00eancias de<\/p>\n","protected":false},"featured_media":0,"template":"","meta":[],"product_brand":[],"product_cat":[228],"product_tag":[],"class_list":{"0":"post-23109","1":"product","2":"type-product","3":"status-publish","5":"product_cat-our-events","7":"first","8":"instock","9":"shipping-taxable","10":"product-type-simple"},"_links":{"self":[{"href":"https:\/\/www.swedcham.com.br\/en\/wp-json\/wp\/v2\/product\/23109","targetHints":{"allow":["GET"]}}],"collection":[{"href":"https:\/\/www.swedcham.com.br\/en\/wp-json\/wp\/v2\/product"}],"about":[{"href":"https:\/\/www.swedcham.com.br\/en\/wp-json\/wp\/v2\/types\/product"}],"wp:attachment":[{"href":"https:\/\/www.swedcham.com.br\/en\/wp-json\/wp\/v2\/media?parent=23109"}],"wp:term":[{"taxonomy":"product_brand","embeddable":true,"href":"https:\/\/www.swedcham.com.br\/en\/wp-json\/wp\/v2\/product_brand?post=23109"},{"taxonomy":"product_cat","embeddable":true,"href":"https:\/\/www.swedcham.com.br\/en\/wp-json\/wp\/v2\/product_cat?post=23109"},{"taxonomy":"product_tag","embeddable":true,"href":"https:\/\/www.swedcham.com.br\/en\/wp-json\/wp\/v2\/product_tag?post=23109"}],"curies":[{"name":"wp","href":"https:\/\/api.w.org\/{rel}","templated":true}]}}