{"id":23096,"date":"2021-06-02T09:53:54","date_gmt":"2021-06-02T12:53:54","guid":{"rendered":"https:\/\/www.swedcham.com.br\/events\/coming-events\/friday-fika-com-jonas-e-roberta-perez-diretora-e-fundadora-nordic-ways\/"},"modified":"2022-04-08T19:41:27","modified_gmt":"2022-04-08T22:41:27","slug":"friday-fika-com-jonas-e-roberta-perez-diretora-e-fundadora-nordic-ways","status":"publish","type":"product","link":"https:\/\/www.swedcham.com.br\/en\/product\/our-events\/friday-fika\/friday-fika-com-jonas-e-roberta-perez-diretora-e-fundadora-nordic-ways\/","title":{"rendered":"Friday Fika com Jonas e Roberta Perez &#8211; Diretora e Fundadora &#8211; Nordic Ways"},"content":{"rendered":"<div><img loading=\"lazy\" decoding=\"async\" class=\"size-large wp-image-22701 alignnone\" src=\"https:\/\/www.swedcham.com.br\/wp-content\/uploads\/2021\/04\/head-1024x275.png\" alt=\"\" width=\"604\" height=\"162\" srcset=\"https:\/\/www.swedcham.com.br\/wp-content\/uploads\/2021\/04\/head-1024x275.png 1024w, https:\/\/www.swedcham.com.br\/wp-content\/uploads\/2021\/04\/head-600x161.png 600w, https:\/\/www.swedcham.com.br\/wp-content\/uploads\/2021\/04\/head-300x81.png 300w, https:\/\/www.swedcham.com.br\/wp-content\/uploads\/2021\/04\/head-768x206.png 768w, https:\/\/www.swedcham.com.br\/wp-content\/uploads\/2021\/04\/head-1536x413.png 1536w, https:\/\/www.swedcham.com.br\/wp-content\/uploads\/2021\/04\/head.png 1920w\" sizes=\"auto, (max-width: 604px) 100vw, 604px\" \/><\/div>\n<p><img loading=\"lazy\" decoding=\"async\" class=\"wp-image-22971 alignnone\" src=\"https:\/\/www.swedcham.com.br\/wp-content\/uploads\/2021\/05\/5.png\" alt=\"\" width=\"604\" height=\"301\" srcset=\"https:\/\/www.swedcham.com.br\/wp-content\/uploads\/2021\/05\/5.png 640w, https:\/\/www.swedcham.com.br\/wp-content\/uploads\/2021\/05\/5-600x299.png 600w, https:\/\/www.swedcham.com.br\/wp-content\/uploads\/2021\/05\/5-300x150.png 300w, https:\/\/www.swedcham.com.br\/wp-content\/uploads\/2021\/05\/5-100x50.png 100w\" sizes=\"auto, (max-width: 604px) 100vw, 604px\" \/><\/p>\n<p style=\"text-align: left;\"><span style=\"color: #000000;\">Dia 04 de junho \u00e0s 10h,&nbsp;voc\u00ea \u00e9 nosso convidado para&nbsp;um bate-papo descontra\u00eddo entre&nbsp;<em>Jonas Lindstr\u00f6m e Roberta Perez &#8211;<\/em> Diretora e Fundadora &#8211; Nordic Ways.<\/span><\/p>\n<p><span style=\"color: #000000;\">Em agosto de 2006&nbsp;Roberta deixou&nbsp;S\u00e3o Paulo para iniciar uma nova vida na Su\u00e9cia. Se especializou&nbsp;em roteiros n\u00f3rdicos, como os fiordes noruegues, as capitais da Escandin\u00e1via, tour de inverno na Laponia, ca\u00e7a a Aurora Boreal e muito mais. Roberta \u00e9 embaixadora de Kiruna e palestrante e acredita que um destino sempre tem muito mais a oferecer do que o que est\u00e1 \u00e0 sua frente.<\/span><\/p>\n<p style=\"text-align: left;\"><span style=\"color: #000000;\">N\u00e3o perca esse bate papo!<\/span><\/p>\n<p><span style=\"color: #000000;\">Voc\u00ea que \u00e9 de S\u00e3o Paulo, <a style=\"color: #000000;\" href=\"https:\/\/escandinavo.goomer.app\/menu\" target=\"_blank\" rel=\"noopener noreferrer\" data-cke-saved-href=\"https:\/\/escandinavo.goomer.app\/menu\">clique aqui <\/a>e encomende um delicioso e tradicional <a style=\"color: #000000;\" href=\"https:\/\/sweden.se\/culture-traditions\/fika\/\" data-cke-saved-href=\"https:\/\/sweden.se\/culture-traditions\/fika\/\"><em>Swedish fika <\/em><\/a><a style=\"color: #000000;\" href=\"https:\/\/sweden.se\/culture-traditions\/fika\/\" data-cke-saved-href=\"https:\/\/sweden.se\/culture-traditions\/fika\/\">&nbsp;<\/a>para acompanhar o papo.<\/span><\/p>\n<p><span style=\"color: #000000;\">Esperamos voc\u00eas!&nbsp;Fica para um&nbsp;fika!&nbsp;<\/span><\/p>\n<p><span style=\"color: #000000;\">Toda sexta-feira nonosso canal do <a style=\"color: #000000;\" href=\"https:\/\/www.youtube.com\/channel\/UCtw6E5pO5X4LR2fxaLpWT_Q\" target=\"_blank\" rel=\"noopener noreferrer\" data-cke-saved-href=\"https:\/\/www.youtube.com\/channel\/UCtw6E5pO5X4LR2fxaLpWT_Q\">Youtube!<\/a><\/span><\/p>\n<p><img loading=\"lazy\" decoding=\"async\" class=\"alignleft wp-image-22975\" src=\"https:\/\/www.swedcham.com.br\/wp-content\/uploads\/2021\/05\/11.png\" alt=\"\" width=\"604\" height=\"274\" srcset=\"https:\/\/www.swedcham.com.br\/wp-content\/uploads\/2021\/05\/11.png 606w, https:\/\/www.swedcham.com.br\/wp-content\/uploads\/2021\/05\/11-600x272.png 600w, https:\/\/www.swedcham.com.br\/wp-content\/uploads\/2021\/05\/11-300x136.png 300w\" sizes=\"auto, (max-width: 604px) 100vw, 604px\" \/><\/p>\n<p><img loading=\"lazy\" decoding=\"async\" class=\"size-large wp-image-22977 alignnone\" src=\"https:\/\/www.swedcham.com.br\/wp-content\/uploads\/2021\/05\/banner-final-1024x512.jpg\" alt=\"\" width=\"604\" height=\"302\" srcset=\"https:\/\/www.swedcham.com.br\/wp-content\/uploads\/2021\/05\/banner-final-1024x512.jpg 1024w, https:\/\/www.swedcham.com.br\/wp-content\/uploads\/2021\/05\/banner-final-600x300.jpg 600w, https:\/\/www.swedcham.com.br\/wp-content\/uploads\/2021\/05\/banner-final-300x150.jpg 300w, https:\/\/www.swedcham.com.br\/wp-content\/uploads\/2021\/05\/banner-final-768x384.jpg 768w, https:\/\/www.swedcham.com.br\/wp-content\/uploads\/2021\/05\/banner-final-100x50.jpg 100w, https:\/\/www.swedcham.com.br\/wp-content\/uploads\/2021\/05\/banner-final.jpg 1280w\" sizes=\"auto, (max-width: 604px) 100vw, 604px\" \/><\/p>\n<p>&nbsp;<\/p>\n<p><iframe loading=\"lazy\" title=\"Friday Fika com Jonas - convidada Roberta Perez\" width=\"640\" height=\"360\" src=\"https:\/\/www.youtube.com\/embed\/Elmo0NXMXr4?feature=oembed\" frameborder=\"0\" allow=\"accelerometer; autoplay; clipboard-write; encrypted-media; gyroscope; picture-in-picture; web-share\" referrerpolicy=\"strict-origin-when-cross-origin\" allowfullscreen><\/iframe><\/p>\n<p>&nbsp;<\/p>\n","protected":false},"excerpt":{"rendered":"<p>Dia 04 de junho \u00e0s 10h,&nbsp;voc\u00ea \u00e9 nosso convidado para&nbsp;um bate-papo descontra\u00eddo entre&nbsp;Jonas Lindstr\u00f6m e Roberta Perez &#8211; Diretora e<\/p>\n","protected":false},"featured_media":25187,"template":"","meta":[],"product_brand":[],"product_cat":[199],"product_tag":[],"class_list":{"0":"post-23096","1":"product","2":"type-product","3":"status-publish","4":"has-post-thumbnail","6":"product_cat-friday-fika","8":"first","9":"instock","10":"shipping-taxable","11":"product-type-simple"},"_links":{"self":[{"href":"https:\/\/www.swedcham.com.br\/en\/wp-json\/wp\/v2\/product\/23096","targetHints":{"allow":["GET"]}}],"collection":[{"href":"https:\/\/www.swedcham.com.br\/en\/wp-json\/wp\/v2\/product"}],"about":[{"href":"https:\/\/www.swedcham.com.br\/en\/wp-json\/wp\/v2\/types\/product"}],"wp:featuredmedia":[{"embeddable":true,"href":"https:\/\/www.swedcham.com.br\/en\/wp-json\/wp\/v2\/media\/25187"}],"wp:attachment":[{"href":"https:\/\/www.swedcham.com.br\/en\/wp-json\/wp\/v2\/media?parent=23096"}],"wp:term":[{"taxonomy":"product_brand","embeddable":true,"href":"https:\/\/www.swedcham.com.br\/en\/wp-json\/wp\/v2\/product_brand?post=23096"},{"taxonomy":"product_cat","embeddable":true,"href":"https:\/\/www.swedcham.com.br\/en\/wp-json\/wp\/v2\/product_cat?post=23096"},{"taxonomy":"product_tag","embeddable":true,"href":"https:\/\/www.swedcham.com.br\/en\/wp-json\/wp\/v2\/product_tag?post=23096"}],"curies":[{"name":"wp","href":"https:\/\/api.w.org\/{rel}","templated":true}]}}