{"id":22973,"date":"2021-05-19T09:57:27","date_gmt":"2021-05-19T12:57:27","guid":{"rendered":"https:\/\/www.swedcham.com.br\/events\/coming-events\/22970\/"},"modified":"2022-04-08T19:23:25","modified_gmt":"2022-04-08T22:23:25","slug":"friday-fika-com-jonas-denise-e-thiago","status":"publish","type":"product","link":"https:\/\/www.swedcham.com.br\/en\/product\/our-events\/friday-fika\/friday-fika-com-jonas-denise-e-thiago\/","title":{"rendered":"Friday Fika &#8211; com Jonas, Denise e Thiago!"},"content":{"rendered":"<div><img loading=\"lazy\" decoding=\"async\" class=\"size-large wp-image-22701 alignnone\" src=\"https:\/\/www.swedcham.com.br\/wp-content\/uploads\/2021\/04\/head-1024x275.png\" alt=\"\" width=\"604\" height=\"162\" srcset=\"https:\/\/www.swedcham.com.br\/wp-content\/uploads\/2021\/04\/head-1024x275.png 1024w, https:\/\/www.swedcham.com.br\/wp-content\/uploads\/2021\/04\/head-600x161.png 600w, https:\/\/www.swedcham.com.br\/wp-content\/uploads\/2021\/04\/head-300x81.png 300w, https:\/\/www.swedcham.com.br\/wp-content\/uploads\/2021\/04\/head-768x206.png 768w, https:\/\/www.swedcham.com.br\/wp-content\/uploads\/2021\/04\/head-1536x413.png 1536w, https:\/\/www.swedcham.com.br\/wp-content\/uploads\/2021\/04\/head.png 1920w\" sizes=\"auto, (max-width: 604px) 100vw, 604px\" \/><\/div>\n<p><img loading=\"lazy\" decoding=\"async\" class=\"wp-image-22971 alignnone\" src=\"https:\/\/www.swedcham.com.br\/wp-content\/uploads\/2021\/05\/5.png\" alt=\"\" width=\"604\" height=\"301\" srcset=\"https:\/\/www.swedcham.com.br\/wp-content\/uploads\/2021\/05\/5.png 640w, https:\/\/www.swedcham.com.br\/wp-content\/uploads\/2021\/05\/5-600x299.png 600w, https:\/\/www.swedcham.com.br\/wp-content\/uploads\/2021\/05\/5-300x150.png 300w, https:\/\/www.swedcham.com.br\/wp-content\/uploads\/2021\/05\/5-100x50.png 100w\" sizes=\"auto, (max-width: 604px) 100vw, 604px\" \/><\/p>\n<p style=\"text-align: left;\"><span style=\"color: #000000;\">Dia 21 de maio \u00e0s 10h entra&nbsp;no ar pelo nosso canal do Youtube o primeiro epis\u00f3dio do&nbsp;<strong><span class=\"il\">Friday<\/span>&nbsp;<span class=\"il\">Fika<\/span>,<\/strong><\/span><span style=\"color: #000000;\">&nbsp;um bate-papo descontra\u00eddo de&nbsp;<em>Jonas Lindstr\u00f6m<\/em>&nbsp;com convidados especiais. Para a estreia quem participa \u00e9 a&nbsp;<em>Denise&nbsp;Guerschman&nbsp;<\/em>e&nbsp;<em>Thiago Maziero&nbsp;<\/em>do Restaurante O Escandinavo, que ser\u00e1 nosso parceiro nessa jornada.<\/span><\/p>\n<p><span style=\"color: #000000;\">Voc\u00ea que \u00e9 de S\u00e3o Paulo,&nbsp;<a style=\"color: #000000;\" href=\"https:\/\/swedcham.us11.list-manage.com\/track\/click?u=9a53a6aa1cef2bc498bbe264b&amp;id=10d0892a8a&amp;e=7fe8640fb8\" target=\"_blank\" rel=\"noopener noreferrer\" data-saferedirecturl=\"https:\/\/www.google.com\/url?q=https:\/\/swedcham.us11.list-manage.com\/track\/click?u%3D9a53a6aa1cef2bc498bbe264b%26id%3D10d0892a8a%26e%3D7fe8640fb8&amp;source=gmail&amp;ust=1621515230090000&amp;usg=AFQjCNEWs-96GQYXeFhEiSqqcqdqFBR9iA\">clique aqui&nbsp;<\/a>e encomende um delicioso e tradicional<a style=\"color: #000000;\" href=\"https:\/\/swedcham.us11.list-manage.com\/track\/click?u=9a53a6aa1cef2bc498bbe264b&amp;id=e07277cc57&amp;e=7fe8640fb8\" target=\"_blank\" rel=\"noopener noreferrer\" data-saferedirecturl=\"https:\/\/www.google.com\/url?q=https:\/\/swedcham.us11.list-manage.com\/track\/click?u%3D9a53a6aa1cef2bc498bbe264b%26id%3De07277cc57%26e%3D7fe8640fb8&amp;source=gmail&amp;ust=1621515230090000&amp;usg=AFQjCNHq0qhKEhOXsGCwjcw51dleI8T1qw\">&nbsp;<\/a><a style=\"color: #000000;\" href=\"https:\/\/swedcham.us11.list-manage.com\/track\/click?u=9a53a6aa1cef2bc498bbe264b&amp;id=9837dcd78c&amp;e=7fe8640fb8\" target=\"_blank\" rel=\"noopener noreferrer\" data-saferedirecturl=\"https:\/\/www.google.com\/url?q=https:\/\/swedcham.us11.list-manage.com\/track\/click?u%3D9a53a6aa1cef2bc498bbe264b%26id%3D9837dcd78c%26e%3D7fe8640fb8&amp;source=gmail&amp;ust=1621515230090000&amp;usg=AFQjCNF1dzWwJ0hkHP-yQC-mXdYTEkdnBQ\"><em>Swedish&nbsp;<span class=\"il\">fika<\/span>&nbsp;<\/em><\/a><a style=\"color: #000000;\" href=\"https:\/\/swedcham.us11.list-manage.com\/track\/click?u=9a53a6aa1cef2bc498bbe264b&amp;id=41b935856e&amp;e=7fe8640fb8\" target=\"_blank\" rel=\"noopener noreferrer\" data-saferedirecturl=\"https:\/\/www.google.com\/url?q=https:\/\/swedcham.us11.list-manage.com\/track\/click?u%3D9a53a6aa1cef2bc498bbe264b%26id%3D41b935856e%26e%3D7fe8640fb8&amp;source=gmail&amp;ust=1621515230090000&amp;usg=AFQjCNFKdq9T5MomghZxOGModoxkW4Va3Q\">&nbsp;<\/a>para acompanhar o papo.<\/span><\/p>\n<p><span style=\"color: #000000;\">Esperamos voc\u00eas!&nbsp;Fica para uma&nbsp;<span class=\"il\">fika<\/span>!&nbsp;<\/span><\/p>\n<p><span style=\"color: #000000;\">Toda sexta-feira nonosso canal do&nbsp;<a style=\"color: #000000;\" href=\"https:\/\/swedcham.us11.list-manage.com\/track\/click?u=9a53a6aa1cef2bc498bbe264b&amp;id=dd2567a9f3&amp;e=7fe8640fb8\" target=\"_blank\" rel=\"noopener noreferrer\" data-saferedirecturl=\"https:\/\/www.google.com\/url?q=https:\/\/swedcham.us11.list-manage.com\/track\/click?u%3D9a53a6aa1cef2bc498bbe264b%26id%3Ddd2567a9f3%26e%3D7fe8640fb8&amp;source=gmail&amp;ust=1621515230090000&amp;usg=AFQjCNHSCBoVb03bSdhiq3sAFWSPV408nQ\">Youtube!<\/a><\/span><\/p>\n<p><img loading=\"lazy\" decoding=\"async\" class=\"alignleft wp-image-22975\" src=\"https:\/\/www.swedcham.com.br\/wp-content\/uploads\/2021\/05\/11.png\" alt=\"\" width=\"604\" height=\"274\" srcset=\"https:\/\/www.swedcham.com.br\/wp-content\/uploads\/2021\/05\/11.png 606w, https:\/\/www.swedcham.com.br\/wp-content\/uploads\/2021\/05\/11-600x272.png 600w, https:\/\/www.swedcham.com.br\/wp-content\/uploads\/2021\/05\/11-300x136.png 300w\" sizes=\"auto, (max-width: 604px) 100vw, 604px\" \/><\/p>\n<p><img loading=\"lazy\" decoding=\"async\" class=\"size-large wp-image-22977 alignnone\" src=\"https:\/\/www.swedcham.com.br\/wp-content\/uploads\/2021\/05\/banner-final-1024x512.jpg\" alt=\"\" width=\"604\" height=\"302\" srcset=\"https:\/\/www.swedcham.com.br\/wp-content\/uploads\/2021\/05\/banner-final-1024x512.jpg 1024w, https:\/\/www.swedcham.com.br\/wp-content\/uploads\/2021\/05\/banner-final-600x300.jpg 600w, https:\/\/www.swedcham.com.br\/wp-content\/uploads\/2021\/05\/banner-final-300x150.jpg 300w, https:\/\/www.swedcham.com.br\/wp-content\/uploads\/2021\/05\/banner-final-768x384.jpg 768w, https:\/\/www.swedcham.com.br\/wp-content\/uploads\/2021\/05\/banner-final-100x50.jpg 100w, https:\/\/www.swedcham.com.br\/wp-content\/uploads\/2021\/05\/banner-final.jpg 1280w\" sizes=\"auto, (max-width: 604px) 100vw, 604px\" \/><\/p>\n<p><iframe loading=\"lazy\" title=\"Friday FIKA com Jonas, Denise e Thiago do restaurante O Escandinavo!\" width=\"640\" height=\"360\" src=\"https:\/\/www.youtube.com\/embed\/I2htvb0TSrU?feature=oembed\" frameborder=\"0\" allow=\"accelerometer; autoplay; clipboard-write; encrypted-media; gyroscope; picture-in-picture; web-share\" referrerpolicy=\"strict-origin-when-cross-origin\" allowfullscreen><\/iframe><\/p>\n<p>&nbsp;<\/p>\n","protected":false},"excerpt":{"rendered":"<p>Dia 21 de maio \u00e0s 10h entra&nbsp;no ar pelo nosso canal do Youtube o primeiro epis\u00f3dio do&nbsp;Friday&nbsp;Fika,&nbsp;um bate-papo descontra\u00eddo de&nbsp;Jonas<\/p>\n","protected":false},"featured_media":25183,"template":"","meta":[],"product_brand":[],"product_cat":[199],"product_tag":[],"class_list":{"0":"post-22973","1":"product","2":"type-product","3":"status-publish","4":"has-post-thumbnail","6":"product_cat-friday-fika","8":"first","9":"instock","10":"shipping-taxable","11":"product-type-simple"},"_links":{"self":[{"href":"https:\/\/www.swedcham.com.br\/en\/wp-json\/wp\/v2\/product\/22973","targetHints":{"allow":["GET"]}}],"collection":[{"href":"https:\/\/www.swedcham.com.br\/en\/wp-json\/wp\/v2\/product"}],"about":[{"href":"https:\/\/www.swedcham.com.br\/en\/wp-json\/wp\/v2\/types\/product"}],"wp:featuredmedia":[{"embeddable":true,"href":"https:\/\/www.swedcham.com.br\/en\/wp-json\/wp\/v2\/media\/25183"}],"wp:attachment":[{"href":"https:\/\/www.swedcham.com.br\/en\/wp-json\/wp\/v2\/media?parent=22973"}],"wp:term":[{"taxonomy":"product_brand","embeddable":true,"href":"https:\/\/www.swedcham.com.br\/en\/wp-json\/wp\/v2\/product_brand?post=22973"},{"taxonomy":"product_cat","embeddable":true,"href":"https:\/\/www.swedcham.com.br\/en\/wp-json\/wp\/v2\/product_cat?post=22973"},{"taxonomy":"product_tag","embeddable":true,"href":"https:\/\/www.swedcham.com.br\/en\/wp-json\/wp\/v2\/product_tag?post=22973"}],"curies":[{"name":"wp","href":"https:\/\/api.w.org\/{rel}","templated":true}]}}