{"id":22884,"date":"2021-05-07T08:33:14","date_gmt":"2021-05-07T11:33:14","guid":{"rendered":"https:\/\/www.swedcham.com.br\/events\/coming-events\/tecnicas-e-ferramentas-de-como-fazer-uma-boa-apresentacao-pessoal-em-ingles\/"},"modified":"2021-05-07T10:07:57","modified_gmt":"2021-05-07T13:07:57","slug":"tecnicas-e-ferramentas-de-como-fazer-uma-boa-apresentacao-pessoal-em-ingles","status":"publish","type":"product","link":"https:\/\/www.swedcham.com.br\/en\/product\/our-events\/tecnicas-e-ferramentas-de-como-fazer-uma-boa-apresentacao-pessoal-em-ingles\/","title":{"rendered":"T\u00e9cnicas e ferramentas de como fazer uma boa apresenta\u00e7\u00e3o pessoal em Ingl\u00eas."},"content":{"rendered":"<div><\/div>\n<table id=\"m_-6464767561777690350m_8467819382186819739m_8088420869946997234Tabela_01\" border=\"0\" width=\"1000\" cellspacing=\"0\" cellpadding=\"0\">\n<tbody>\n<tr>\n<td><img loading=\"lazy\" decoding=\"async\" class=\"alignleft size-full wp-image-22878\" src=\"https:\/\/www.swedcham.com.br\/wp-content\/uploads\/2021\/05\/live-4.jpg\" alt=\"\" width=\"550\" height=\"382\" srcset=\"https:\/\/www.swedcham.com.br\/wp-content\/uploads\/2021\/05\/live-4.jpg 550w, https:\/\/www.swedcham.com.br\/wp-content\/uploads\/2021\/05\/live-4-300x208.jpg 300w\" sizes=\"auto, (max-width: 550px) 100vw, 550px\" \/><\/td>\n<\/tr>\n<tr>\n<td><a href=\"https:\/\/richardsedu.com\/2020\/formulario-live-4-swedcham\/\"><img loading=\"lazy\" decoding=\"async\" class=\"alignleft size-full wp-image-22880\" src=\"https:\/\/www.swedcham.com.br\/wp-content\/uploads\/2021\/05\/2.jpg\" alt=\"\" width=\"550\" height=\"29\" srcset=\"https:\/\/www.swedcham.com.br\/wp-content\/uploads\/2021\/05\/2.jpg 550w, https:\/\/www.swedcham.com.br\/wp-content\/uploads\/2021\/05\/2-300x16.jpg 300w\" sizes=\"auto, (max-width: 550px) 100vw, 550px\" \/><\/a><\/td>\n<\/tr>\n<tr>\n<td><img loading=\"lazy\" decoding=\"async\" class=\"alignleft size-full wp-image-22882\" src=\"https:\/\/www.swedcham.com.br\/wp-content\/uploads\/2021\/05\/3.jpg\" alt=\"\" width=\"550\" height=\"114\" srcset=\"https:\/\/www.swedcham.com.br\/wp-content\/uploads\/2021\/05\/3.jpg 550w, https:\/\/www.swedcham.com.br\/wp-content\/uploads\/2021\/05\/3-300x62.jpg 300w\" sizes=\"auto, (max-width: 550px) 100vw, 550px\" \/><\/td>\n<\/tr>\n<\/tbody>\n<\/table>\n<p>&nbsp;<\/p>\n<p>&nbsp;<\/p>\n<p>&nbsp;<\/p>\n<p>&nbsp;<\/p>\n<p>&nbsp;<\/p>\n<p>&nbsp;<\/p>\n","protected":false},"excerpt":{"rendered":"<p>&nbsp; &nbsp; &nbsp; &nbsp; &nbsp; &nbsp;<\/p>\n","protected":false},"featured_media":0,"template":"","meta":[],"product_brand":[],"product_cat":[228],"product_tag":[],"class_list":{"0":"post-22884","1":"product","2":"type-product","3":"status-publish","5":"product_cat-our-events","7":"first","8":"instock","9":"shipping-taxable","10":"product-type-simple"},"_links":{"self":[{"href":"https:\/\/www.swedcham.com.br\/en\/wp-json\/wp\/v2\/product\/22884","targetHints":{"allow":["GET"]}}],"collection":[{"href":"https:\/\/www.swedcham.com.br\/en\/wp-json\/wp\/v2\/product"}],"about":[{"href":"https:\/\/www.swedcham.com.br\/en\/wp-json\/wp\/v2\/types\/product"}],"wp:attachment":[{"href":"https:\/\/www.swedcham.com.br\/en\/wp-json\/wp\/v2\/media?parent=22884"}],"wp:term":[{"taxonomy":"product_brand","embeddable":true,"href":"https:\/\/www.swedcham.com.br\/en\/wp-json\/wp\/v2\/product_brand?post=22884"},{"taxonomy":"product_cat","embeddable":true,"href":"https:\/\/www.swedcham.com.br\/en\/wp-json\/wp\/v2\/product_cat?post=22884"},{"taxonomy":"product_tag","embeddable":true,"href":"https:\/\/www.swedcham.com.br\/en\/wp-json\/wp\/v2\/product_tag?post=22884"}],"curies":[{"name":"wp","href":"https:\/\/api.w.org\/{rel}","templated":true}]}}