{"id":22749,"date":"2021-04-23T10:01:10","date_gmt":"2021-04-23T13:01:10","guid":{"rendered":"https:\/\/www.swedcham.com.br\/events\/coming-events\/inteligencia-artificial-estrategia-nacional\/"},"modified":"2022-04-09T23:50:45","modified_gmt":"2022-04-10T02:50:45","slug":"inteligencia-artificial-estrategia-nacional","status":"publish","type":"product","link":"https:\/\/www.swedcham.com.br\/en\/product\/our-events\/inteligencia-artificial-estrategia-nacional\/","title":{"rendered":"Intelig\u00eancia Artificial &#8211; Estrat\u00e9gia Nacional"},"content":{"rendered":"<p><img loading=\"lazy\" decoding=\"async\" class=\"size-large wp-image-22701 alignnone\" src=\"https:\/\/www.swedcham.com.br\/wp-content\/uploads\/2021\/04\/head-1024x275.png\" alt=\"\" width=\"604\" height=\"162\" srcset=\"https:\/\/www.swedcham.com.br\/wp-content\/uploads\/2021\/04\/head-1024x275.png 1024w, https:\/\/www.swedcham.com.br\/wp-content\/uploads\/2021\/04\/head-600x161.png 600w, https:\/\/www.swedcham.com.br\/wp-content\/uploads\/2021\/04\/head-300x81.png 300w, https:\/\/www.swedcham.com.br\/wp-content\/uploads\/2021\/04\/head-768x206.png 768w, https:\/\/www.swedcham.com.br\/wp-content\/uploads\/2021\/04\/head-1536x413.png 1536w, https:\/\/www.swedcham.com.br\/wp-content\/uploads\/2021\/04\/head.png 1920w\" sizes=\"auto, (max-width: 604px) 100vw, 604px\" \/><\/p>\n<p><iframe loading=\"lazy\" title=\"Intelig\u00eancia Artificial \u2013 Estrat\u00e9gia Nacional\" width=\"640\" height=\"360\" src=\"https:\/\/www.youtube.com\/embed\/Qh6vbC1GpcM?feature=oembed\" frameborder=\"0\" allow=\"accelerometer; autoplay; clipboard-write; encrypted-media; gyroscope; picture-in-picture; web-share\" referrerpolicy=\"strict-origin-when-cross-origin\" allowfullscreen><\/iframe><\/p>\n<p style=\"font-weight: 400;\"><strong>O Comit\u00ea de Inova\u00e7\u00e3o e Sustentabilidade<\/strong>, coordenado por Edvaldo Santos \u2013 Diretor de Pesquisa Desenvolvimento e Inova\u00e7\u00e3o da Ericsson convida\u00a0para o Webinar:<\/p>\n<p><strong>Estrat\u00e9gia Nacional para Intelig\u00eancia Artificial<\/strong><\/p>\n<p style=\"font-weight: 400;\">Muitas de nossas empresas associadas\u00a0j\u00e1 v\u00eam desenvolvendo projetos de intelig\u00eancia artificial no contexto da Ind\u00fastria 4.0.<br \/>\nA Su\u00e9cia \u00e9 um pa\u00eds tamb\u00e9m comprometido com a inova\u00e7\u00e3o assim como o Brasil. As novas necessidades tecnol\u00f3gicas criadas pela pandemia, nos remetem ainda mais \u00e0 intelig\u00eancia artificial.<br \/>\nVamos com certeza contribuir para termos no nosso pa\u00eds, toda a inova\u00e7\u00e3o sueca poss\u00edvel em colabora\u00e7\u00e3o com as pol\u00edticas p\u00fablicas brasileiras.<\/p>\n<p style=\"font-weight: 400;\"><strong>O evento come\u00e7a \u00e0s 10h.\u00a0<a href=\"https:\/\/protect2.fireeye.com\/v1\/url?k=599b83fa-0600bab7-599bc361-86b568293eb5-56e70ba00041745b&q=1&e=d3626b93-6680-452a-9c45-116058eed4d2&u=https%3A%2F%2Fdocs.google.com%2Fforms%2Fd%2Fe%2F1FAIpQLScZvm1sVaoHp8UTAJqiKv7we4aL5lsOWzBEx4ZcHN3sSf_zPg%2Fviewform%3Fvc%3D0%26c%3D0%26w%3D1%26flr%3D0%26gxids%3D7628\" data-saferedirecturl=\"https:\/\/www.google.com\/url?q=https:\/\/protect2.fireeye.com\/v1\/url?k%3D599b83fa-0600bab7-599bc361-86b568293eb5-56e70ba00041745b%26q%3D1%26e%3Dd3626b93-6680-452a-9c45-116058eed4d2%26u%3Dhttps%253A%252F%252Fdocs.google.com%252Fforms%252Fd%252Fe%252F1FAIpQLScZvm1sVaoHp8UTAJqiKv7we4aL5lsOWzBEx4ZcHN3sSf_zPg%252Fviewform%253Fvc%253D0%2526c%253D0%2526w%253D1%2526flr%253D0%2526gxids%253D7628&source=gmail&ust=1619267785804000&usg=AFQjCNGjRtoAh-eOR-_PnhNJ6kzDXLRtow\">Fa\u00e7a j\u00e1 sua inscri\u00e7\u00e3o!<\/a><\/strong><\/p>\n<p style=\"text-align: left;\"><img loading=\"lazy\" decoding=\"async\" class=\"alignleft wp-image-22747\" src=\"https:\/\/www.swedcham.com.br\/wp-content\/uploads\/2021\/04\/Foto-eventos-300x243.jpeg\" alt=\"\" width=\"200\" height=\"162\" srcset=\"https:\/\/www.swedcham.com.br\/wp-content\/uploads\/2021\/04\/Foto-eventos-300x243.jpeg 300w, https:\/\/www.swedcham.com.br\/wp-content\/uploads\/2021\/04\/Foto-eventos-600x486.jpeg 600w, https:\/\/www.swedcham.com.br\/wp-content\/uploads\/2021\/04\/Foto-eventos-1024x830.jpeg 1024w, https:\/\/www.swedcham.com.br\/wp-content\/uploads\/2021\/04\/Foto-eventos-768x622.jpeg 768w, https:\/\/www.swedcham.com.br\/wp-content\/uploads\/2021\/04\/Foto-eventos.jpeg 1280w\" sizes=\"auto, (max-width: 200px) 100vw, 200px\" \/><\/p>\n<p><strong>Jos\u00e9 Gustavo Sampaio Gontijo<\/strong>\u00a0\u2013 Diretor do Departamento de Ci\u00eancia, Tecnologia e Inova\u00e7\u00e3o Digital na Secretaria de Empreendedorismo e Inova\u00e7\u00e3o \u2013 SEMPI. , sendo respons\u00e1vel por subsidiar a formula\u00e7\u00e3o de pol\u00edticas, diretrizes, objetivos e metas relativos \u00e0 inova\u00e7\u00e3o digital, \u00e0 pesquisa cient\u00edfica e ao desenvolvimento industrial e tecnol\u00f3gico do setor de tecnologias da informa\u00e7\u00e3o e da comunica\u00e7\u00e3o do Pa\u00eds, em especial as medidas necess\u00e1rias \u00e0 execu\u00e7\u00e3o das pol\u00edticas nacionais de inform\u00e1tica e automa\u00e7\u00e3o e de tecnologias da informa\u00e7\u00e3o e comunica\u00e7\u00e3o, tais como aquelas relacionadas \u00e0 ind\u00fastria de semicondutores, microeletr\u00f4nica, 6G e internet das coisas.<\/p>\n<div>\n\n<h3><strong>Quando<\/strong><\/h3>\n<div>\n<p>Quinta-feira, 29 de abril, \u00e0s 10h00<\/p>\n<\/div>\n<div>O link de acesso\u00a0ser\u00e1 enviado antes do evento para todos que confirmarem sua participa\u00e7\u00e3o.<\/div>\n<div><\/div>\n<h3><strong>RSVP\u00a0at\u00e9 29 de abril<\/strong><\/h3>\n<p><a href=\"https:\/\/protect2.fireeye.com\/v1\/url?k=1f0fe276-4094db3b-1f0fa2ed-86b568293eb5-2726b9f94d4c3359&q=1&e=d3626b93-6680-452a-9c45-116058eed4d2&u=https%3A%2F%2Fdocs.google.com%2Fforms%2Fd%2Fe%2F1FAIpQLScZvm1sVaoHp8UTAJqiKv7we4aL5lsOWzBEx4ZcHN3sSf_zPg%2Fviewform%3Fvc%3D0%26c%3D0%26w%3D1%26flr%3D0%26gxids%3D7628\" target=\"_blank\" rel=\"noopener noreferrer\" data-saferedirecturl=\"https:\/\/www.google.com\/url?q=https:\/\/protect2.fireeye.com\/v1\/url?k%3D1f0fe276-4094db3b-1f0fa2ed-86b568293eb5-2726b9f94d4c3359%26q%3D1%26e%3Dd3626b93-6680-452a-9c45-116058eed4d2%26u%3Dhttps%253A%252F%252Fdocs.google.com%252Fforms%252Fd%252Fe%252F1FAIpQLScZvm1sVaoHp8UTAJqiKv7we4aL5lsOWzBEx4ZcHN3sSf_zPg%252Fviewform%253Fvc%253D0%2526c%253D0%2526w%253D1%2526flr%253D0%2526gxids%253D7628&source=gmail&ust=1619267785804000&usg=AFQjCNHk-q8RY0Do5JBOpxE-fl7v4twmXw\">Clique aqui para fazer sua reserva<\/a><\/p>\n<div><\/div>\n<\/div>\n","protected":false},"excerpt":{"rendered":"<p>O Comit\u00ea de Inova\u00e7\u00e3o e Sustentabilidade, coordenado por Edvaldo Santos \u2013 Diretor de Pesquisa Desenvolvimento e Inova\u00e7\u00e3o da Ericsson convida\u00a0para<\/p>\n","protected":false},"featured_media":0,"template":"","meta":[],"product_brand":[],"product_cat":[228],"product_tag":[],"class_list":{"0":"post-22749","1":"product","2":"type-product","3":"status-publish","5":"product_cat-our-events","7":"first","8":"instock","9":"shipping-taxable","10":"product-type-simple"},"_links":{"self":[{"href":"https:\/\/www.swedcham.com.br\/en\/wp-json\/wp\/v2\/product\/22749","targetHints":{"allow":["GET"]}}],"collection":[{"href":"https:\/\/www.swedcham.com.br\/en\/wp-json\/wp\/v2\/product"}],"about":[{"href":"https:\/\/www.swedcham.com.br\/en\/wp-json\/wp\/v2\/types\/product"}],"wp:attachment":[{"href":"https:\/\/www.swedcham.com.br\/en\/wp-json\/wp\/v2\/media?parent=22749"}],"wp:term":[{"taxonomy":"product_brand","embeddable":true,"href":"https:\/\/www.swedcham.com.br\/en\/wp-json\/wp\/v2\/product_brand?post=22749"},{"taxonomy":"product_cat","embeddable":true,"href":"https:\/\/www.swedcham.com.br\/en\/wp-json\/wp\/v2\/product_cat?post=22749"},{"taxonomy":"product_tag","embeddable":true,"href":"https:\/\/www.swedcham.com.br\/en\/wp-json\/wp\/v2\/product_tag?post=22749"}],"curies":[{"name":"wp","href":"https:\/\/api.w.org\/{rel}","templated":true}]}}