{"id":22625,"date":"2021-04-05T14:28:44","date_gmt":"2021-04-05T17:28:44","guid":{"rendered":"https:\/\/www.swedcham.com.br\/events\/coming-events\/webinar-com-jornalista-paulo-galvao\/"},"modified":"2022-04-09T23:44:00","modified_gmt":"2022-04-10T02:44:00","slug":"webinar-com-jornalista-paulo-galvao","status":"publish","type":"product","link":"https:\/\/www.swedcham.com.br\/en\/product\/our-events\/webinar-com-jornalista-paulo-galvao\/","title":{"rendered":"Bate papo com jornalista Galv\u00e3o &#8211; CBN"},"content":{"rendered":"<p><iframe loading=\"lazy\" title=\"Bate papo com jornalista Galv\u00e3o \u2013 CBN\" width=\"640\" height=\"360\" src=\"https:\/\/www.youtube.com\/embed\/QvNu3UTFokk?feature=oembed\" frameborder=\"0\" allow=\"accelerometer; autoplay; clipboard-write; encrypted-media; gyroscope; picture-in-picture; web-share\" referrerpolicy=\"strict-origin-when-cross-origin\" allowfullscreen><\/iframe><\/p>\n<p>Dia 14\u00a0temos um encontro marcado com <strong>Paulo Galv\u00e3o<\/strong>, jornalista econ\u00f4mico e \u00e2ncora do CBN Madrugada.<\/p>\n<p>Galv\u00e3o abordar\u00e1 os desafios que o Brasil tem pela frente, nas \u00e1reas econ\u00f4mica, pol\u00edtica e social.<\/p>\n<p>O evento come\u00e7a \u00e0s 15h. Fa\u00e7a j\u00e1 sua inscri\u00e7\u00e3o!<\/p>\n<p style=\"text-align: left;\"><img loading=\"lazy\" decoding=\"async\" class=\"alignleft wp-image-22623\" src=\"https:\/\/www.swedcham.com.br\/wp-content\/uploads\/2021\/04\/teste-226x300.jpg\" alt=\"\" width=\"180\" height=\"239\" srcset=\"https:\/\/www.swedcham.com.br\/wp-content\/uploads\/2021\/04\/teste-226x300.jpg 226w, https:\/\/www.swedcham.com.br\/wp-content\/uploads\/2021\/04\/teste.jpg 565w\" sizes=\"auto, (max-width: 180px) 100vw, 180px\" \/><\/p>\n<p>Paulo Galv\u00e3o \u00e9 jornalista formado pela C\u00e1sper L\u00edbero, com p\u00f3s-gradua\u00e7\u00e3o em jornalismo econ\u00f4mico pela PUC\/SP, mestre em Rela\u00e7\u00f5es Internacionais pelo programa San Tiago Dantas (Unesp-Unicamp-PUC\/SP), bacharel e licenciado em Hist\u00f3ria pela USP. Radialista desde 1994, com passagens por Jovem Pan, Eldorado e Bandeirantes, atua, hoje, como \u00e2ncora do CBN Madrugada, diariamente da meia-noite \u00e0s 5h.<\/p>\n<div>\n\n<h3><strong>Quando<\/strong><\/h3>\n<div>\n<p>Quarta-feira, 14 de abril, \u00e0s 15 horas<\/p>\n<\/div>\n<div>O link de acesso\u00a0ser\u00e1 enviado antes do evento para todos que confirmarem sua participa\u00e7\u00e3o.<\/div>\n<div><\/div>\n<div>\n<h3>RSVP at\u00e9 14 de abril<\/h3>\n<div>\n<p><a href=\"https:\/\/docs.google.com\/forms\/d\/e\/1FAIpQLScZZXCNkB8CF-GpotbSpVbnJJtXrrQbKsvjorUc-XXSlQ_AZA\/viewform?vc=0&c=0&w=1&flr=0&gxids=7628\" target=\"_blank\" rel=\"noopener noreferrer\" data-cke-saved-href=\"https:\/\/docs.google.com\/forms\/d\/e\/1FAIpQLScZZXCNkB8CF-GpotbSpVbnJJtXrrQbKsvjorUc-XXSlQ_AZA\/viewform?vc=0&c=0&w=1&flr=0&gxids=7628\">C<\/a><a href=\"https:\/\/docs.google.com\/forms\/d\/e\/1FAIpQLScZZXCNkB8CF-GpotbSpVbnJJtXrrQbKsvjorUc-XXSlQ_AZA\/viewform?vc=0&c=0&w=1&flr=0&gxids=7628\" data-cke-saved-href=\"https:\/\/docs.google.com\/forms\/d\/e\/1FAIpQLScZZXCNkB8CF-GpotbSpVbnJJtXrrQbKsvjorUc-XXSlQ_AZA\/viewform?vc=0&c=0&w=1&flr=0&gxids=7628\">lick aqui para fazer sua reserva<\/a><\/p>\n<\/div>\n<\/div>\n<\/div>\n","protected":false},"excerpt":{"rendered":"<p>Dia 14\u00a0temos um encontro marcado com Paulo Galv\u00e3o, jornalista econ\u00f4mico e \u00e2ncora do CBN Madrugada. Galv\u00e3o abordar\u00e1 os desafios que<\/p>\n","protected":false},"featured_media":0,"template":"","meta":[],"product_brand":[],"product_cat":[228],"product_tag":[],"class_list":{"0":"post-22625","1":"product","2":"type-product","3":"status-publish","5":"product_cat-our-events","7":"first","8":"instock","9":"shipping-taxable","10":"product-type-simple"},"_links":{"self":[{"href":"https:\/\/www.swedcham.com.br\/en\/wp-json\/wp\/v2\/product\/22625","targetHints":{"allow":["GET"]}}],"collection":[{"href":"https:\/\/www.swedcham.com.br\/en\/wp-json\/wp\/v2\/product"}],"about":[{"href":"https:\/\/www.swedcham.com.br\/en\/wp-json\/wp\/v2\/types\/product"}],"wp:attachment":[{"href":"https:\/\/www.swedcham.com.br\/en\/wp-json\/wp\/v2\/media?parent=22625"}],"wp:term":[{"taxonomy":"product_brand","embeddable":true,"href":"https:\/\/www.swedcham.com.br\/en\/wp-json\/wp\/v2\/product_brand?post=22625"},{"taxonomy":"product_cat","embeddable":true,"href":"https:\/\/www.swedcham.com.br\/en\/wp-json\/wp\/v2\/product_cat?post=22625"},{"taxonomy":"product_tag","embeddable":true,"href":"https:\/\/www.swedcham.com.br\/en\/wp-json\/wp\/v2\/product_tag?post=22625"}],"curies":[{"name":"wp","href":"https:\/\/api.w.org\/{rel}","templated":true}]}}