{"id":22365,"date":"2021-02-25T14:29:13","date_gmt":"2021-02-25T17:29:13","guid":{"rendered":"https:\/\/www.swedcham.com.br\/events\/coming-events\/brazilian-economy-outlook-2021\/"},"modified":"2022-04-09T23:34:45","modified_gmt":"2022-04-10T02:34:45","slug":"brazilian-economy-outlook-2021","status":"publish","type":"product","link":"https:\/\/www.swedcham.com.br\/en\/product\/our-events\/brazilian-economy-outlook-2021\/","title":{"rendered":"Brazilian Economy Outlook 2021"},"content":{"rendered":"<div>\n<div>\n<p><iframe loading=\"lazy\" title=\"Brazilian Economy Outlook 2021 With Economist Marcos Lisboa\" width=\"640\" height=\"360\" src=\"https:\/\/www.youtube.com\/embed\/VSODFKzdR0g?feature=oembed\" frameborder=\"0\" allow=\"accelerometer; autoplay; clipboard-write; encrypted-media; gyroscope; picture-in-picture; web-share\" referrerpolicy=\"strict-origin-when-cross-origin\" allowfullscreen><\/iframe><\/p>\n<p>Swedcham and the Norwegian Brazilian Chamber of Commerce (NBCC) are pleased to invite you to:<\/p>\n<\/div>\n<h4><strong>Brazilian Economy Outlook 2021<\/strong><\/h4>\n<\/div>\n<p class=\"m_3630756642185695850normal\" style=\"text-align: left;\"><img loading=\"lazy\" decoding=\"async\" class=\"wp-image-22363 size-full alignleft\" src=\"https:\/\/www.swedcham.com.br\/wp-content\/uploads\/2021\/02\/Marcos.jpg\" alt=\"\" width=\"183\" height=\"276\" data-wp-editing=\"1\" \/>Marcos Lisboa is a Brazilian Economist and current President of Insper, a leading not\u2013for\u2013profit business and economics school in Brazil.<br \/>\nFrom 2003-2005 he served as Economic Policy Secretary in the Brazilian Ministry of Finance. From 2006 to 2009, he served as Executive Director at Ita\u00fa Unibanco<br \/>\nMr. Lisboa has a Ph.D. in Economics from the University of Pennsylvania, and has held positions as Assistant Professor of Economics at the Graduate School of Economics of Funda\u00e7\u00e3o Get\u00falio Vargas between 1998 and 2002 and previously as Assistant Professor of Economics at the Economics Department at Stanford University from 1996 to 1998.<br \/>\nHe is also a columnist in the Brazilian newspaper Folha de S\u00e3o Paulo.<\/p>\n<div>\n\n<h3 class=\"m_8215363500706865736m_-1492442068443120964m_-8622026719244850452m_-7456309968160772443m_-5953347527171562918m_-919258446742338626detail_h3\">When<\/h3>\n<div><\/div>\n<div>March 11,\u00a0at 16h (Brazil)<\/div>\n<h3 class=\"m_8215363500706865736m_-1492442068443120964m_-8622026719244850452m_-7456309968160772443m_-5953347527171562918m_-919258446742338626detail_h3\"><\/h3>\n<div>\n<h3 class=\"m_8215363500706865736m_-1492442068443120964m_-8622026719244850452m_-7456309968160772443m_-5953347527171562918m_-919258446742338626detail_h3\">Language<\/h3>\n<p>Webinar\u00a0in English<\/p>\n<\/div>\n<h3 class=\"m_8215363500706865736m_-1492442068443120964m_-8622026719244850452m_-7456309968160772443m_-5953347527171562918m_-919258446742338626detail_h3\">RSVP by 11\/03\/2021<\/h3>\n<p><span class=\"m_8215363500706865736m_-1492442068443120964mc-toc-title\"><a href=\"mailto:eventos@swedcham.com.br?subject=Eventos%2011%2F03\" target=\"_blank\" rel=\"noopener noreferrer\" data-cke-saved-href=\"mailto:eventos@swedcham.com.br?subject=Eventos%2011%2F03\">eventos@swedcham.com.br<\/a><\/span><\/p>\n<p>The link to the webinar will be sent out one day before the event<\/p>\n<\/div>\n<p><strong>Organized by :<\/strong><\/p>\n<p><img loading=\"lazy\" decoding=\"async\" class=\"size-full wp-image-2040 alignnone\" src=\"https:\/\/www.swedcham.com.br\/wp-content\/uploads\/2014\/07\/logo-swedcham.gif\" alt=\"\" width=\"210\" height=\"72\" \/><\/p>\n<p><img loading=\"lazy\" decoding=\"async\" class=\"alignleft size-full wp-image-13538\" src=\"https:\/\/www.swedcham.com.br\/wp-content\/uploads\/2017\/02\/nbcc-1.png\" alt=\"\" width=\"167\" height=\"124\" \/><\/p>\n","protected":false},"excerpt":{"rendered":"<p>Swedcham and the Norwegian Brazilian Chamber of Commerce (NBCC) are pleased to invite you to: Brazilian Economy Outlook 2021 Marcos<\/p>\n","protected":false},"featured_media":0,"template":"","meta":[],"product_brand":[],"product_cat":[228],"product_tag":[],"class_list":{"0":"post-22365","1":"product","2":"type-product","3":"status-publish","5":"product_cat-our-events","7":"first","8":"instock","9":"shipping-taxable","10":"product-type-simple"},"_links":{"self":[{"href":"https:\/\/www.swedcham.com.br\/en\/wp-json\/wp\/v2\/product\/22365","targetHints":{"allow":["GET"]}}],"collection":[{"href":"https:\/\/www.swedcham.com.br\/en\/wp-json\/wp\/v2\/product"}],"about":[{"href":"https:\/\/www.swedcham.com.br\/en\/wp-json\/wp\/v2\/types\/product"}],"wp:attachment":[{"href":"https:\/\/www.swedcham.com.br\/en\/wp-json\/wp\/v2\/media?parent=22365"}],"wp:term":[{"taxonomy":"product_brand","embeddable":true,"href":"https:\/\/www.swedcham.com.br\/en\/wp-json\/wp\/v2\/product_brand?post=22365"},{"taxonomy":"product_cat","embeddable":true,"href":"https:\/\/www.swedcham.com.br\/en\/wp-json\/wp\/v2\/product_cat?post=22365"},{"taxonomy":"product_tag","embeddable":true,"href":"https:\/\/www.swedcham.com.br\/en\/wp-json\/wp\/v2\/product_tag?post=22365"}],"curies":[{"name":"wp","href":"https:\/\/api.w.org\/{rel}","templated":true}]}}