{"id":22297,"date":"2021-02-17T10:55:10","date_gmt":"2021-02-17T13:55:10","guid":{"rendered":"https:\/\/www.swedcham.com.br\/events\/coming-events\/team-sweden-no-brasil-2021-o-que-vem-pela-frente\/"},"modified":"2022-04-09T23:33:10","modified_gmt":"2022-04-10T02:33:10","slug":"team-sweden-no-brasil-2021-o-que-vem-pela-frente","status":"publish","type":"product","link":"https:\/\/www.swedcham.com.br\/en\/product\/our-events\/team-sweden-no-brasil-2021-o-que-vem-pela-frente\/","title":{"rendered":"Team Sweden no Brasil 2021 \u2013 o que vem pela frente?\u00a0"},"content":{"rendered":"<p><iframe loading=\"lazy\" title=\"Team Sweden no Brasil 2021 - O que vem pela frente?\" width=\"640\" height=\"360\" src=\"https:\/\/www.youtube.com\/embed\/UBUloRr_F-Y?feature=oembed\" frameborder=\"0\" allow=\"accelerometer; autoplay; clipboard-write; encrypted-media; gyroscope; picture-in-picture; web-share\" referrerpolicy=\"strict-origin-when-cross-origin\" allowfullscreen><\/iframe><\/p>\n<p>Gostar\u00edamos de convid\u00e1-lo para nosso primeiro webinar do ano:<\/p>\n<p><em><strong>Team Sweden no Brasil 2021 \u2013 o que vem pela frente?<\/strong><\/em><\/p>\n<p style=\"text-align: left;\"><img loading=\"lazy\" decoding=\"async\" class=\"alignleft wp-image-22295 size-medium\" src=\"https:\/\/www.swedcham.com.br\/wp-content\/uploads\/2021\/02\/JohannaB-267x300.jpg\" alt=\"\" width=\"267\" height=\"300\" srcset=\"https:\/\/www.swedcham.com.br\/wp-content\/uploads\/2021\/02\/JohannaB-267x300.jpg 267w, https:\/\/www.swedcham.com.br\/wp-content\/uploads\/2021\/02\/JohannaB.jpg 270w\" sizes=\"auto, (max-width: 267px) 100vw, 267px\" \/>Reuniremos alguns representantes do Team Sweden no Brasil, <em>Johanna Brismar-Skoog<\/em>\u00a0&#8211; Embaixadora,<em>\u00a0Renato Pacheco Neto\u00a0<\/em>&#8211;\u00a0C\u00f4nsul-Geral,\u00a0<em>Andreas Rentner<\/em>\u00a0&#8211;\u00a0Business Sweden Trade Commissioner, <em>S\u00e9rgio Quiroga da Cunha<\/em> e Jonas Lindstr\u00f6m da Swedcham.<\/p>\n<p>A pandemia continua afetando a vida de todos n\u00f3s, mas a coopera\u00e7\u00e3o entre a Su\u00e9cia e o Brasil e as rela\u00e7\u00f5es comerciais continuam est\u00e1veis e fortalecidas.<br \/>\nJohanna Brismar Skoog<br \/>\n2021 ser\u00e1 mais um ano com muitos projetos bilaterais e, dentre as \u00e1reas priorit\u00e1rias, constam minera\u00e7\u00e3o, mobilidade e sustentabilidade.<\/p>\n<p style=\"text-align: left;\">N\u00e3o perca essa oportunidade \u00fanica de trocar ideias com os integrantes do Team Sweden no Brasil sobre os planos para esse ano.<\/p>\n<p style=\"text-align: left;\">Esperamos um novo ano cheio de atividades interessantes, aprendizagem e grandes oportunidades de networking dentro da comunidade empresarial sueca!<\/p>\n<p>\/A equipe da Swedcham<\/p>\n<div>\n\n<h3><strong>Quando<\/strong><\/h3>\n<div><span class=\"m_8215363500706865736m_-1492442068443120964mc-toc-title\">Quarta-feira, 24\u00a0de fevereiro\u00a0\u00e0s 15h<\/span><\/p>\n<\/div>\n<div>O link de acesso\u00a0ser\u00e1 enviado antes do evento para todos que confirmarem sua participa\u00e7\u00e3o.<\/div>\n<div><\/div>\n<div>\n<h3>RSVP at\u00e9 24\u00a0de fevereiro<\/h3>\n<p><a href=\"mailto:eventos@swedcham.com.br?subject=Evento%2024%2F02%2F2021\" target=\"_blank\" rel=\"noopener noreferrer\" data-cke-saved-href=\"mailto:eventos@swedcham.com.br?subject=Evento%2024%2F02%2F2021\">eventos@swedcham.com.br<\/a><\/p>\n<p><strong>Some of the presentations will be done in English.<\/strong><\/p>\n<\/div>\n<\/div>\n<div>\n<h3><\/h3>\n<\/div>\n","protected":false},"excerpt":{"rendered":"<p>Gostar\u00edamos de convid\u00e1-lo para nosso primeiro webinar do ano: Team Sweden no Brasil 2021 \u2013 o que vem pela frente?<\/p>\n","protected":false},"featured_media":0,"template":"","meta":[],"product_brand":[],"product_cat":[228],"product_tag":[],"class_list":{"0":"post-22297","1":"product","2":"type-product","3":"status-publish","5":"product_cat-our-events","7":"first","8":"instock","9":"shipping-taxable","10":"product-type-simple"},"_links":{"self":[{"href":"https:\/\/www.swedcham.com.br\/en\/wp-json\/wp\/v2\/product\/22297","targetHints":{"allow":["GET"]}}],"collection":[{"href":"https:\/\/www.swedcham.com.br\/en\/wp-json\/wp\/v2\/product"}],"about":[{"href":"https:\/\/www.swedcham.com.br\/en\/wp-json\/wp\/v2\/types\/product"}],"wp:attachment":[{"href":"https:\/\/www.swedcham.com.br\/en\/wp-json\/wp\/v2\/media?parent=22297"}],"wp:term":[{"taxonomy":"product_brand","embeddable":true,"href":"https:\/\/www.swedcham.com.br\/en\/wp-json\/wp\/v2\/product_brand?post=22297"},{"taxonomy":"product_cat","embeddable":true,"href":"https:\/\/www.swedcham.com.br\/en\/wp-json\/wp\/v2\/product_cat?post=22297"},{"taxonomy":"product_tag","embeddable":true,"href":"https:\/\/www.swedcham.com.br\/en\/wp-json\/wp\/v2\/product_tag?post=22297"}],"curies":[{"name":"wp","href":"https:\/\/api.w.org\/{rel}","templated":true}]}}