{"id":21700,"date":"2020-11-05T09:32:27","date_gmt":"2020-11-05T12:32:27","guid":{"rendered":"https:\/\/www.swedcham.com.br\/events\/coming-events\/innovation-weeks-revolucao-digital-no-mercado-de-fintechs\/"},"modified":"2020-12-17T11:51:54","modified_gmt":"2020-12-17T14:51:54","slug":"innovation-weeks-revolucao-digital-no-mercado-de-fintechs","status":"publish","type":"product","link":"https:\/\/www.swedcham.com.br\/en\/product\/our-events\/innovation-weeks-revolucao-digital-no-mercado-de-fintechs\/","title":{"rendered":"Innovation Weeks &#8211; Revolu\u00e7\u00e3o\u00a0Digital no Mercado de Fintechs"},"content":{"rendered":"<div>\n<div>\n<h1><img loading=\"lazy\" decoding=\"async\" class=\"alignleft size-full wp-image-21539\" src=\"https:\/\/www.swedcham.com.br\/wp-content\/uploads\/2020\/10\/IW-LOGO.png\" alt=\"\" width=\"820\" height=\"312\" srcset=\"https:\/\/www.swedcham.com.br\/wp-content\/uploads\/2020\/10\/IW-LOGO.png 820w, https:\/\/www.swedcham.com.br\/wp-content\/uploads\/2020\/10\/IW-LOGO-600x228.png 600w, https:\/\/www.swedcham.com.br\/wp-content\/uploads\/2020\/10\/IW-LOGO-300x114.png 300w, https:\/\/www.swedcham.com.br\/wp-content\/uploads\/2020\/10\/IW-LOGO-768x292.png 768w\" sizes=\"auto, (max-width: 820px) 100vw, 820px\" \/><\/h1>\n<div><\/div>\n<div><\/div>\n<div><\/div>\n<div><\/div>\n<div><\/div>\n<div><\/div>\n<\/div>\n<div><\/div>\n<div><\/div>\n<div><strong>Revolu\u00e7\u00e3o\u00a0Digital no Mercado de Fintechs<\/strong><\/div>\n<div>\n<div><\/div>\n<div>\n<p><iframe loading=\"lazy\" title=\"Innovation Weeks \u2013 Revolu\u00e7\u00e3o Digital no Mercado de Fintechs\" width=\"640\" height=\"360\" src=\"https:\/\/www.youtube.com\/embed\/nYwjRfv_wAo?feature=oembed\" frameborder=\"0\" allow=\"accelerometer; autoplay; clipboard-write; encrypted-media; gyroscope; picture-in-picture; web-share\" referrerpolicy=\"strict-origin-when-cross-origin\" allowfullscreen><\/iframe><\/p>\n<p>O mercado financeiro e de pagamentos est\u00e3o em ebuli\u00e7\u00e3o. Nos \u00faltimos anos mudan\u00e7as regulat\u00f3rias e o avan\u00e7o tecnol\u00f3gico impulsionaram a cria\u00e7\u00e3o de Fintechs e Bancos Digitais. A chegada do PIX promete acirrar a competi\u00e7\u00e3o dando mais poder de escolha para pessoas e empresas, os pagamentos estar\u00e3o na palma da m\u00e3o dos brasileiros.<\/p>\n<p>O Bexs acompanha essa transforma\u00e7\u00e3o no segmento de pagamentos internacionais em opera\u00e7\u00f5es de empresas, e-commerce, SaaS, investimentos entre outros. As mudan\u00e7as tendem a favorecer os pagamentos digitais e a acelerar a inclus\u00e3o\u00a0da popula\u00e7\u00e3o n\u00e3o bancarizada.<\/p>\n<\/div>\n<div>A FinanZero \u00e9 um marketplace online para cr\u00e9dito ao consumidor no Brasil. A empresa \u00e9 uma intermediadora de empr\u00e9stimos independente, negociando a proposta de empr\u00e9stimo do tomador com v\u00e1rias institui\u00e7\u00f5es financeiras, para encontrar a melhor solu\u00e7\u00e3o ao cliente. A FinanZero participa do processo de empr\u00e9stimo do in\u00edcio ao fim.<\/div>\n<\/div>\n<\/div>\n<div><\/div>\n<div><\/div>\n<div><\/div>\n<div>\n<div><\/div>\n<p class=\"m_3630756642185695850normal\" style=\"text-align: left;\"><img loading=\"lazy\" decoding=\"async\" class=\"alignleft wp-image-21696\" src=\"https:\/\/www.swedcham.com.br\/wp-content\/uploads\/2020\/11\/111-300x287.png\" alt=\"\" width=\"271\" height=\"259\" srcset=\"https:\/\/www.swedcham.com.br\/wp-content\/uploads\/2020\/11\/111-300x287.png 300w, https:\/\/www.swedcham.com.br\/wp-content\/uploads\/2020\/11\/111.png 392w\" sizes=\"auto, (max-width: 271px) 100vw, 271px\" \/><\/p>\n<p><span style=\"color: #000000;\"><strong>Luiz Henrique Didier Jr<\/strong>\u00a0tem mais de 25 anos de experi\u00eancia profissional em institui\u00e7\u00f5es financeiras e de pagamentos\u00a0como Banco Ita\u00fa e Cielo. Suas \u00e1reas de expertise incluem ind\u00fastria de pagamentos, marketing, produtos e desenvolvimento de neg\u00f3cios no mercado de c\u00e2mbio brasileiro. Como\u00a0<strong>CEO do Bexs Banco<\/strong>, seu principal desafio \u00e9 garantir, via inova\u00e7\u00e3o, tecnologia e fluidez nos pagamentos, que os brasileiros tenham maior acesso aos melhores servi\u00e7os e produtos do mundo, e que o mundo tamb\u00e9m tenha maior acesso aos melhores produtos de empresas e empreendedores brasileiros.\u00a0\u00a0<\/span><\/p>\n<\/div>\n<p>&nbsp;<\/p>\n<p>&nbsp;<\/p>\n<div>\n<p class=\"m_3630756642185695850normal\" style=\"text-align: left;\"><img loading=\"lazy\" decoding=\"async\" class=\"alignleft wp-image-21698 size-full\" src=\"https:\/\/www.swedcham.com.br\/wp-content\/uploads\/2020\/11\/222.png\" alt=\"\" width=\"271\" height=\"288\" \/><\/p>\n<p><strong>Olle Wid\u00e9n<\/strong>\u00a0\u00e9 sueco e mora no Brasil desde 2010.<br \/>\nPossui 15 anos de experi\u00eancia no mercado financeiro. Trabalhou na Bloomberg em Londres e S\u00e3o Paulo de 2006 a 2015 com foco em Renda Fixa e em 2015, co-fundou a fintech FinanZero.<br \/>\nA <strong>FinanZero\u00a0<\/strong>possui hoje mais de 40 bancos parceiros e 10 milh\u00f5es de usu\u00e1rios.<br \/>\nO maior desafio como CEO da FinanZero \u00e9 ajudar a digitalizar os bancos de varejo, criar uma marca top of mind para o produto de cr\u00e9dito pessoal online e, finalmente dar maior poder ao consumidor no Brasil.\u00a0Olle \u00e9 membro da Diretoria da Swedcham.<\/p>\n<p>&nbsp;<\/p>\n<\/div>\n<div>\n\n<h3><strong>Quando<\/strong><\/h3>\n<p><span class=\"m_8215363500706865736m_-1492442068443120964mc-toc-title\">Quarta-feira, 18\u00a0de novembro \u00e0s 15h<\/span><\/p>\n<div>\n<h3>RSVP at\u00e9 18\u00a0de novembro<\/h3>\n<div><a href=\"mailto:eventos@swedcham.com.br?subject=Evento%2018%20de%20novembro\" target=\"_blank\" rel=\"noopener noreferrer\" data-cke-saved-href=\"mailto:eventos@swedcham.com.br?subject=Evento%2018%20de%20novembro\">eventos@swedcham.com.br<\/a><\/div>\n<p><a href=\"https:\/\/us02web.zoom.us\/j\/87378090752?pwd=Z2QybFlYT24xK0Z3V0huemZvMmpiQT09\">Click aqui<\/a> para assistir o evento<\/p>\n<h3><strong>O<\/strong><strong>rganiza\u00e7\u00e3o:<\/strong><\/h3>\n<\/div>\n<\/div>\n<p><img loading=\"lazy\" decoding=\"async\" class=\"alignleft size-full wp-image-2040\" src=\"https:\/\/www.swedcham.com.br\/wp-content\/uploads\/2014\/07\/logo-swedcham.gif\" alt=\"\" width=\"210\" height=\"72\" \/><\/p>\n<p>&nbsp;<\/p>\n<p>&nbsp;<\/p>\n<p>&nbsp;<\/p>\n<p>&nbsp;<\/p>\n<p>&nbsp;<\/p>\n","protected":false},"excerpt":{"rendered":"<p>Revolu\u00e7\u00e3o\u00a0Digital no Mercado de Fintechs O mercado financeiro e de pagamentos est\u00e3o em ebuli\u00e7\u00e3o. Nos \u00faltimos anos mudan\u00e7as regulat\u00f3rias e<\/p>\n","protected":false},"featured_media":0,"template":"","meta":[],"product_brand":[],"product_cat":[228],"product_tag":[],"class_list":{"0":"post-21700","1":"product","2":"type-product","3":"status-publish","5":"product_cat-our-events","7":"first","8":"instock","9":"shipping-taxable","10":"product-type-simple"},"_links":{"self":[{"href":"https:\/\/www.swedcham.com.br\/en\/wp-json\/wp\/v2\/product\/21700","targetHints":{"allow":["GET"]}}],"collection":[{"href":"https:\/\/www.swedcham.com.br\/en\/wp-json\/wp\/v2\/product"}],"about":[{"href":"https:\/\/www.swedcham.com.br\/en\/wp-json\/wp\/v2\/types\/product"}],"wp:attachment":[{"href":"https:\/\/www.swedcham.com.br\/en\/wp-json\/wp\/v2\/media?parent=21700"}],"wp:term":[{"taxonomy":"product_brand","embeddable":true,"href":"https:\/\/www.swedcham.com.br\/en\/wp-json\/wp\/v2\/product_brand?post=21700"},{"taxonomy":"product_cat","embeddable":true,"href":"https:\/\/www.swedcham.com.br\/en\/wp-json\/wp\/v2\/product_cat?post=21700"},{"taxonomy":"product_tag","embeddable":true,"href":"https:\/\/www.swedcham.com.br\/en\/wp-json\/wp\/v2\/product_tag?post=21700"}],"curies":[{"name":"wp","href":"https:\/\/api.w.org\/{rel}","templated":true}]}}