{"id":21652,"date":"2020-10-29T10:55:23","date_gmt":"2020-10-29T13:55:23","guid":{"rendered":"https:\/\/www.swedcham.com.br\/events\/coming-events\/webinar-cae-desenho-de-sistemas-de-prevencao-e-resolucao-de-disputas-e-novas-tecnologias\/"},"modified":"2020-10-29T10:55:23","modified_gmt":"2020-10-29T13:55:23","slug":"webinar-cae-desenho-de-sistemas-de-prevencao-e-resolucao-de-disputas-e-novas-tecnologias","status":"publish","type":"product","link":"https:\/\/www.swedcham.com.br\/en\/product\/our-events\/webinar-cae-desenho-de-sistemas-de-prevencao-e-resolucao-de-disputas-e-novas-tecnologias\/","title":{"rendered":"Webinar CAE: Desenho de sistemas de preven\u00e7\u00e3o e resolu\u00e7\u00e3o de disputas e novas tecnologias"},"content":{"rendered":"<div>\n<div>\n<p><a href=\"https:\/\/www.ahkbrasil.com\/iframes_site_ahk_typo3\/v2\/verEventoDetalhado.aspx?id=4454\"><img loading=\"lazy\" decoding=\"async\" class=\"alignleft wp-image-21650 size-full\" src=\"https:\/\/www.swedcham.com.br\/wp-content\/uploads\/2020\/10\/CAE.png\" alt=\"\" width=\"1000\" height=\"1000\" srcset=\"https:\/\/www.swedcham.com.br\/wp-content\/uploads\/2020\/10\/CAE.png 1000w, https:\/\/www.swedcham.com.br\/wp-content\/uploads\/2020\/10\/CAE-300x300.png 300w, https:\/\/www.swedcham.com.br\/wp-content\/uploads\/2020\/10\/CAE-100x100.png 100w, https:\/\/www.swedcham.com.br\/wp-content\/uploads\/2020\/10\/CAE-600x600.png 600w, https:\/\/www.swedcham.com.br\/wp-content\/uploads\/2020\/10\/CAE-150x150.png 150w, https:\/\/www.swedcham.com.br\/wp-content\/uploads\/2020\/10\/CAE-768x768.png 768w\" sizes=\"auto, (max-width: 1000px) 100vw, 1000px\" \/><\/a><\/p>\n<\/div>\n<\/div>\n<p>&nbsp;<\/p>\n<p>&nbsp;<\/p>\n","protected":false},"excerpt":{"rendered":"<p>&nbsp; &nbsp;<\/p>\n","protected":false},"featured_media":0,"template":"","meta":[],"product_brand":[],"product_cat":[228],"product_tag":[],"class_list":{"0":"post-21652","1":"product","2":"type-product","3":"status-publish","5":"product_cat-our-events","7":"first","8":"instock","9":"shipping-taxable","10":"product-type-simple"},"_links":{"self":[{"href":"https:\/\/www.swedcham.com.br\/en\/wp-json\/wp\/v2\/product\/21652","targetHints":{"allow":["GET"]}}],"collection":[{"href":"https:\/\/www.swedcham.com.br\/en\/wp-json\/wp\/v2\/product"}],"about":[{"href":"https:\/\/www.swedcham.com.br\/en\/wp-json\/wp\/v2\/types\/product"}],"wp:attachment":[{"href":"https:\/\/www.swedcham.com.br\/en\/wp-json\/wp\/v2\/media?parent=21652"}],"wp:term":[{"taxonomy":"product_brand","embeddable":true,"href":"https:\/\/www.swedcham.com.br\/en\/wp-json\/wp\/v2\/product_brand?post=21652"},{"taxonomy":"product_cat","embeddable":true,"href":"https:\/\/www.swedcham.com.br\/en\/wp-json\/wp\/v2\/product_cat?post=21652"},{"taxonomy":"product_tag","embeddable":true,"href":"https:\/\/www.swedcham.com.br\/en\/wp-json\/wp\/v2\/product_tag?post=21652"}],"curies":[{"name":"wp","href":"https:\/\/api.w.org\/{rel}","templated":true}]}}