{"id":21592,"date":"2020-10-19T18:44:32","date_gmt":"2020-10-19T21:44:32","guid":{"rendered":"https:\/\/www.swedcham.com.br\/events\/coming-events\/dia-da-onu-junte-se-a-nossa-mobilizacao-por-um-futuro-melhor\/"},"modified":"2020-10-19T18:44:32","modified_gmt":"2020-10-19T21:44:32","slug":"dia-da-onu-junte-se-a-nossa-mobilizacao-por-um-futuro-melhor","status":"publish","type":"product","link":"https:\/\/www.swedcham.com.br\/en\/product\/our-events\/dia-da-onu-junte-se-a-nossa-mobilizacao-por-um-futuro-melhor\/","title":{"rendered":"Dia da ONU: junte-se \u00e0 nossa mobiliza\u00e7\u00e3o por um futuro melhor"},"content":{"rendered":"<div>\n<div>\n<p><img loading=\"lazy\" decoding=\"async\" class=\"wp-image-21590 size-medium alignnone\" src=\"https:\/\/www.swedcham.com.br\/wp-content\/uploads\/2020\/10\/pacto-global-300x110.jpg\" alt=\"\" width=\"300\" height=\"110\" srcset=\"https:\/\/www.swedcham.com.br\/wp-content\/uploads\/2020\/10\/pacto-global-300x110.jpg 300w, https:\/\/www.swedcham.com.br\/wp-content\/uploads\/2020\/10\/pacto-global-600x219.jpg 600w, https:\/\/www.swedcham.com.br\/wp-content\/uploads\/2020\/10\/pacto-global-1024x374.jpg 1024w, https:\/\/www.swedcham.com.br\/wp-content\/uploads\/2020\/10\/pacto-global-768x280.jpg 768w, https:\/\/www.swedcham.com.br\/wp-content\/uploads\/2020\/10\/pacto-global-1170x425.jpg 1170w, https:\/\/www.swedcham.com.br\/wp-content\/uploads\/2020\/10\/pacto-global.jpg 1200w\" sizes=\"auto, (max-width: 300px) 100vw, 300px\" \/><\/p>\n<\/div>\n<\/div>\n<p><span style=\"color: #008000;\"><strong>Dia 24 a Organiza\u00e7\u00e3o das Na\u00e7\u00f5es Unidas completa 75 anos!<\/strong><\/span><\/p>\n<p>A<strong> Swedcham<\/strong> como uma das mais novas integrantes da Rede Brasil do Pacto Global, acredita\u00a0que apenas a constru\u00e7\u00e3o coletiva pode superar os desafios do nosso tempo. Por isso, enquanto enfrentamos os impactos sociais e econ\u00f4micos da pandemia de covid-19, apoiamos uma retomada pautada pelos Objetivos de Desenvolvimento Sustent\u00e1vel da ONU.<\/p>\n<p>Saiba como voc\u00ea tamb\u00e9m pode apoiar:\u00a0<a href=\"https:\/\/www.pactoglobal.org.br\/pg\/nao-volte\" target=\"_blank\" rel=\"noopener noreferrer\" data-saferedirecturl=\"https:\/\/www.google.com\/url?q=https:\/\/www.pactoglobal.org.br\/pg\/nao-volte&amp;source=gmail&amp;ust=1603223271421000&amp;usg=AFQjCNEOgL1piWPNmOr69f24yBGHMaYNQg\" data-cke-saved-href=\"https:\/\/www.pactoglobal.org.br\/pg\/nao-volte\">https:\/\/www.pactoglobal.org.<wbr \/>br\/pg\/nao-volte<\/a>.<\/p>\n<p><span style=\"color: #008000;\"><strong>Vamos construir juntos um mundo melhor!<\/strong><\/span><\/p>\n<p>&nbsp;<\/p>\n","protected":false},"excerpt":{"rendered":"<p>Dia 24 a Organiza\u00e7\u00e3o das Na\u00e7\u00f5es Unidas completa 75 anos! A Swedcham como uma das mais novas integrantes da Rede<\/p>\n","protected":false},"featured_media":0,"template":"","meta":[],"product_brand":[],"product_cat":[228],"product_tag":[],"class_list":{"0":"post-21592","1":"product","2":"type-product","3":"status-publish","5":"product_cat-our-events","7":"first","8":"instock","9":"shipping-taxable","10":"product-type-simple"},"_links":{"self":[{"href":"https:\/\/www.swedcham.com.br\/en\/wp-json\/wp\/v2\/product\/21592","targetHints":{"allow":["GET"]}}],"collection":[{"href":"https:\/\/www.swedcham.com.br\/en\/wp-json\/wp\/v2\/product"}],"about":[{"href":"https:\/\/www.swedcham.com.br\/en\/wp-json\/wp\/v2\/types\/product"}],"wp:attachment":[{"href":"https:\/\/www.swedcham.com.br\/en\/wp-json\/wp\/v2\/media?parent=21592"}],"wp:term":[{"taxonomy":"product_brand","embeddable":true,"href":"https:\/\/www.swedcham.com.br\/en\/wp-json\/wp\/v2\/product_brand?post=21592"},{"taxonomy":"product_cat","embeddable":true,"href":"https:\/\/www.swedcham.com.br\/en\/wp-json\/wp\/v2\/product_cat?post=21592"},{"taxonomy":"product_tag","embeddable":true,"href":"https:\/\/www.swedcham.com.br\/en\/wp-json\/wp\/v2\/product_tag?post=21592"}],"curies":[{"name":"wp","href":"https:\/\/api.w.org\/{rel}","templated":true}]}}