{"id":21503,"date":"2020-10-07T08:21:13","date_gmt":"2020-10-07T11:21:13","guid":{"rendered":"https:\/\/www.swedcham.com.br\/events\/coming-events\/hack-the-culture\/"},"modified":"2020-10-07T08:21:13","modified_gmt":"2020-10-07T11:21:13","slug":"hack-the-culture","status":"publish","type":"product","link":"https:\/\/www.swedcham.com.br\/en\/product\/our-events\/hack-the-culture\/","title":{"rendered":"HACK THE CULTURE"},"content":{"rendered":"<div>\n<div>\n<h1>HACK THE CULTURE<\/h1>\n<p>O que pode nos ajudar a sermos mais produtivos? A dar um boost na nossa performance? Mais ainda nesse cen\u00e1rio \u2018al\u00e9m do normal\u2019 e que ainda por cima \u00e9 \u2018novo\u2019 e se renova todo dia?<br \/>\nEste \u00e9 um convite para explorarmos juntos formas de alavancar o nosso incr\u00edvel potencial como indiv\u00edduos, como times, como sociedade. A\u00a0nossa adaptabilidade, flexibilidade e capacidade de aprender e dar a volta por cima de situa\u00e7\u00f5es desafiadoras e totalmente novas e ainda tornarmos melhores \u00e0 hora de colaborar, compartilhar e assim crescer.<br \/>\nVenha pronto para botar m\u00e3os na massa e fazer parte de uma jornada de discuss\u00e3o e troca.<\/p>\n<p><strong>Sobre a Hyper Island:\u00a0<\/strong><\/p>\n<p>Fundada em 1994 na Su\u00e9cia, Hyper Island \u00e9 uma escola de neg\u00f3cios criativa que empodera indiv\u00edduos e organiza\u00e7\u00f5es para liderar e se adaptar em um mundo de constante mudan\u00e7a.<\/p>\n<p>Jovens, venham participar desse bate-papo e tragam suas d\u00favidas e opini\u00f5es!<\/p>\n<\/div>\n<p class=\"m_3630756642185695850normal\" style=\"text-align: left;\"><img loading=\"lazy\" decoding=\"async\" class=\"alignleft wp-image-21493 size-thumbnail\" src=\"https:\/\/www.swedcham.com.br\/wp-content\/uploads\/2020\/10\/viviane-150x150.jpeg\" alt=\"\" width=\"150\" height=\"150\" srcset=\"https:\/\/www.swedcham.com.br\/wp-content\/uploads\/2020\/10\/viviane-150x150.jpeg 150w, https:\/\/www.swedcham.com.br\/wp-content\/uploads\/2020\/10\/viviane-300x300.jpeg 300w, https:\/\/www.swedcham.com.br\/wp-content\/uploads\/2020\/10\/viviane-100x100.jpeg 100w, https:\/\/www.swedcham.com.br\/wp-content\/uploads\/2020\/10\/viviane.jpeg 403w\" sizes=\"auto, (max-width: 150px) 100vw, 150px\" \/><\/p>\n<p style=\"font-weight: 400;\"><strong>Viviane Nishimura<\/strong> &#8211;\u00a0Formada em Engenharia de Produ\u00e7\u00e3o na POLI USP e com MBA em Gest\u00e3o Estrat\u00e9gia pela FGV, Viviane possui 10 anos de atua\u00e7\u00e3o em ind\u00fastria financeira, automotiva e farmac\u00eautica. J\u00e1 passou por experi\u00eancias diversas, desde representar o Brasil em competi\u00e7\u00e3o de rob\u00f3tica na Tail\u00e2ndia at\u00e9 programa de Trainee na Alemanha. Sua experi\u00eancia mais recente foi em programa de lideran\u00e7a do Ita\u00fa e Mckinsey, atuando como agente de transforma\u00e7\u00e3o.<\/p>\n<\/div>\n<p>&nbsp;<\/p>\n<p>&nbsp;<\/p>\n<div>\n<p class=\"m_3630756642185695850normal\" style=\"text-align: left;\"><img loading=\"lazy\" decoding=\"async\" class=\"alignleft wp-image-21495 size-thumbnail\" src=\"https:\/\/www.swedcham.com.br\/wp-content\/uploads\/2020\/10\/manuel-150x150.jpg\" alt=\"\" width=\"150\" height=\"150\" srcset=\"https:\/\/www.swedcham.com.br\/wp-content\/uploads\/2020\/10\/manuel-150x150.jpg 150w, https:\/\/www.swedcham.com.br\/wp-content\/uploads\/2020\/10\/manuel-300x300.jpg 300w, https:\/\/www.swedcham.com.br\/wp-content\/uploads\/2020\/10\/manuel-100x100.jpg 100w\" sizes=\"auto, (max-width: 150px) 100vw, 150px\" \/><\/p>\n<p><strong>Manoel Brasil<\/strong> e\u0301 paulistano e tem 30 anos.E\u0301 formado em Audiovisual pelo Senac e em Digital Media Creative pela Hyper Island, em Estocolmo.\u00a0Aos 17 anos, foi o primeiro Diretor Arti\u0301stico da cantora Mallu Magalha\u0303es, gerenciando e produzindo seus primeiros shows e canais digitais.\u00a0Entre 2009 e 2013 trabalhou na MTV e na Deezer, al\u00e9m de fazer trabalhos para empresas como Portal Terra e Age\u0302ncia de Mu\u0301sica.\u00a0\u00a0Depois do per\u00edodo de dois anos morando e estudando em Estocolmo, voltou ao Brasil para trabalhar no desenvolvimento de sites, aplicativos e campanhas digitais para empresas como Popload, Time For Fun e\u00a0Centro Cultural Banco do Brasil\u00a0.<\/p>\n<p>&nbsp;<\/p>\n<\/div>\n<p class=\"m_3630756642185695850normal\" style=\"text-align: left;\"><img loading=\"lazy\" decoding=\"async\" class=\"alignleft wp-image-21497 size-thumbnail\" src=\"https:\/\/www.swedcham.com.br\/wp-content\/uploads\/2020\/10\/veronica-150x150.jpg\" alt=\"\" width=\"150\" height=\"150\" srcset=\"https:\/\/www.swedcham.com.br\/wp-content\/uploads\/2020\/10\/veronica-150x150.jpg 150w, https:\/\/www.swedcham.com.br\/wp-content\/uploads\/2020\/10\/veronica-300x300.jpg 300w, https:\/\/www.swedcham.com.br\/wp-content\/uploads\/2020\/10\/veronica-100x100.jpg 100w\" sizes=\"auto, (max-width: 150px) 100vw, 150px\" \/><\/p>\n<p><strong>Veronica Magari\u00f1os<\/strong> &#8211; Depois de mais de 19 anos no neg\u00f3cio corporativo de servi\u00e7os financeiros no Uruguai, ela deixou sua posi\u00e7\u00e3o como Executiva de Desenvolvimento de Neg\u00f3cios para se mudar para S\u00e3o Paulo, Brasil com sua familia de 5 filhos. Tamb\u00e9m professora de Kundalini Yoga &amp; medita\u00e7\u00e3o h\u00e1 5 anos percorrendo o caminho de facilitar processos de transforma\u00e7\u00e3o de pessoas e culturas para destravar o potencial nas organiza\u00e7\u00f5es maiormente no Brasil mas tamb\u00e9m na Europa e EEUU.<\/p>\n<div>\n\n<h3><strong>Quando<\/strong><\/h3>\n<p>Quinta-feira, 15 de outubro, \u00e0s 14h<\/p>\n<h3><strong>Publico alvo<\/strong><\/h3>\n<p><strong>Jovens entre 18 e 35 anos\u00a0<\/strong><\/p>\n<div>\n<p><strong>Reservas<\/strong><\/p>\n<p><a href=\"mailto:hello@youngprofessionals.com.br?subject=Confirma%C3%A7%C3%A3o%2015%2F10%20-%20Hack%20the%20Culture&amp;body=%0A\" target=\"_blank\" rel=\"noopener noreferrer\" data-cke-saved-href=\"mailto:hello@youngprofessionals.com.br?subject=Confirma%C3%A7%C3%A3o%2015%2F10%20-%20Hack%20the%20Culture&amp;body=%0A\">hello@youngprofessionals.com.br<\/a><\/p>\n<p>RSVP at\u00e9 13\/10<\/p>\n<p>O link de acesso \u00e0 live ser\u00e1 enviado antes\u00a0do evento para todos que confirmarem sua participa\u00e7\u00e3o.<\/p>\n<p><strong>O<\/strong><strong>rganiza\u00e7\u00e3o:<\/strong><\/p>\n<\/div>\n<\/div>\n<p><img loading=\"lazy\" decoding=\"async\" class=\"wp-image-21499 size-medium alignnone\" src=\"https:\/\/www.swedcham.com.br\/wp-content\/uploads\/2020\/10\/logo-yp-300x100.png\" alt=\"\" width=\"300\" height=\"100\" srcset=\"https:\/\/www.swedcham.com.br\/wp-content\/uploads\/2020\/10\/logo-yp-300x100.png 300w, https:\/\/www.swedcham.com.br\/wp-content\/uploads\/2020\/10\/logo-yp.png 463w\" sizes=\"auto, (max-width: 300px) 100vw, 300px\" \/><\/p>\n<p><img loading=\"lazy\" decoding=\"async\" class=\"wp-image-21501 size-medium alignleft\" src=\"https:\/\/www.swedcham.com.br\/wp-content\/uploads\/2020\/10\/logo-hyper-300x146.png\" alt=\"\" width=\"300\" height=\"146\" srcset=\"https:\/\/www.swedcham.com.br\/wp-content\/uploads\/2020\/10\/logo-hyper-300x146.png 300w, https:\/\/www.swedcham.com.br\/wp-content\/uploads\/2020\/10\/logo-hyper-600x293.png 600w, https:\/\/www.swedcham.com.br\/wp-content\/uploads\/2020\/10\/logo-hyper-768x375.png 768w, https:\/\/www.swedcham.com.br\/wp-content\/uploads\/2020\/10\/logo-hyper-100x50.png 100w, https:\/\/www.swedcham.com.br\/wp-content\/uploads\/2020\/10\/logo-hyper.png 1024w\" sizes=\"auto, (max-width: 300px) 100vw, 300px\" \/><\/p>\n<p>&nbsp;<\/p>\n<p>&nbsp;<\/p>\n<p>&nbsp;<\/p>\n<p>&nbsp;<\/p>\n<p>&nbsp;<\/p>\n","protected":false},"excerpt":{"rendered":"<p>HACK THE CULTURE O que pode nos ajudar a sermos mais produtivos? A dar um boost na nossa performance? Mais<\/p>\n","protected":false},"featured_media":0,"template":"","meta":[],"product_brand":[],"product_cat":[228],"product_tag":[],"class_list":{"0":"post-21503","1":"product","2":"type-product","3":"status-publish","5":"product_cat-our-events","7":"first","8":"instock","9":"shipping-taxable","10":"product-type-simple"},"_links":{"self":[{"href":"https:\/\/www.swedcham.com.br\/en\/wp-json\/wp\/v2\/product\/21503","targetHints":{"allow":["GET"]}}],"collection":[{"href":"https:\/\/www.swedcham.com.br\/en\/wp-json\/wp\/v2\/product"}],"about":[{"href":"https:\/\/www.swedcham.com.br\/en\/wp-json\/wp\/v2\/types\/product"}],"wp:attachment":[{"href":"https:\/\/www.swedcham.com.br\/en\/wp-json\/wp\/v2\/media?parent=21503"}],"wp:term":[{"taxonomy":"product_brand","embeddable":true,"href":"https:\/\/www.swedcham.com.br\/en\/wp-json\/wp\/v2\/product_brand?post=21503"},{"taxonomy":"product_cat","embeddable":true,"href":"https:\/\/www.swedcham.com.br\/en\/wp-json\/wp\/v2\/product_cat?post=21503"},{"taxonomy":"product_tag","embeddable":true,"href":"https:\/\/www.swedcham.com.br\/en\/wp-json\/wp\/v2\/product_tag?post=21503"}],"curies":[{"name":"wp","href":"https:\/\/api.w.org\/{rel}","templated":true}]}}