{"id":21302,"date":"2020-09-08T10:04:57","date_gmt":"2020-09-08T13:04:57","guid":{"rendered":"https:\/\/www.swedcham.com.br\/events\/coming-events\/conheca-a-suecia-por-outros-angulos\/"},"modified":"2020-12-17T12:01:26","modified_gmt":"2020-12-17T15:01:26","slug":"conheca-a-suecia-por-outros-angulos","status":"publish","type":"product","link":"https:\/\/www.swedcham.com.br\/en\/product\/our-events\/conheca-a-suecia-por-outros-angulos\/","title":{"rendered":"Conhe\u00e7a a Su\u00e9cia por outros \u00e2ngulos"},"content":{"rendered":"<p dir=\"ltr\"><img loading=\"lazy\" decoding=\"async\" class=\"aligncenter size-large wp-image-21296\" src=\"https:\/\/www.swedcham.com.br\/wp-content\/uploads\/2020\/09\/clive_tompsett-evening_by_the_lake-5483-1024x683.jpg\" alt=\"\" width=\"604\" height=\"403\" srcset=\"https:\/\/www.swedcham.com.br\/wp-content\/uploads\/2020\/09\/clive_tompsett-evening_by_the_lake-5483-1024x683.jpg 1024w, https:\/\/www.swedcham.com.br\/wp-content\/uploads\/2020\/09\/clive_tompsett-evening_by_the_lake-5483-600x400.jpg 600w, https:\/\/www.swedcham.com.br\/wp-content\/uploads\/2020\/09\/clive_tompsett-evening_by_the_lake-5483-300x200.jpg 300w, https:\/\/www.swedcham.com.br\/wp-content\/uploads\/2020\/09\/clive_tompsett-evening_by_the_lake-5483-768x512.jpg 768w, https:\/\/www.swedcham.com.br\/wp-content\/uploads\/2020\/09\/clive_tompsett-evening_by_the_lake-5483-1536x1024.jpg 1536w, https:\/\/www.swedcham.com.br\/wp-content\/uploads\/2020\/09\/clive_tompsett-evening_by_the_lake-5483-2048x1365.jpg 2048w, https:\/\/www.swedcham.com.br\/wp-content\/uploads\/2020\/09\/clive_tompsett-evening_by_the_lake-5483-215x143.jpg 215w\" sizes=\"auto, (max-width: 604px) 100vw, 604px\" \/><\/p>\n<p dir=\"ltr\"><strong>Preparando o passaporte para quando pudermos viajar<br \/>\n&#8211; conhe\u00e7a a Su\u00e9cia por outros \u00e2ngulos\u00a0<\/strong><\/p>\n<p><iframe loading=\"lazy\" title=\"Conhe\u00e7a a Su\u00e9cia por outros \u00e2ngulos\" width=\"640\" height=\"480\" src=\"https:\/\/www.youtube.com\/embed\/_WD9YTbpd8U?feature=oembed\" frameborder=\"0\" allow=\"accelerometer; autoplay; clipboard-write; encrypted-media; gyroscope; picture-in-picture; web-share\" referrerpolicy=\"strict-origin-when-cross-origin\" allowfullscreen><\/iframe><\/p>\n<p>Restaurantes sem desperd\u00edcio, programas de wellness, atividades sustent\u00e1veis e uma pincelada nessa cultura inovadora, desde a \u00e9poca dos Vikings at\u00e9 os dias de hoje.<\/p>\n<p dir=\"ltr\">Voc\u00ea \u00e9 nosso convidado para esta viagem virtual comandada por Roberta Perez da <a href=\"http:\/\/nordicways.se\/\" target=\"_blank\" rel=\"noopener noreferrer\" data-cke-saved-href=\"http:\/\/nordicways.se\/\">Nordic Ways<\/a> dia 10 de setembro \u00e0s 17h.<\/p>\n<p class=\"m_3630756642185695850normal\" style=\"text-align: left;\"><img loading=\"lazy\" decoding=\"async\" class=\"wp-image-21298 size-full alignleft\" src=\"https:\/\/www.swedcham.com.br\/wp-content\/uploads\/2020\/09\/Roberta.png\" alt=\"\" width=\"193\" height=\"158\" \/><\/p>\n<p><strong>Roberta Perez &#8211;\u00a0<\/strong>M\u00e3e de tr\u00eas filhos, dedicada aos cuidados da m\u00e3e e apaixonada por literatura e conta\u00e7\u00e3o de hist\u00f3rias, Roberta Perez trabalha no segmento de turismo desde 1989. Hoje comanda a Nordic Ways, empresa refer\u00eancia em viagens pelos pa\u00edses n\u00f3rdicos. Embaixadora de Kiruna, palestrante, acredita que um destino sempre tem muito mais a oferecer do que o que est\u00e1 \u00e0 sua frente. A cultura, hist\u00f3ria, fatos, idioma, culin\u00e1ria fazem parte da experi\u00eancia de viagem. Com esse sentimento, a Nordic Ways desenvolve programas de viagens onde todos esses detalhes est\u00e3o inclu\u00eddos.<\/p>\n\n<h3>Quando<\/h3>\n<p><span class=\"m_8215363500706865736m_-1492442068443120964mc-toc-title\">Quinta-feira, 10\/09 \u00e0s 17h<\/span><\/p>\n<h3>RSVP at\u00e9 10\/09<\/h3>\n<p><a href=\"mailto:eventos@swedcham.com.br?subject=Evento%2010%2F09\" target=\"_blank\" rel=\"noopener noreferrer\" data-cke-saved-href=\"mailto:eventos@swedcham.com.br?subject=Evento%2010%2F09\">eventos@swedcham.com.br<\/a><\/p>\n<p>O link de acesso \u00e0 live ser\u00e1 enviado antes\u00a0do evento para todos que confirmarem sua participa\u00e7\u00e3o.<\/p>\n<p>Evento para associados e convidados da Swedcham, incluindo todos os colaboradores nas empresas<\/p>\n<div><\/div>\n<h3><strong>Organiza\u00e7\u00e3o:<\/strong><\/h3>\n<div>\n<p><img loading=\"lazy\" decoding=\"async\" class=\"alignnone\" src=\"https:\/\/gallery.mailchimp.com\/9a53a6aa1cef2bc498bbe264b\/images\/07dc0c57-417f-4228-99c2-07ee3298d549.jpg\" alt=\"\" width=\"160\" height=\"54\" \/><\/p>\n<p><img loading=\"lazy\" decoding=\"async\" class=\"alignleft wp-image-21300\" src=\"https:\/\/www.swedcham.com.br\/wp-content\/uploads\/2020\/09\/logo-now-300x116.jpg\" alt=\"\" width=\"139\" height=\"54\" srcset=\"https:\/\/www.swedcham.com.br\/wp-content\/uploads\/2020\/09\/logo-now-300x116.jpg 300w, https:\/\/www.swedcham.com.br\/wp-content\/uploads\/2020\/09\/logo-now.jpg 331w\" sizes=\"auto, (max-width: 139px) 100vw, 139px\" \/><\/p>\n<\/div>\n","protected":false},"excerpt":{"rendered":"<p>Preparando o passaporte para quando pudermos viajar &#8211; conhe\u00e7a a Su\u00e9cia por outros \u00e2ngulos\u00a0 Restaurantes sem desperd\u00edcio, programas de wellness,<\/p>\n","protected":false},"featured_media":0,"template":"","meta":[],"product_brand":[],"product_cat":[228],"product_tag":[],"class_list":{"0":"post-21302","1":"product","2":"type-product","3":"status-publish","5":"product_cat-our-events","7":"first","8":"instock","9":"shipping-taxable","10":"product-type-simple"},"_links":{"self":[{"href":"https:\/\/www.swedcham.com.br\/en\/wp-json\/wp\/v2\/product\/21302","targetHints":{"allow":["GET"]}}],"collection":[{"href":"https:\/\/www.swedcham.com.br\/en\/wp-json\/wp\/v2\/product"}],"about":[{"href":"https:\/\/www.swedcham.com.br\/en\/wp-json\/wp\/v2\/types\/product"}],"wp:attachment":[{"href":"https:\/\/www.swedcham.com.br\/en\/wp-json\/wp\/v2\/media?parent=21302"}],"wp:term":[{"taxonomy":"product_brand","embeddable":true,"href":"https:\/\/www.swedcham.com.br\/en\/wp-json\/wp\/v2\/product_brand?post=21302"},{"taxonomy":"product_cat","embeddable":true,"href":"https:\/\/www.swedcham.com.br\/en\/wp-json\/wp\/v2\/product_cat?post=21302"},{"taxonomy":"product_tag","embeddable":true,"href":"https:\/\/www.swedcham.com.br\/en\/wp-json\/wp\/v2\/product_tag?post=21302"}],"curies":[{"name":"wp","href":"https:\/\/api.w.org\/{rel}","templated":true}]}}