{"id":21153,"date":"2020-08-04T14:28:55","date_gmt":"2020-08-04T17:28:55","guid":{"rendered":"https:\/\/www.swedcham.com.br\/events\/coming-events\/por-que-responsabilidade-social-corporativa-e-um-diferencial-competitivo-e-impacta-negocios\/"},"modified":"2020-12-17T12:05:10","modified_gmt":"2020-12-17T15:05:10","slug":"por-que-responsabilidade-social-corporativa-e-um-diferencial-competitivo-e-impacta-negocios","status":"publish","type":"product","link":"https:\/\/www.swedcham.com.br\/en\/product\/our-events\/por-que-responsabilidade-social-corporativa-e-um-diferencial-competitivo-e-impacta-negocios\/","title":{"rendered":"Por que Responsabilidade Social Corporativa \u00e9 um diferencial competitivo e impacta neg\u00f3cios"},"content":{"rendered":"<p><iframe loading=\"lazy\" title=\"Por que Responsabilidade Social Corporativa \u00e9 um diferencial competitivo e impacta neg\u00f3cios\" width=\"640\" height=\"360\" src=\"https:\/\/www.youtube.com\/embed\/gW1mVvB6i08?feature=oembed\" frameborder=\"0\" allow=\"accelerometer; autoplay; clipboard-write; encrypted-media; gyroscope; picture-in-picture; web-share\" referrerpolicy=\"strict-origin-when-cross-origin\" allowfullscreen><\/iframe><\/p>\n<p><strong><img loading=\"lazy\" decoding=\"async\" class=\"size-full wp-image-21151 alignnone\" src=\"https:\/\/www.swedcham.com.br\/wp-content\/uploads\/2020\/08\/3.png\" alt=\"\" width=\"259\" height=\"194\" \/><\/strong><\/p>\n<p><strong>Por que Responsabilidade Social Corporativa \u00e9 um diferencial competitivo e impacta neg\u00f3cios<\/strong><\/p>\n<p><em>&#8211; benef\u00edcios, desafios, formatos de projetos e incentivos fiscais.<\/em><\/p>\n<p>Convidamos para um debate com os seguintes convidados: <strong>Camilla H\u00f8gberg-Hoe<\/strong> &#8211; Chefe Adjunta de Miss\u00e3o &#8211; Embaixada Real da Noruega, <strong>Ana Pais <\/strong>&#8211; Head de Comunica\u00e7\u00e3o Corporativa da Yara, <strong>Cristiane Santana Silva<\/strong> &#8211; Sustainability Manager\u00a0da Statkraft, <strong>Peter Munck <\/strong>&#8211; Representante da Kolibri CARF, <strong>Ciro Dias Reis<\/strong> &#8211; Presidente da Imagem Corporativa, <strong>Giane Camargo<\/strong> &#8211;\u00a0Coordenadora de MKT da SKF<strong>,<\/strong> e <strong>Jonas Lindstr\u00f6m<\/strong> &#8211; Diretor Executivo da Swedcham.<br \/>\nModeradora:\u00a0<strong>Juliana G. Meyer Gottardi<\/strong> &#8211; Rede Cultural Beija Flor<\/p>\n\n<h3>Quando<\/h3>\n<p><span class=\"m_8215363500706865736m_-1492442068443120964mc-toc-title\">Quarta-feira, 12\/08\u00a0\u00e0s 14h<\/span><\/p>\n<p>Evento para associados da Swedcham e da NBCC, incluindo todos os colaboradores nas empresas associadas.<\/p>\n<h3 class=\"m_8215363500706865736m_-1492442068443120964m_-8622026719244850452m_-7456309968160772443m_-5953347527171562918m_-919258446742338626detail_h3\">RSVP at\u00e9\u00a012\/08<\/h3>\n<div>\n<p><a href=\"mailto:eventos@swedcham.com.br?subject=Evento%2012%2F08\" target=\"_blank\" rel=\"noopener noreferrer\" data-cke-saved-href=\"mailto:eventos@swedcham.com.br?subject=Evento%2012%2F08\"><span class=\"m_8215363500706865736m_-1492442068443120964mc-toc-title\">eventos@swedcham.com.br<\/span><\/a><\/p>\n<p>O link de acesso \u00e0 live ser\u00e1 enviado antes\u00a0do evento para todos que confirmarem sua participa\u00e7\u00e3o.<\/p>\n<\/div>\n<div><\/div>\n<div><\/div>\n<div><\/div>\n<h3><strong>Organiza\u00e7\u00e3o:<\/strong><\/h3>\n<div>\n<p><img decoding=\"async\" src=\"https:\/\/gallery.mailchimp.com\/9a53a6aa1cef2bc498bbe264b\/images\/07dc0c57-417f-4228-99c2-07ee3298d549.jpg\" \/><\/p>\n<p><img loading=\"lazy\" decoding=\"async\" class=\"alignleft size-full wp-image-13538\" src=\"https:\/\/www.swedcham.com.br\/wp-content\/uploads\/2017\/02\/nbcc-1.png\" alt=\"\" width=\"167\" height=\"124\" \/><\/p>\n<\/div>\n<h3><\/h3>\n<p>&nbsp;<\/p>\n<h3><strong>\u00a0<\/strong><\/h3>\n<p>&nbsp;<\/p>\n","protected":false},"excerpt":{"rendered":"<p>Por que Responsabilidade Social Corporativa \u00e9 um diferencial competitivo e impacta neg\u00f3cios &#8211; benef\u00edcios, desafios, formatos de projetos e incentivos<\/p>\n","protected":false},"featured_media":0,"template":"","meta":[],"product_brand":[],"product_cat":[228],"product_tag":[],"class_list":{"0":"post-21153","1":"product","2":"type-product","3":"status-publish","5":"product_cat-our-events","7":"first","8":"instock","9":"shipping-taxable","10":"product-type-simple"},"_links":{"self":[{"href":"https:\/\/www.swedcham.com.br\/en\/wp-json\/wp\/v2\/product\/21153","targetHints":{"allow":["GET"]}}],"collection":[{"href":"https:\/\/www.swedcham.com.br\/en\/wp-json\/wp\/v2\/product"}],"about":[{"href":"https:\/\/www.swedcham.com.br\/en\/wp-json\/wp\/v2\/types\/product"}],"wp:attachment":[{"href":"https:\/\/www.swedcham.com.br\/en\/wp-json\/wp\/v2\/media?parent=21153"}],"wp:term":[{"taxonomy":"product_brand","embeddable":true,"href":"https:\/\/www.swedcham.com.br\/en\/wp-json\/wp\/v2\/product_brand?post=21153"},{"taxonomy":"product_cat","embeddable":true,"href":"https:\/\/www.swedcham.com.br\/en\/wp-json\/wp\/v2\/product_cat?post=21153"},{"taxonomy":"product_tag","embeddable":true,"href":"https:\/\/www.swedcham.com.br\/en\/wp-json\/wp\/v2\/product_tag?post=21153"}],"curies":[{"name":"wp","href":"https:\/\/api.w.org\/{rel}","templated":true}]}}