{"id":21136,"date":"2020-07-31T10:48:54","date_gmt":"2020-07-31T13:48:54","guid":{"rendered":"https:\/\/www.swedcham.com.br\/events\/coming-events\/a-aceleracao-da-digitalizacao-na-era-5g\/"},"modified":"2020-12-17T12:05:56","modified_gmt":"2020-12-17T15:05:56","slug":"a-aceleracao-da-digitalizacao-na-era-5g","status":"publish","type":"product","link":"https:\/\/www.swedcham.com.br\/en\/product\/our-events\/a-aceleracao-da-digitalizacao-na-era-5g\/","title":{"rendered":"A acelera\u00e7\u00e3o da digitaliza\u00e7\u00e3o na era 5G"},"content":{"rendered":"<div>\n<p><strong><span style=\"font-size: large;\">A acelera\u00e7\u00e3o da digitaliza\u00e7\u00e3o na era 5G<\/span><\/strong><\/p>\n<p><iframe loading=\"lazy\" title=\"A acelera\u00e7\u00e3o da digitaliza\u00e7\u00e3o na era 5G\" width=\"640\" height=\"360\" src=\"https:\/\/www.youtube.com\/embed\/myGgfolCKJ0?feature=oembed\" frameborder=\"0\" allow=\"accelerometer; autoplay; clipboard-write; encrypted-media; gyroscope; picture-in-picture; web-share\" referrerpolicy=\"strict-origin-when-cross-origin\" allowfullscreen><\/iframe><\/p>\n<p>Em um evento \u00fanico, profissionais da <a href=\"https:\/\/www.ericsson.com\/en\" target=\"_blank\" rel=\"noopener noreferrer\" data-cke-saved-href=\"https:\/\/www.ericsson.com\/en\">Ericsson<\/a>,\u00a0<a href=\"https:\/\/www.similarweb.com\/pt\/\" target=\"_blank\" rel=\"noopener noreferrer\" data-cke-saved-href=\"https:\/\/www.similarweb.com\/pt\/\">SimilarWeb<\/a> e do\u00a0<a href=\"https:\/\/www.bexs.com.br\/?gclid=EAIaIQobChMI0_KPxa316gIVBgqRCh10agMPEAAYASAAEgKlevD_BwE\" target=\"_blank\" rel=\"noopener noreferrer\" data-cke-saved-href=\"https:\/\/www.bexs.com.br\/?gclid=EAIaIQobChMI0_KPxa316gIVBgqRCh10agMPEAAYASAAEgKlevD_BwE\">Bexs Banco\u00a0<\/a>ir\u00e3o compartilhar seus\u00a0insights sobre o cen\u00e1rio tecnol\u00f3gico com a entrada do 5G e o novo comportamento de consumo online.<\/p>\n<p>Moderador: S\u00e9rgio Quiroga da Cunha, presidente da C\u00e2mara Sueca.<\/p>\n<p><strong>N\u00e3o percam!\u00a0<\/strong><\/p>\n<p class=\"m_3630756642185695850normal\" style=\"text-align: left;\"><img loading=\"lazy\" decoding=\"async\" class=\"wp-image-21126 size-full alignleft\" src=\"https:\/\/www.swedcham.com.br\/wp-content\/uploads\/2020\/07\/h2.jpg\" alt=\"\" width=\"143\" height=\"150\" \/><\/p>\n<p style=\"font-weight: 400;\"><strong>Hans Sj\u00f6gren<\/strong>\u00a0possui mais de 25 anos de experi\u00eancia na ind\u00fastria de telecomunica\u00e7\u00f5es e atualmente trabalha como Diretor de Estrat\u00e9gia na Ericsson, onde seu foco tem sido a introdu\u00e7\u00e3o de 5G e IoT com operadoras de telecomunica\u00e7\u00f5es na Escandin\u00e1via.<\/p>\n<\/div>\n<p>\u00a0<\/p>\n<p>\u00a0<\/p>\n<div>\n<p class=\"m_3630756642185695850normal\" style=\"text-align: left;\"><img loading=\"lazy\" decoding=\"async\" class=\"alignleft wp-image-21128 size-thumbnail\" src=\"https:\/\/www.swedcham.com.br\/wp-content\/uploads\/2020\/07\/Edvaldo-150x150.jpg\" alt=\"\" width=\"150\" height=\"150\" srcset=\"https:\/\/www.swedcham.com.br\/wp-content\/uploads\/2020\/07\/Edvaldo-150x150.jpg 150w, https:\/\/www.swedcham.com.br\/wp-content\/uploads\/2020\/07\/Edvaldo-300x300.jpg 300w, https:\/\/www.swedcham.com.br\/wp-content\/uploads\/2020\/07\/Edvaldo-100x100.jpg 100w\" sizes=\"auto, (max-width: 150px) 100vw, 150px\" \/><\/p>\n<p><strong>Edvaldo Santos<\/strong>\u00a0\u00e9 diretor de Pesquisa, Desenvolvimento e Inova\u00e7\u00e3o da Ericsson para o Cone Sul. E, como tal, lidera atividades voltadas \u00e0s redes 5G, rob\u00f3tica em nuvem para manufatura avan\u00e7ada, ve\u00edculos aut\u00f4nomos, Redes program\u00e1veis e sistemas voltados \u00e0 digitaliza\u00e7\u00e3o dos neg\u00f3cios dos operadores de Telecomunica\u00e7\u00f5es.<\/p>\n<\/div>\n<p>\u00a0<\/p>\n<p>\u00a0<\/p>\n<p class=\"m_3630756642185695850normal\" style=\"text-align: left;\"><img loading=\"lazy\" decoding=\"async\" class=\"alignleft wp-image-21130 size-thumbnail\" src=\"https:\/\/www.swedcham.com.br\/wp-content\/uploads\/2020\/07\/Urgel-Augustin-150x150.jpg\" alt=\"\" width=\"150\" height=\"150\" srcset=\"https:\/\/www.swedcham.com.br\/wp-content\/uploads\/2020\/07\/Urgel-Augustin-150x150.jpg 150w, https:\/\/www.swedcham.com.br\/wp-content\/uploads\/2020\/07\/Urgel-Augustin-100x100.jpg 100w, https:\/\/www.swedcham.com.br\/wp-content\/uploads\/2020\/07\/Urgel-Augustin.jpg 200w\" sizes=\"auto, (max-width: 150px) 100vw, 150px\" \/><\/p>\n<div><strong>Urgel Augustin <\/strong>\u00e9<strong>\u00a0<\/strong>CEO da Alpha, empresa especializada em expans\u00e3o de neg\u00f3cios que atua na expans\u00e3o da empresa israelense de intelig\u00eancia SimilarWeb na Am\u00e9rica Latina, onde \u00e9 Diretor de Vendas e Customer Success. Possui experi\u00eancia com estrat\u00e9gias de expans\u00e3o de neg\u00f3cios tecnol\u00f3gicos, benchmark de Mercado e otimiza\u00e7\u00e3o de opera\u00e7\u00f5es. Atua com empresas l\u00edderes nos segmentos financeiros, fundos de investimento, CPG, tecnologia, e-commerce e ag\u00eancias.<\/div>\n<div><\/div>\n<div><\/div>\n<div><\/div>\n<div><\/div>\n<div><\/div>\n<div><\/div>\n<div><\/div>\n<div><\/div>\n<div><\/div>\n<div><\/div>\n<div>\n\n<h3><img loading=\"lazy\" decoding=\"async\" class=\"wp-image-21134 size-full aligncenter\" src=\"https:\/\/www.swedcham.com.br\/wp-content\/uploads\/2020\/07\/evento2-1.jpg\" alt=\"\" width=\"549\" height=\"73\" srcset=\"https:\/\/www.swedcham.com.br\/wp-content\/uploads\/2020\/07\/evento2-1.jpg 549w, https:\/\/www.swedcham.com.br\/wp-content\/uploads\/2020\/07\/evento2-1-300x40.jpg 300w\" sizes=\"auto, (max-width: 549px) 100vw, 549px\" \/><\/h3>\n<h3><\/h3>\n<h3><\/h3>\n<h3><\/h3>\n<h3><\/h3>\n<h3>Quando<\/h3>\n<p><span class=\"m_8215363500706865736m_-1492442068443120964mc-toc-title\">Quinta-feira, 13 de agosto \u00e0s 15h<\/span><\/p>\n<h3>RSVP at\u00e9 13\u00a0de agosto<\/h3>\n<div>\n<p><a href=\"mailto:eventos@swedcham.com.br?subject=Evento%2013%20de%20agosto\" target=\"_blank\" rel=\"noopener noreferrer\" data-cke-saved-href=\"mailto:eventos@swedcham.com.br?subject=Evento%2013%20de%20agosto\">eventos@swedcham.com.br<\/a><\/p>\n<p>O link de acesso \u00e0 live ser\u00e1 enviado\u00a0antes do evento para todos que confirmarem sua participa\u00e7\u00e3o.<\/p>\n<\/div>\n<\/div>\n<div><\/div>\n<div><strong>Organiza\u00e7\u00e3o:<\/strong><\/div>\n<div><\/div>\n<div><img loading=\"lazy\" decoding=\"async\" class=\"alignleft wp-image-2040 size-full\" src=\"https:\/\/www.swedcham.com.br\/wp-content\/uploads\/2014\/07\/logo-swedcham.gif\" alt=\"\" width=\"210\" height=\"72\" \/><\/div>\n<p>\u00a0<\/p>\n","protected":false},"excerpt":{"rendered":"<p>A acelera\u00e7\u00e3o da digitaliza\u00e7\u00e3o na era 5G Em um evento \u00fanico, profissionais da Ericsson,\u00a0SimilarWeb e do\u00a0Bexs Banco\u00a0ir\u00e3o compartilhar seus\u00a0insights sobre<\/p>\n","protected":false},"featured_media":0,"template":"","meta":[],"product_brand":[],"product_cat":[228],"product_tag":[],"class_list":{"0":"post-21136","1":"product","2":"type-product","3":"status-publish","5":"product_cat-our-events","7":"first","8":"instock","9":"shipping-taxable","10":"product-type-simple"},"_links":{"self":[{"href":"https:\/\/www.swedcham.com.br\/en\/wp-json\/wp\/v2\/product\/21136","targetHints":{"allow":["GET"]}}],"collection":[{"href":"https:\/\/www.swedcham.com.br\/en\/wp-json\/wp\/v2\/product"}],"about":[{"href":"https:\/\/www.swedcham.com.br\/en\/wp-json\/wp\/v2\/types\/product"}],"wp:attachment":[{"href":"https:\/\/www.swedcham.com.br\/en\/wp-json\/wp\/v2\/media?parent=21136"}],"wp:term":[{"taxonomy":"product_brand","embeddable":true,"href":"https:\/\/www.swedcham.com.br\/en\/wp-json\/wp\/v2\/product_brand?post=21136"},{"taxonomy":"product_cat","embeddable":true,"href":"https:\/\/www.swedcham.com.br\/en\/wp-json\/wp\/v2\/product_cat?post=21136"},{"taxonomy":"product_tag","embeddable":true,"href":"https:\/\/www.swedcham.com.br\/en\/wp-json\/wp\/v2\/product_tag?post=21136"}],"curies":[{"name":"wp","href":"https:\/\/api.w.org\/{rel}","templated":true}]}}